{"id":6688,"date":"2020-06-26T11:48:27","date_gmt":"2020-06-26T09:48:27","guid":{"rendered":"http:\/\/cranbalt.com\/?page_id=6688"},"modified":"2022-04-19T15:01:47","modified_gmt":"2022-04-19T13:01:47","slug":"nyheter","status":"publish","type":"page","link":"https:\/\/cranbalt.com\/sv\/om-oss\/nyheter\/","title":{"rendered":"Nyheter"},"content":{"rendered":"","protected":false},"excerpt":{"rendered":"","protected":false},"author":8,"featured_media":0,"parent":2356,"menu_order":33,"comment_status":"closed","ping_status":"closed","template":"templates\/news.php","meta":{"_acf_changed":false,"om_disable_all_campaigns":false,"inline_featured_image":false,"_monsterinsights_skip_tracking":false,"_monsterinsights_sitenote_active":false,"_monsterinsights_sitenote_note":"","_monsterinsights_sitenote_category":0,"footnotes":""},"class_list":["post-6688","page","type-page","status-publish","hentry"],"acf":[],"yoast_head":"<!-- This site is optimized with the Yoast SEO plugin v27.3 - https:\/\/yoast.com\/product\/yoast-seo-wordpress\/ -->\n<title>L\u00e4s nyheter fr\u00e5n v\u00e5rt f\u00f6retag och v\u00e5ra projekt | Cranbalt<\/title>\n<meta name=\"description\" content=\"\u00c4r du nyfiken p\u00e5 vad som p\u00e5g\u00e5r i Cranbalt-v\u00e4rlden? H\u00e4r hittar du nyheter och uppdateringar om h\u00e4ndelser inom f\u00f6retaget och v\u00e5ra projekt i Sverige och Baltikum\" \/>\n<meta name=\"robots\" content=\"index, follow, max-snippet:-1, max-image-preview:large, max-video-preview:-1\" \/>\n<link rel=\"canonical\" href=\"https:\/\/cranbalt.com\/sv\/om-oss\/nyheter\/\" \/>\n<script type=\"application\/ld+json\" class=\"yoast-schema-graph\">{\"@context\":\"https:\\\/\\\/schema.org\",\"@graph\":[{\"@type\":\"WebPage\",\"@id\":\"https:\\\/\\\/cranbalt.com\\\/sv\\\/om-oss\\\/nyheter\\\/\",\"url\":\"https:\\\/\\\/cranbalt.com\\\/sv\\\/om-oss\\\/nyheter\\\/\",\"name\":\"L\u00e4s nyheter fr\u00e5n v\u00e5rt f\u00f6retag och v\u00e5ra projekt | Cranbalt\",\"isPartOf\":{\"@id\":\"https:\\\/\\\/cranbalt.com\\\/lt\\\/#website\"},\"datePublished\":\"2020-06-26T09:48:27+00:00\",\"dateModified\":\"2022-04-19T13:01:47+00:00\",\"description\":\"\u00c4r du nyfiken p\u00e5 vad som p\u00e5g\u00e5r i Cranbalt-v\u00e4rlden? H\u00e4r hittar du nyheter och uppdateringar om h\u00e4ndelser inom f\u00f6retaget och v\u00e5ra projekt i Sverige och Baltikum\",\"breadcrumb\":{\"@id\":\"https:\\\/\\\/cranbalt.com\\\/sv\\\/om-oss\\\/nyheter\\\/#breadcrumb\"},\"inLanguage\":\"sv-SE\",\"potentialAction\":[{\"@type\":\"ReadAction\",\"target\":[\"https:\\\/\\\/cranbalt.com\\\/sv\\\/om-oss\\\/nyheter\\\/\"]}]},{\"@type\":\"BreadcrumbList\",\"@id\":\"https:\\\/\\\/cranbalt.com\\\/sv\\\/om-oss\\\/nyheter\\\/#breadcrumb\",\"itemListElement\":[{\"@type\":\"ListItem\",\"position\":1,\"name\":\"Home\",\"item\":\"https:\\\/\\\/cranbalt.com\\\/sv\\\/\"},{\"@type\":\"ListItem\",\"position\":2,\"name\":\"Om oss\",\"item\":\"https:\\\/\\\/cranbalt.com\\\/sv\\\/om-oss\\\/\"},{\"@type\":\"ListItem\",\"position\":3,\"name\":\"Nyheter\"}]},{\"@type\":\"WebSite\",\"@id\":\"https:\\\/\\\/cranbalt.com\\\/lt\\\/#website\",\"url\":\"https:\\\/\\\/cranbalt.com\\\/lt\\\/\",\"name\":\"Cranbalt\",\"description\":\"\",\"inLanguage\":\"sv-SE\"}]}<\/script>\n<!-- \/ Yoast SEO plugin. -->","yoast_head_json":{"title":"L\u00e4s nyheter fr\u00e5n v\u00e5rt f\u00f6retag och v\u00e5ra projekt | Cranbalt","description":"\u00c4r du nyfiken p\u00e5 vad som p\u00e5g\u00e5r i Cranbalt-v\u00e4rlden? H\u00e4r hittar du nyheter och uppdateringar om h\u00e4ndelser inom f\u00f6retaget och v\u00e5ra projekt i Sverige och Baltikum","robots":{"index":"index","follow":"follow","max-snippet":"max-snippet:-1","max-image-preview":"max-image-preview:large","max-video-preview":"max-video-preview:-1"},"canonical":"https:\/\/cranbalt.com\/sv\/om-oss\/nyheter\/","schema":{"@context":"https:\/\/schema.org","@graph":[{"@type":"WebPage","@id":"https:\/\/cranbalt.com\/sv\/om-oss\/nyheter\/","url":"https:\/\/cranbalt.com\/sv\/om-oss\/nyheter\/","name":"L\u00e4s nyheter fr\u00e5n v\u00e5rt f\u00f6retag och v\u00e5ra projekt | Cranbalt","isPartOf":{"@id":"https:\/\/cranbalt.com\/lt\/#website"},"datePublished":"2020-06-26T09:48:27+00:00","dateModified":"2022-04-19T13:01:47+00:00","description":"\u00c4r du nyfiken p\u00e5 vad som p\u00e5g\u00e5r i Cranbalt-v\u00e4rlden? H\u00e4r hittar du nyheter och uppdateringar om h\u00e4ndelser inom f\u00f6retaget och v\u00e5ra projekt i Sverige och Baltikum","breadcrumb":{"@id":"https:\/\/cranbalt.com\/sv\/om-oss\/nyheter\/#breadcrumb"},"inLanguage":"sv-SE","potentialAction":[{"@type":"ReadAction","target":["https:\/\/cranbalt.com\/sv\/om-oss\/nyheter\/"]}]},{"@type":"BreadcrumbList","@id":"https:\/\/cranbalt.com\/sv\/om-oss\/nyheter\/#breadcrumb","itemListElement":[{"@type":"ListItem","position":1,"name":"Home","item":"https:\/\/cranbalt.com\/sv\/"},{"@type":"ListItem","position":2,"name":"Om oss","item":"https:\/\/cranbalt.com\/sv\/om-oss\/"},{"@type":"ListItem","position":3,"name":"Nyheter"}]},{"@type":"WebSite","@id":"https:\/\/cranbalt.com\/lt\/#website","url":"https:\/\/cranbalt.com\/lt\/","name":"Cranbalt","description":"","inLanguage":"sv-SE"}]}},"_links":{"self":[{"href":"https:\/\/cranbalt.com\/sv\/wp-json\/wp\/v2\/pages\/6688","targetHints":{"allow":["GET"]}}],"collection":[{"href":"https:\/\/cranbalt.com\/sv\/wp-json\/wp\/v2\/pages"}],"about":[{"href":"https:\/\/cranbalt.com\/sv\/wp-json\/wp\/v2\/types\/page"}],"author":[{"embeddable":true,"href":"https:\/\/cranbalt.com\/sv\/wp-json\/wp\/v2\/users\/8"}],"replies":[{"embeddable":true,"href":"https:\/\/cranbalt.com\/sv\/wp-json\/wp\/v2\/comments?post=6688"}],"version-history":[{"count":2,"href":"https:\/\/cranbalt.com\/sv\/wp-json\/wp\/v2\/pages\/6688\/revisions"}],"predecessor-version":[{"id":6696,"href":"https:\/\/cranbalt.com\/sv\/wp-json\/wp\/v2\/pages\/6688\/revisions\/6696"}],"up":[{"embeddable":true,"href":"https:\/\/cranbalt.com\/sv\/wp-json\/wp\/v2\/pages\/2356"}],"wp:attachment":[{"href":"https:\/\/cranbalt.com\/sv\/wp-json\/wp\/v2\/media?parent=6688"}],"curies":[{"name":"wp","href":"https:\/\/api.w.org\/{rel}","templated":true}]}}