{"id":425,"date":"2017-12-16T10:13:54","date_gmt":"2017-12-16T10:13:54","guid":{"rendered":"http:\/\/cranbalt.com\/?page_id=425"},"modified":"2025-07-22T11:59:54","modified_gmt":"2025-07-22T09:59:54","slug":"framsida","status":"publish","type":"page","link":"https:\/\/cranbalt.com\/sv\/","title":{"rendered":"Framsida"},"content":{"rendered":"","protected":false},"excerpt":{"rendered":"","protected":false},"author":1,"featured_media":0,"parent":0,"menu_order":25,"comment_status":"closed","ping_status":"closed","template":"","meta":{"_acf_changed":false,"om_disable_all_campaigns":false,"inline_featured_image":false,"_monsterinsights_skip_tracking":false,"_monsterinsights_sitenote_active":false,"_monsterinsights_sitenote_note":"","_monsterinsights_sitenote_category":0,"footnotes":""},"class_list":["post-425","page","type-page","status-publish","hentry"],"acf":[],"yoast_head":"<!-- This site is optimized with the Yoast SEO plugin v27.4 - https:\/\/yoast.com\/product\/yoast-seo-wordpress\/ -->\n<title>Hyr torn- och industrikranar av h\u00f6gsta kvalitet | Cranbalt<\/title>\n<meta name=\"description\" content=\"Ditt s\u00e4kra val inom uthyrning av h\u00f6gkvalitativa tornkranar, tillverkning av industrikranar och andra st\u00e5lkonstruktioner.\" \/>\n<meta name=\"robots\" content=\"index, follow, max-snippet:-1, max-image-preview:large, max-video-preview:-1\" \/>\n<link rel=\"canonical\" href=\"https:\/\/cranbalt.com\/sv\/\" \/>\n<script type=\"application\/ld+json\" class=\"yoast-schema-graph\">{\"@context\":\"https:\\\/\\\/schema.org\",\"@graph\":[{\"@type\":\"WebPage\",\"@id\":\"https:\\\/\\\/cranbalt.com\\\/sv\\\/\",\"url\":\"https:\\\/\\\/cranbalt.com\\\/sv\\\/\",\"name\":\"Hyr torn- och industrikranar av h\u00f6gsta kvalitet | Cranbalt\",\"isPartOf\":{\"@id\":\"https:\\\/\\\/cranbalt.com\\\/lt\\\/#website\"},\"datePublished\":\"2017-12-16T10:13:54+00:00\",\"dateModified\":\"2025-07-22T09:59:54+00:00\",\"description\":\"Ditt s\u00e4kra val inom uthyrning av h\u00f6gkvalitativa tornkranar, tillverkning av industrikranar och andra st\u00e5lkonstruktioner.\",\"breadcrumb\":{\"@id\":\"https:\\\/\\\/cranbalt.com\\\/sv\\\/#breadcrumb\"},\"inLanguage\":\"sv-SE\",\"potentialAction\":[{\"@type\":\"ReadAction\",\"target\":[\"https:\\\/\\\/cranbalt.com\\\/sv\\\/\"]}]},{\"@type\":\"BreadcrumbList\",\"@id\":\"https:\\\/\\\/cranbalt.com\\\/sv\\\/#breadcrumb\",\"itemListElement\":[{\"@type\":\"ListItem\",\"position\":1,\"name\":\"Home\",\"item\":\"https:\\\/\\\/cranbalt.com\\\/sv\\\/\"},{\"@type\":\"ListItem\",\"position\":2,\"name\":\"Framsida\"}]},{\"@type\":\"WebSite\",\"@id\":\"https:\\\/\\\/cranbalt.com\\\/lt\\\/#website\",\"url\":\"https:\\\/\\\/cranbalt.com\\\/lt\\\/\",\"name\":\"Cranbalt\",\"description\":\"\",\"inLanguage\":\"sv-SE\"}]}<\/script>\n<!-- \/ Yoast SEO plugin. -->","yoast_head_json":{"title":"Hyr torn- och industrikranar av h\u00f6gsta kvalitet | Cranbalt","description":"Ditt s\u00e4kra val inom uthyrning av h\u00f6gkvalitativa tornkranar, tillverkning av industrikranar och andra st\u00e5lkonstruktioner.","robots":{"index":"index","follow":"follow","max-snippet":"max-snippet:-1","max-image-preview":"max-image-preview:large","max-video-preview":"max-video-preview:-1"},"canonical":"https:\/\/cranbalt.com\/sv\/","schema":{"@context":"https:\/\/schema.org","@graph":[{"@type":"WebPage","@id":"https:\/\/cranbalt.com\/sv\/","url":"https:\/\/cranbalt.com\/sv\/","name":"Hyr torn- och industrikranar av h\u00f6gsta kvalitet | Cranbalt","isPartOf":{"@id":"https:\/\/cranbalt.com\/lt\/#website"},"datePublished":"2017-12-16T10:13:54+00:00","dateModified":"2025-07-22T09:59:54+00:00","description":"Ditt s\u00e4kra val inom uthyrning av h\u00f6gkvalitativa tornkranar, tillverkning av industrikranar och andra st\u00e5lkonstruktioner.","breadcrumb":{"@id":"https:\/\/cranbalt.com\/sv\/#breadcrumb"},"inLanguage":"sv-SE","potentialAction":[{"@type":"ReadAction","target":["https:\/\/cranbalt.com\/sv\/"]}]},{"@type":"BreadcrumbList","@id":"https:\/\/cranbalt.com\/sv\/#breadcrumb","itemListElement":[{"@type":"ListItem","position":1,"name":"Home","item":"https:\/\/cranbalt.com\/sv\/"},{"@type":"ListItem","position":2,"name":"Framsida"}]},{"@type":"WebSite","@id":"https:\/\/cranbalt.com\/lt\/#website","url":"https:\/\/cranbalt.com\/lt\/","name":"Cranbalt","description":"","inLanguage":"sv-SE"}]}},"_links":{"self":[{"href":"https:\/\/cranbalt.com\/sv\/wp-json\/wp\/v2\/pages\/425","targetHints":{"allow":["GET"]}}],"collection":[{"href":"https:\/\/cranbalt.com\/sv\/wp-json\/wp\/v2\/pages"}],"about":[{"href":"https:\/\/cranbalt.com\/sv\/wp-json\/wp\/v2\/types\/page"}],"author":[{"embeddable":true,"href":"https:\/\/cranbalt.com\/sv\/wp-json\/wp\/v2\/users\/1"}],"replies":[{"embeddable":true,"href":"https:\/\/cranbalt.com\/sv\/wp-json\/wp\/v2\/comments?post=425"}],"version-history":[{"count":7,"href":"https:\/\/cranbalt.com\/sv\/wp-json\/wp\/v2\/pages\/425\/revisions"}],"predecessor-version":[{"id":29366,"href":"https:\/\/cranbalt.com\/sv\/wp-json\/wp\/v2\/pages\/425\/revisions\/29366"}],"wp:attachment":[{"href":"https:\/\/cranbalt.com\/sv\/wp-json\/wp\/v2\/media?parent=425"}],"curies":[{"name":"wp","href":"https:\/\/api.w.org\/{rel}","templated":true}]}}