{"id":2634,"date":"2018-02-10T13:37:22","date_gmt":"2018-02-10T13:37:22","guid":{"rendered":"http:\/\/cranbalt.com\/produktion\/crane-components\/"},"modified":"2025-07-28T13:13:57","modified_gmt":"2025-07-28T10:13:57","slug":"kran-komponenter","status":"publish","type":"page","link":"https:\/\/cranbalt.com\/sv\/tillverkning\/kran-komponenter\/","title":{"rendered":"Krankomponenter"},"content":{"rendered":"","protected":false},"excerpt":{"rendered":"","protected":false},"author":1,"featured_media":0,"parent":2426,"menu_order":61,"comment_status":"closed","ping_status":"closed","template":"templates\/kranu-komponentai.php","meta":{"_acf_changed":false,"om_disable_all_campaigns":false,"inline_featured_image":false,"_monsterinsights_skip_tracking":false,"_monsterinsights_sitenote_active":false,"_monsterinsights_sitenote_note":"","_monsterinsights_sitenote_category":0,"footnotes":""},"class_list":["post-2634","page","type-page","status-publish","hentry"],"acf":[],"yoast_head":"<!-- This site is optimized with the Yoast SEO plugin v27.4 - https:\/\/yoast.com\/product\/yoast-seo-wordpress\/ -->\n<title>V\u00e5ra krandelar och tillbeh\u00f6r av h\u00f6gsta kvalitet | Cranbalt<\/title>\n<meta name=\"description\" content=\"Cranbalt s\u00e4ljer alla typer av krantillbeh\u00f6r och reservdelar. Vi hj\u00e4lper dig att anpassa och v\u00e4lja r\u00e4tt komponenter. Krankomponenter.\" \/>\n<meta name=\"robots\" content=\"index, follow, max-snippet:-1, max-image-preview:large, max-video-preview:-1\" \/>\n<link rel=\"canonical\" href=\"https:\/\/cranbalt.com\/sv\/tillverkning\/kran-komponenter\/\" \/>\n<script type=\"application\/ld+json\" class=\"yoast-schema-graph\">{\"@context\":\"https:\\\/\\\/schema.org\",\"@graph\":[{\"@type\":\"WebPage\",\"@id\":\"https:\\\/\\\/cranbalt.com\\\/sv\\\/tillverkning\\\/kran-komponenter\\\/\",\"url\":\"https:\\\/\\\/cranbalt.com\\\/sv\\\/tillverkning\\\/kran-komponenter\\\/\",\"name\":\"V\u00e5ra krandelar och tillbeh\u00f6r av h\u00f6gsta kvalitet | Cranbalt\",\"isPartOf\":{\"@id\":\"https:\\\/\\\/cranbalt.com\\\/lt\\\/#website\"},\"datePublished\":\"2018-02-10T13:37:22+00:00\",\"dateModified\":\"2025-07-28T10:13:57+00:00\",\"description\":\"Cranbalt s\u00e4ljer alla typer av krantillbeh\u00f6r och reservdelar. Vi hj\u00e4lper dig att anpassa och v\u00e4lja r\u00e4tt komponenter. Krankomponenter.\",\"breadcrumb\":{\"@id\":\"https:\\\/\\\/cranbalt.com\\\/sv\\\/tillverkning\\\/kran-komponenter\\\/#breadcrumb\"},\"inLanguage\":\"sv-SE\",\"potentialAction\":[{\"@type\":\"ReadAction\",\"target\":[\"https:\\\/\\\/cranbalt.com\\\/sv\\\/tillverkning\\\/kran-komponenter\\\/\"]}]},{\"@type\":\"BreadcrumbList\",\"@id\":\"https:\\\/\\\/cranbalt.com\\\/sv\\\/tillverkning\\\/kran-komponenter\\\/#breadcrumb\",\"itemListElement\":[{\"@type\":\"ListItem\",\"position\":1,\"name\":\"Home\",\"item\":\"https:\\\/\\\/cranbalt.com\\\/sv\\\/\"},{\"@type\":\"ListItem\",\"position\":2,\"name\":\"Tillverkning\",\"item\":\"https:\\\/\\\/cranbalt.com\\\/sv\\\/tillverkning\\\/\"},{\"@type\":\"ListItem\",\"position\":3,\"name\":\"Krankomponenter\"}]},{\"@type\":\"WebSite\",\"@id\":\"https:\\\/\\\/cranbalt.com\\\/lt\\\/#website\",\"url\":\"https:\\\/\\\/cranbalt.com\\\/lt\\\/\",\"name\":\"Cranbalt\",\"description\":\"\",\"inLanguage\":\"sv-SE\"}]}<\/script>\n<!-- \/ Yoast SEO plugin. -->","yoast_head_json":{"title":"V\u00e5ra krandelar och tillbeh\u00f6r av h\u00f6gsta kvalitet | Cranbalt","description":"Cranbalt s\u00e4ljer alla typer av krantillbeh\u00f6r och reservdelar. Vi hj\u00e4lper dig att anpassa och v\u00e4lja r\u00e4tt komponenter. Krankomponenter.","robots":{"index":"index","follow":"follow","max-snippet":"max-snippet:-1","max-image-preview":"max-image-preview:large","max-video-preview":"max-video-preview:-1"},"canonical":"https:\/\/cranbalt.com\/sv\/tillverkning\/kran-komponenter\/","schema":{"@context":"https:\/\/schema.org","@graph":[{"@type":"WebPage","@id":"https:\/\/cranbalt.com\/sv\/tillverkning\/kran-komponenter\/","url":"https:\/\/cranbalt.com\/sv\/tillverkning\/kran-komponenter\/","name":"V\u00e5ra krandelar och tillbeh\u00f6r av h\u00f6gsta kvalitet | Cranbalt","isPartOf":{"@id":"https:\/\/cranbalt.com\/lt\/#website"},"datePublished":"2018-02-10T13:37:22+00:00","dateModified":"2025-07-28T10:13:57+00:00","description":"Cranbalt s\u00e4ljer alla typer av krantillbeh\u00f6r och reservdelar. Vi hj\u00e4lper dig att anpassa och v\u00e4lja r\u00e4tt komponenter. Krankomponenter.","breadcrumb":{"@id":"https:\/\/cranbalt.com\/sv\/tillverkning\/kran-komponenter\/#breadcrumb"},"inLanguage":"sv-SE","potentialAction":[{"@type":"ReadAction","target":["https:\/\/cranbalt.com\/sv\/tillverkning\/kran-komponenter\/"]}]},{"@type":"BreadcrumbList","@id":"https:\/\/cranbalt.com\/sv\/tillverkning\/kran-komponenter\/#breadcrumb","itemListElement":[{"@type":"ListItem","position":1,"name":"Home","item":"https:\/\/cranbalt.com\/sv\/"},{"@type":"ListItem","position":2,"name":"Tillverkning","item":"https:\/\/cranbalt.com\/sv\/tillverkning\/"},{"@type":"ListItem","position":3,"name":"Krankomponenter"}]},{"@type":"WebSite","@id":"https:\/\/cranbalt.com\/lt\/#website","url":"https:\/\/cranbalt.com\/lt\/","name":"Cranbalt","description":"","inLanguage":"sv-SE"}]}},"_links":{"self":[{"href":"https:\/\/cranbalt.com\/sv\/wp-json\/wp\/v2\/pages\/2634","targetHints":{"allow":["GET"]}}],"collection":[{"href":"https:\/\/cranbalt.com\/sv\/wp-json\/wp\/v2\/pages"}],"about":[{"href":"https:\/\/cranbalt.com\/sv\/wp-json\/wp\/v2\/types\/page"}],"author":[{"embeddable":true,"href":"https:\/\/cranbalt.com\/sv\/wp-json\/wp\/v2\/users\/1"}],"replies":[{"embeddable":true,"href":"https:\/\/cranbalt.com\/sv\/wp-json\/wp\/v2\/comments?post=2634"}],"version-history":[{"count":5,"href":"https:\/\/cranbalt.com\/sv\/wp-json\/wp\/v2\/pages\/2634\/revisions"}],"predecessor-version":[{"id":2759,"href":"https:\/\/cranbalt.com\/sv\/wp-json\/wp\/v2\/pages\/2634\/revisions\/2759"}],"up":[{"embeddable":true,"href":"https:\/\/cranbalt.com\/sv\/wp-json\/wp\/v2\/pages\/2426"}],"wp:attachment":[{"href":"https:\/\/cranbalt.com\/sv\/wp-json\/wp\/v2\/media?parent=2634"}],"curies":[{"name":"wp","href":"https:\/\/api.w.org\/{rel}","templated":true}]}}