{"id":2445,"date":"2017-12-12T16:46:49","date_gmt":"2017-12-12T16:46:49","guid":{"rendered":"http:\/\/cranbalt.com\/produktion\/plieno-konstrukciju-gamyba\/"},"modified":"2025-07-28T13:08:28","modified_gmt":"2025-07-28T10:08:28","slug":"tillverkning-av-stalstrukturer","status":"publish","type":"page","link":"https:\/\/cranbalt.com\/sv\/tillverkning\/tillverkning-av-stalstrukturer\/","title":{"rendered":"Tillverkning av st\u00e5lstrukturer"},"content":{"rendered":"","protected":false},"excerpt":{"rendered":"","protected":false},"author":1,"featured_media":0,"parent":2426,"menu_order":22,"comment_status":"closed","ping_status":"closed","template":"templates\/plieno-konstrukcijos-gamyba.php","meta":{"_acf_changed":false,"om_disable_all_campaigns":false,"inline_featured_image":false,"_monsterinsights_skip_tracking":false,"_monsterinsights_sitenote_active":false,"_monsterinsights_sitenote_note":"","_monsterinsights_sitenote_category":0,"footnotes":""},"class_list":["post-2445","page","type-page","status-publish","hentry"],"acf":[],"yoast_head":"<!-- This site is optimized with the Yoast SEO plugin v27.4 - https:\/\/yoast.com\/product\/yoast-seo-wordpress\/ -->\n<title>Vi tillverkar st\u00e5lstrukturer enligt era \u00f6nskem\u00e5l | Cranbalt<\/title>\n<meta name=\"description\" content=\"Best\u00e4ll olika st\u00e5lstrukturer tillverkade enligt dina egna \u00f6nskem\u00e5l. Hos Cranbalt kan du k\u00e4nna dig trygg - vi garanterar alltid produkter.\" \/>\n<meta name=\"robots\" content=\"index, follow, max-snippet:-1, max-image-preview:large, max-video-preview:-1\" \/>\n<link rel=\"canonical\" href=\"https:\/\/cranbalt.com\/sv\/tillverkning\/tillverkning-av-stalstrukturer\/\" \/>\n<script type=\"application\/ld+json\" class=\"yoast-schema-graph\">{\"@context\":\"https:\\\/\\\/schema.org\",\"@graph\":[{\"@type\":\"WebPage\",\"@id\":\"https:\\\/\\\/cranbalt.com\\\/sv\\\/tillverkning\\\/tillverkning-av-stalstrukturer\\\/\",\"url\":\"https:\\\/\\\/cranbalt.com\\\/sv\\\/tillverkning\\\/tillverkning-av-stalstrukturer\\\/\",\"name\":\"Vi tillverkar st\u00e5lstrukturer enligt era \u00f6nskem\u00e5l | Cranbalt\",\"isPartOf\":{\"@id\":\"https:\\\/\\\/cranbalt.com\\\/lt\\\/#website\"},\"datePublished\":\"2017-12-12T16:46:49+00:00\",\"dateModified\":\"2025-07-28T10:08:28+00:00\",\"description\":\"Best\u00e4ll olika st\u00e5lstrukturer tillverkade enligt dina egna \u00f6nskem\u00e5l. Hos Cranbalt kan du k\u00e4nna dig trygg - vi garanterar alltid produkter.\",\"breadcrumb\":{\"@id\":\"https:\\\/\\\/cranbalt.com\\\/sv\\\/tillverkning\\\/tillverkning-av-stalstrukturer\\\/#breadcrumb\"},\"inLanguage\":\"sv-SE\",\"potentialAction\":[{\"@type\":\"ReadAction\",\"target\":[\"https:\\\/\\\/cranbalt.com\\\/sv\\\/tillverkning\\\/tillverkning-av-stalstrukturer\\\/\"]}]},{\"@type\":\"BreadcrumbList\",\"@id\":\"https:\\\/\\\/cranbalt.com\\\/sv\\\/tillverkning\\\/tillverkning-av-stalstrukturer\\\/#breadcrumb\",\"itemListElement\":[{\"@type\":\"ListItem\",\"position\":1,\"name\":\"Home\",\"item\":\"https:\\\/\\\/cranbalt.com\\\/sv\\\/\"},{\"@type\":\"ListItem\",\"position\":2,\"name\":\"Tillverkning\",\"item\":\"https:\\\/\\\/cranbalt.com\\\/sv\\\/tillverkning\\\/\"},{\"@type\":\"ListItem\",\"position\":3,\"name\":\"Tillverkning av st\u00e5lstrukturer\"}]},{\"@type\":\"WebSite\",\"@id\":\"https:\\\/\\\/cranbalt.com\\\/lt\\\/#website\",\"url\":\"https:\\\/\\\/cranbalt.com\\\/lt\\\/\",\"name\":\"Cranbalt\",\"description\":\"\",\"inLanguage\":\"sv-SE\"}]}<\/script>\n<!-- \/ Yoast SEO plugin. -->","yoast_head_json":{"title":"Vi tillverkar st\u00e5lstrukturer enligt era \u00f6nskem\u00e5l | Cranbalt","description":"Best\u00e4ll olika st\u00e5lstrukturer tillverkade enligt dina egna \u00f6nskem\u00e5l. Hos Cranbalt kan du k\u00e4nna dig trygg - vi garanterar alltid produkter.","robots":{"index":"index","follow":"follow","max-snippet":"max-snippet:-1","max-image-preview":"max-image-preview:large","max-video-preview":"max-video-preview:-1"},"canonical":"https:\/\/cranbalt.com\/sv\/tillverkning\/tillverkning-av-stalstrukturer\/","schema":{"@context":"https:\/\/schema.org","@graph":[{"@type":"WebPage","@id":"https:\/\/cranbalt.com\/sv\/tillverkning\/tillverkning-av-stalstrukturer\/","url":"https:\/\/cranbalt.com\/sv\/tillverkning\/tillverkning-av-stalstrukturer\/","name":"Vi tillverkar st\u00e5lstrukturer enligt era \u00f6nskem\u00e5l | Cranbalt","isPartOf":{"@id":"https:\/\/cranbalt.com\/lt\/#website"},"datePublished":"2017-12-12T16:46:49+00:00","dateModified":"2025-07-28T10:08:28+00:00","description":"Best\u00e4ll olika st\u00e5lstrukturer tillverkade enligt dina egna \u00f6nskem\u00e5l. Hos Cranbalt kan du k\u00e4nna dig trygg - vi garanterar alltid produkter.","breadcrumb":{"@id":"https:\/\/cranbalt.com\/sv\/tillverkning\/tillverkning-av-stalstrukturer\/#breadcrumb"},"inLanguage":"sv-SE","potentialAction":[{"@type":"ReadAction","target":["https:\/\/cranbalt.com\/sv\/tillverkning\/tillverkning-av-stalstrukturer\/"]}]},{"@type":"BreadcrumbList","@id":"https:\/\/cranbalt.com\/sv\/tillverkning\/tillverkning-av-stalstrukturer\/#breadcrumb","itemListElement":[{"@type":"ListItem","position":1,"name":"Home","item":"https:\/\/cranbalt.com\/sv\/"},{"@type":"ListItem","position":2,"name":"Tillverkning","item":"https:\/\/cranbalt.com\/sv\/tillverkning\/"},{"@type":"ListItem","position":3,"name":"Tillverkning av st\u00e5lstrukturer"}]},{"@type":"WebSite","@id":"https:\/\/cranbalt.com\/lt\/#website","url":"https:\/\/cranbalt.com\/lt\/","name":"Cranbalt","description":"","inLanguage":"sv-SE"}]}},"_links":{"self":[{"href":"https:\/\/cranbalt.com\/sv\/wp-json\/wp\/v2\/pages\/2445","targetHints":{"allow":["GET"]}}],"collection":[{"href":"https:\/\/cranbalt.com\/sv\/wp-json\/wp\/v2\/pages"}],"about":[{"href":"https:\/\/cranbalt.com\/sv\/wp-json\/wp\/v2\/types\/page"}],"author":[{"embeddable":true,"href":"https:\/\/cranbalt.com\/sv\/wp-json\/wp\/v2\/users\/1"}],"replies":[{"embeddable":true,"href":"https:\/\/cranbalt.com\/sv\/wp-json\/wp\/v2\/comments?post=2445"}],"version-history":[{"count":2,"href":"https:\/\/cranbalt.com\/sv\/wp-json\/wp\/v2\/pages\/2445\/revisions"}],"predecessor-version":[{"id":16574,"href":"https:\/\/cranbalt.com\/sv\/wp-json\/wp\/v2\/pages\/2445\/revisions\/16574"}],"up":[{"embeddable":true,"href":"https:\/\/cranbalt.com\/sv\/wp-json\/wp\/v2\/pages\/2426"}],"wp:attachment":[{"href":"https:\/\/cranbalt.com\/sv\/wp-json\/wp\/v2\/media?parent=2445"}],"curies":[{"name":"wp","href":"https:\/\/api.w.org\/{rel}","templated":true}]}}