{"id":2441,"date":"2017-12-13T07:05:06","date_gmt":"2017-12-13T07:05:06","guid":{"rendered":"http:\/\/cranbalt.com\/produktion\/plazminis-dujinis-metalo-pjovimas\/"},"modified":"2025-07-28T13:10:32","modified_gmt":"2025-07-28T10:10:32","slug":"proffsig-plasma-och-gasskarning","status":"publish","type":"page","link":"https:\/\/cranbalt.com\/sv\/tillverkning\/proffsig-plasma-och-gasskarning\/","title":{"rendered":"Proffsig plasma- och gassk\u00e4rning"},"content":{"rendered":"","protected":false},"excerpt":{"rendered":"","protected":false},"author":1,"featured_media":0,"parent":2426,"menu_order":36,"comment_status":"closed","ping_status":"closed","template":"templates\/single-service.php","meta":{"_acf_changed":false,"om_disable_all_campaigns":false,"inline_featured_image":false,"_monsterinsights_skip_tracking":false,"_monsterinsights_sitenote_active":false,"_monsterinsights_sitenote_note":"","_monsterinsights_sitenote_category":0,"footnotes":""},"class_list":["post-2441","page","type-page","status-publish","hentry"],"acf":[],"yoast_head":"<!-- This site is optimized with the Yoast SEO plugin v27.3 - https:\/\/yoast.com\/product\/yoast-seo-wordpress\/ -->\n<title>Professionell plasmask\u00e4rning och gassk\u00e4rning | Cranbalt<\/title>\n<meta name=\"description\" content=\"L\u00e5t oss hj\u00e4lpa dig genom att erbjuda plasmask\u00e4rning och gassk\u00e4rning av h\u00f6gsta kvalitet - helt enligt dina skisser eller med hj\u00e4lp fr\u00e5n oss.\" \/>\n<meta name=\"robots\" content=\"index, follow, max-snippet:-1, max-image-preview:large, max-video-preview:-1\" \/>\n<link rel=\"canonical\" href=\"https:\/\/cranbalt.com\/sv\/tillverkning\/proffsig-plasma-och-gasskarning\/\" \/>\n<script type=\"application\/ld+json\" class=\"yoast-schema-graph\">{\"@context\":\"https:\\\/\\\/schema.org\",\"@graph\":[{\"@type\":\"WebPage\",\"@id\":\"https:\\\/\\\/cranbalt.com\\\/sv\\\/tillverkning\\\/proffsig-plasma-och-gasskarning\\\/\",\"url\":\"https:\\\/\\\/cranbalt.com\\\/sv\\\/tillverkning\\\/proffsig-plasma-och-gasskarning\\\/\",\"name\":\"Professionell plasmask\u00e4rning och gassk\u00e4rning | Cranbalt\",\"isPartOf\":{\"@id\":\"https:\\\/\\\/cranbalt.com\\\/lt\\\/#website\"},\"datePublished\":\"2017-12-13T07:05:06+00:00\",\"dateModified\":\"2025-07-28T10:10:32+00:00\",\"description\":\"L\u00e5t oss hj\u00e4lpa dig genom att erbjuda plasmask\u00e4rning och gassk\u00e4rning av h\u00f6gsta kvalitet - helt enligt dina skisser eller med hj\u00e4lp fr\u00e5n oss.\",\"breadcrumb\":{\"@id\":\"https:\\\/\\\/cranbalt.com\\\/sv\\\/tillverkning\\\/proffsig-plasma-och-gasskarning\\\/#breadcrumb\"},\"inLanguage\":\"sv-SE\",\"potentialAction\":[{\"@type\":\"ReadAction\",\"target\":[\"https:\\\/\\\/cranbalt.com\\\/sv\\\/tillverkning\\\/proffsig-plasma-och-gasskarning\\\/\"]}]},{\"@type\":\"BreadcrumbList\",\"@id\":\"https:\\\/\\\/cranbalt.com\\\/sv\\\/tillverkning\\\/proffsig-plasma-och-gasskarning\\\/#breadcrumb\",\"itemListElement\":[{\"@type\":\"ListItem\",\"position\":1,\"name\":\"Home\",\"item\":\"https:\\\/\\\/cranbalt.com\\\/sv\\\/\"},{\"@type\":\"ListItem\",\"position\":2,\"name\":\"Tillverkning\",\"item\":\"https:\\\/\\\/cranbalt.com\\\/sv\\\/tillverkning\\\/\"},{\"@type\":\"ListItem\",\"position\":3,\"name\":\"Proffsig plasma- och gassk\u00e4rning\"}]},{\"@type\":\"WebSite\",\"@id\":\"https:\\\/\\\/cranbalt.com\\\/lt\\\/#website\",\"url\":\"https:\\\/\\\/cranbalt.com\\\/lt\\\/\",\"name\":\"Cranbalt\",\"description\":\"\",\"inLanguage\":\"sv-SE\"}]}<\/script>\n<!-- \/ Yoast SEO plugin. -->","yoast_head_json":{"title":"Professionell plasmask\u00e4rning och gassk\u00e4rning | Cranbalt","description":"L\u00e5t oss hj\u00e4lpa dig genom att erbjuda plasmask\u00e4rning och gassk\u00e4rning av h\u00f6gsta kvalitet - helt enligt dina skisser eller med hj\u00e4lp fr\u00e5n oss.","robots":{"index":"index","follow":"follow","max-snippet":"max-snippet:-1","max-image-preview":"max-image-preview:large","max-video-preview":"max-video-preview:-1"},"canonical":"https:\/\/cranbalt.com\/sv\/tillverkning\/proffsig-plasma-och-gasskarning\/","schema":{"@context":"https:\/\/schema.org","@graph":[{"@type":"WebPage","@id":"https:\/\/cranbalt.com\/sv\/tillverkning\/proffsig-plasma-och-gasskarning\/","url":"https:\/\/cranbalt.com\/sv\/tillverkning\/proffsig-plasma-och-gasskarning\/","name":"Professionell plasmask\u00e4rning och gassk\u00e4rning | Cranbalt","isPartOf":{"@id":"https:\/\/cranbalt.com\/lt\/#website"},"datePublished":"2017-12-13T07:05:06+00:00","dateModified":"2025-07-28T10:10:32+00:00","description":"L\u00e5t oss hj\u00e4lpa dig genom att erbjuda plasmask\u00e4rning och gassk\u00e4rning av h\u00f6gsta kvalitet - helt enligt dina skisser eller med hj\u00e4lp fr\u00e5n oss.","breadcrumb":{"@id":"https:\/\/cranbalt.com\/sv\/tillverkning\/proffsig-plasma-och-gasskarning\/#breadcrumb"},"inLanguage":"sv-SE","potentialAction":[{"@type":"ReadAction","target":["https:\/\/cranbalt.com\/sv\/tillverkning\/proffsig-plasma-och-gasskarning\/"]}]},{"@type":"BreadcrumbList","@id":"https:\/\/cranbalt.com\/sv\/tillverkning\/proffsig-plasma-och-gasskarning\/#breadcrumb","itemListElement":[{"@type":"ListItem","position":1,"name":"Home","item":"https:\/\/cranbalt.com\/sv\/"},{"@type":"ListItem","position":2,"name":"Tillverkning","item":"https:\/\/cranbalt.com\/sv\/tillverkning\/"},{"@type":"ListItem","position":3,"name":"Proffsig plasma- och gassk\u00e4rning"}]},{"@type":"WebSite","@id":"https:\/\/cranbalt.com\/lt\/#website","url":"https:\/\/cranbalt.com\/lt\/","name":"Cranbalt","description":"","inLanguage":"sv-SE"}]}},"_links":{"self":[{"href":"https:\/\/cranbalt.com\/sv\/wp-json\/wp\/v2\/pages\/2441","targetHints":{"allow":["GET"]}}],"collection":[{"href":"https:\/\/cranbalt.com\/sv\/wp-json\/wp\/v2\/pages"}],"about":[{"href":"https:\/\/cranbalt.com\/sv\/wp-json\/wp\/v2\/types\/page"}],"author":[{"embeddable":true,"href":"https:\/\/cranbalt.com\/sv\/wp-json\/wp\/v2\/users\/1"}],"replies":[{"embeddable":true,"href":"https:\/\/cranbalt.com\/sv\/wp-json\/wp\/v2\/comments?post=2441"}],"version-history":[{"count":3,"href":"https:\/\/cranbalt.com\/sv\/wp-json\/wp\/v2\/pages\/2441\/revisions"}],"predecessor-version":[{"id":16575,"href":"https:\/\/cranbalt.com\/sv\/wp-json\/wp\/v2\/pages\/2441\/revisions\/16575"}],"up":[{"embeddable":true,"href":"https:\/\/cranbalt.com\/sv\/wp-json\/wp\/v2\/pages\/2426"}],"wp:attachment":[{"href":"https:\/\/cranbalt.com\/sv\/wp-json\/wp\/v2\/media?parent=2441"}],"curies":[{"name":"wp","href":"https:\/\/api.w.org\/{rel}","templated":true}]}}