{"id":2426,"date":"2017-12-12T14:17:34","date_gmt":"2017-12-12T14:17:34","guid":{"rendered":"http:\/\/cranbalt.com\/gamyba\/"},"modified":"2025-07-28T13:03:31","modified_gmt":"2025-07-28T10:03:31","slug":"tillverkning","status":"publish","type":"page","link":"https:\/\/cranbalt.com\/sv\/tillverkning\/","title":{"rendered":"Tillverkning"},"content":{"rendered":"","protected":false},"excerpt":{"rendered":"","protected":false},"author":1,"featured_media":0,"parent":0,"menu_order":50,"comment_status":"closed","ping_status":"closed","template":"templates\/manufacturing.php","meta":{"_acf_changed":false,"om_disable_all_campaigns":false,"inline_featured_image":false,"_monsterinsights_skip_tracking":false,"_monsterinsights_sitenote_active":false,"_monsterinsights_sitenote_note":"","_monsterinsights_sitenote_category":0,"footnotes":""},"class_list":["post-2426","page","type-page","status-publish","hentry"],"acf":[],"yoast_head":"<!-- This site is optimized with the Yoast SEO plugin v27.4 - https:\/\/yoast.com\/product\/yoast-seo-wordpress\/ -->\n<title>Vi tillverkar lyftmaskiner av h\u00f6gsta kvalitet | Cranbalt<\/title>\n<meta name=\"description\" content=\"Cranbalt tillverkar och reparerar professionella lyftkranar och andra st\u00e5lstrukturer mycket snabbt samt med h\u00f6g kvalitet.\" \/>\n<meta name=\"robots\" content=\"index, follow, max-snippet:-1, max-image-preview:large, max-video-preview:-1\" \/>\n<link rel=\"canonical\" href=\"https:\/\/cranbalt.com\/sv\/tillverkning\/\" \/>\n<script type=\"application\/ld+json\" class=\"yoast-schema-graph\">{\"@context\":\"https:\\\/\\\/schema.org\",\"@graph\":[{\"@type\":\"WebPage\",\"@id\":\"https:\\\/\\\/cranbalt.com\\\/sv\\\/tillverkning\\\/\",\"url\":\"https:\\\/\\\/cranbalt.com\\\/sv\\\/tillverkning\\\/\",\"name\":\"Vi tillverkar lyftmaskiner av h\u00f6gsta kvalitet | Cranbalt\",\"isPartOf\":{\"@id\":\"https:\\\/\\\/cranbalt.com\\\/lt\\\/#website\"},\"datePublished\":\"2017-12-12T14:17:34+00:00\",\"dateModified\":\"2025-07-28T10:03:31+00:00\",\"description\":\"Cranbalt tillverkar och reparerar professionella lyftkranar och andra st\u00e5lstrukturer mycket snabbt samt med h\u00f6g kvalitet.\",\"breadcrumb\":{\"@id\":\"https:\\\/\\\/cranbalt.com\\\/sv\\\/tillverkning\\\/#breadcrumb\"},\"inLanguage\":\"sv-SE\",\"potentialAction\":[{\"@type\":\"ReadAction\",\"target\":[\"https:\\\/\\\/cranbalt.com\\\/sv\\\/tillverkning\\\/\"]}]},{\"@type\":\"BreadcrumbList\",\"@id\":\"https:\\\/\\\/cranbalt.com\\\/sv\\\/tillverkning\\\/#breadcrumb\",\"itemListElement\":[{\"@type\":\"ListItem\",\"position\":1,\"name\":\"Home\",\"item\":\"https:\\\/\\\/cranbalt.com\\\/sv\\\/\"},{\"@type\":\"ListItem\",\"position\":2,\"name\":\"Tillverkning\"}]},{\"@type\":\"WebSite\",\"@id\":\"https:\\\/\\\/cranbalt.com\\\/lt\\\/#website\",\"url\":\"https:\\\/\\\/cranbalt.com\\\/lt\\\/\",\"name\":\"Cranbalt\",\"description\":\"\",\"inLanguage\":\"sv-SE\"}]}<\/script>\n<!-- \/ Yoast SEO plugin. -->","yoast_head_json":{"title":"Vi tillverkar lyftmaskiner av h\u00f6gsta kvalitet | Cranbalt","description":"Cranbalt tillverkar och reparerar professionella lyftkranar och andra st\u00e5lstrukturer mycket snabbt samt med h\u00f6g kvalitet.","robots":{"index":"index","follow":"follow","max-snippet":"max-snippet:-1","max-image-preview":"max-image-preview:large","max-video-preview":"max-video-preview:-1"},"canonical":"https:\/\/cranbalt.com\/sv\/tillverkning\/","schema":{"@context":"https:\/\/schema.org","@graph":[{"@type":"WebPage","@id":"https:\/\/cranbalt.com\/sv\/tillverkning\/","url":"https:\/\/cranbalt.com\/sv\/tillverkning\/","name":"Vi tillverkar lyftmaskiner av h\u00f6gsta kvalitet | Cranbalt","isPartOf":{"@id":"https:\/\/cranbalt.com\/lt\/#website"},"datePublished":"2017-12-12T14:17:34+00:00","dateModified":"2025-07-28T10:03:31+00:00","description":"Cranbalt tillverkar och reparerar professionella lyftkranar och andra st\u00e5lstrukturer mycket snabbt samt med h\u00f6g kvalitet.","breadcrumb":{"@id":"https:\/\/cranbalt.com\/sv\/tillverkning\/#breadcrumb"},"inLanguage":"sv-SE","potentialAction":[{"@type":"ReadAction","target":["https:\/\/cranbalt.com\/sv\/tillverkning\/"]}]},{"@type":"BreadcrumbList","@id":"https:\/\/cranbalt.com\/sv\/tillverkning\/#breadcrumb","itemListElement":[{"@type":"ListItem","position":1,"name":"Home","item":"https:\/\/cranbalt.com\/sv\/"},{"@type":"ListItem","position":2,"name":"Tillverkning"}]},{"@type":"WebSite","@id":"https:\/\/cranbalt.com\/lt\/#website","url":"https:\/\/cranbalt.com\/lt\/","name":"Cranbalt","description":"","inLanguage":"sv-SE"}]}},"_links":{"self":[{"href":"https:\/\/cranbalt.com\/sv\/wp-json\/wp\/v2\/pages\/2426","targetHints":{"allow":["GET"]}}],"collection":[{"href":"https:\/\/cranbalt.com\/sv\/wp-json\/wp\/v2\/pages"}],"about":[{"href":"https:\/\/cranbalt.com\/sv\/wp-json\/wp\/v2\/types\/page"}],"author":[{"embeddable":true,"href":"https:\/\/cranbalt.com\/sv\/wp-json\/wp\/v2\/users\/1"}],"replies":[{"embeddable":true,"href":"https:\/\/cranbalt.com\/sv\/wp-json\/wp\/v2\/comments?post=2426"}],"version-history":[{"count":5,"href":"https:\/\/cranbalt.com\/sv\/wp-json\/wp\/v2\/pages\/2426\/revisions"}],"predecessor-version":[{"id":4359,"href":"https:\/\/cranbalt.com\/sv\/wp-json\/wp\/v2\/pages\/2426\/revisions\/4359"}],"wp:attachment":[{"href":"https:\/\/cranbalt.com\/sv\/wp-json\/wp\/v2\/media?parent=2426"}],"curies":[{"name":"wp","href":"https:\/\/api.w.org\/{rel}","templated":true}]}}