{"id":2393,"date":"2017-12-12T12:10:49","date_gmt":"2017-12-12T12:10:49","guid":{"rendered":"http:\/\/cranbalt.com\/bokstiniu-kranu-nuoma\/"},"modified":"2025-07-28T13:02:32","modified_gmt":"2025-07-28T10:02:32","slug":"uthyrning-av-lyftkranar","status":"publish","type":"page","link":"https:\/\/cranbalt.com\/sv\/uthyrning-av-lyftkranar\/","title":{"rendered":"Uthyrning av tornkranar"},"content":{"rendered":"","protected":false},"excerpt":{"rendered":"","protected":false},"author":1,"featured_media":0,"parent":0,"menu_order":42,"comment_status":"closed","ping_status":"closed","template":"templates\/products.php","meta":{"_acf_changed":false,"om_disable_all_campaigns":false,"inline_featured_image":false,"_monsterinsights_skip_tracking":false,"_monsterinsights_sitenote_active":false,"_monsterinsights_sitenote_note":"","_monsterinsights_sitenote_category":0,"footnotes":""},"class_list":["post-2393","page","type-page","status-publish","hentry"],"acf":[],"yoast_head":"<!-- This site is optimized with the Yoast SEO plugin v27.3 - https:\/\/yoast.com\/product\/yoast-seo-wordpress\/ -->\n<title>Hyr lyftkranar av h\u00f6gsta kvalitet hos oss idag | Cranbalt<\/title>\n<meta name=\"description\" content=\"En \u00f6versikt \u00f6ver v\u00e5rt sortiment av lyftkranar - hyr v\u00e5ra tornkranar f\u00f6r s\u00e5v\u00e4l kortare som l\u00e4ngre projekt | Cranbalt\" \/>\n<meta name=\"robots\" content=\"index, follow, max-snippet:-1, max-image-preview:large, max-video-preview:-1\" \/>\n<link rel=\"canonical\" href=\"https:\/\/cranbalt.com\/sv\/uthyrning-av-lyftkranar\/\" \/>\n<script type=\"application\/ld+json\" class=\"yoast-schema-graph\">{\"@context\":\"https:\\\/\\\/schema.org\",\"@graph\":[{\"@type\":\"WebPage\",\"@id\":\"https:\\\/\\\/cranbalt.com\\\/sv\\\/uthyrning-av-lyftkranar\\\/\",\"url\":\"https:\\\/\\\/cranbalt.com\\\/sv\\\/uthyrning-av-lyftkranar\\\/\",\"name\":\"Hyr lyftkranar av h\u00f6gsta kvalitet hos oss idag | Cranbalt\",\"isPartOf\":{\"@id\":\"https:\\\/\\\/cranbalt.com\\\/lt\\\/#website\"},\"datePublished\":\"2017-12-12T12:10:49+00:00\",\"dateModified\":\"2025-07-28T10:02:32+00:00\",\"description\":\"En \u00f6versikt \u00f6ver v\u00e5rt sortiment av lyftkranar - hyr v\u00e5ra tornkranar f\u00f6r s\u00e5v\u00e4l kortare som l\u00e4ngre projekt | Cranbalt\",\"breadcrumb\":{\"@id\":\"https:\\\/\\\/cranbalt.com\\\/sv\\\/uthyrning-av-lyftkranar\\\/#breadcrumb\"},\"inLanguage\":\"sv-SE\",\"potentialAction\":[{\"@type\":\"ReadAction\",\"target\":[\"https:\\\/\\\/cranbalt.com\\\/sv\\\/uthyrning-av-lyftkranar\\\/\"]}]},{\"@type\":\"BreadcrumbList\",\"@id\":\"https:\\\/\\\/cranbalt.com\\\/sv\\\/uthyrning-av-lyftkranar\\\/#breadcrumb\",\"itemListElement\":[{\"@type\":\"ListItem\",\"position\":1,\"name\":\"Home\",\"item\":\"https:\\\/\\\/cranbalt.com\\\/sv\\\/\"},{\"@type\":\"ListItem\",\"position\":2,\"name\":\"Uthyrning av tornkranar\"}]},{\"@type\":\"WebSite\",\"@id\":\"https:\\\/\\\/cranbalt.com\\\/lt\\\/#website\",\"url\":\"https:\\\/\\\/cranbalt.com\\\/lt\\\/\",\"name\":\"Cranbalt\",\"description\":\"\",\"inLanguage\":\"sv-SE\"}]}<\/script>\n<!-- \/ Yoast SEO plugin. -->","yoast_head_json":{"title":"Hyr lyftkranar av h\u00f6gsta kvalitet hos oss idag | Cranbalt","description":"En \u00f6versikt \u00f6ver v\u00e5rt sortiment av lyftkranar - hyr v\u00e5ra tornkranar f\u00f6r s\u00e5v\u00e4l kortare som l\u00e4ngre projekt | Cranbalt","robots":{"index":"index","follow":"follow","max-snippet":"max-snippet:-1","max-image-preview":"max-image-preview:large","max-video-preview":"max-video-preview:-1"},"canonical":"https:\/\/cranbalt.com\/sv\/uthyrning-av-lyftkranar\/","schema":{"@context":"https:\/\/schema.org","@graph":[{"@type":"WebPage","@id":"https:\/\/cranbalt.com\/sv\/uthyrning-av-lyftkranar\/","url":"https:\/\/cranbalt.com\/sv\/uthyrning-av-lyftkranar\/","name":"Hyr lyftkranar av h\u00f6gsta kvalitet hos oss idag | Cranbalt","isPartOf":{"@id":"https:\/\/cranbalt.com\/lt\/#website"},"datePublished":"2017-12-12T12:10:49+00:00","dateModified":"2025-07-28T10:02:32+00:00","description":"En \u00f6versikt \u00f6ver v\u00e5rt sortiment av lyftkranar - hyr v\u00e5ra tornkranar f\u00f6r s\u00e5v\u00e4l kortare som l\u00e4ngre projekt | Cranbalt","breadcrumb":{"@id":"https:\/\/cranbalt.com\/sv\/uthyrning-av-lyftkranar\/#breadcrumb"},"inLanguage":"sv-SE","potentialAction":[{"@type":"ReadAction","target":["https:\/\/cranbalt.com\/sv\/uthyrning-av-lyftkranar\/"]}]},{"@type":"BreadcrumbList","@id":"https:\/\/cranbalt.com\/sv\/uthyrning-av-lyftkranar\/#breadcrumb","itemListElement":[{"@type":"ListItem","position":1,"name":"Home","item":"https:\/\/cranbalt.com\/sv\/"},{"@type":"ListItem","position":2,"name":"Uthyrning av tornkranar"}]},{"@type":"WebSite","@id":"https:\/\/cranbalt.com\/lt\/#website","url":"https:\/\/cranbalt.com\/lt\/","name":"Cranbalt","description":"","inLanguage":"sv-SE"}]}},"_links":{"self":[{"href":"https:\/\/cranbalt.com\/sv\/wp-json\/wp\/v2\/pages\/2393","targetHints":{"allow":["GET"]}}],"collection":[{"href":"https:\/\/cranbalt.com\/sv\/wp-json\/wp\/v2\/pages"}],"about":[{"href":"https:\/\/cranbalt.com\/sv\/wp-json\/wp\/v2\/types\/page"}],"author":[{"embeddable":true,"href":"https:\/\/cranbalt.com\/sv\/wp-json\/wp\/v2\/users\/1"}],"replies":[{"embeddable":true,"href":"https:\/\/cranbalt.com\/sv\/wp-json\/wp\/v2\/comments?post=2393"}],"version-history":[{"count":5,"href":"https:\/\/cranbalt.com\/sv\/wp-json\/wp\/v2\/pages\/2393\/revisions"}],"predecessor-version":[{"id":16571,"href":"https:\/\/cranbalt.com\/sv\/wp-json\/wp\/v2\/pages\/2393\/revisions\/16571"}],"wp:attachment":[{"href":"https:\/\/cranbalt.com\/sv\/wp-json\/wp\/v2\/media?parent=2393"}],"curies":[{"name":"wp","href":"https:\/\/api.w.org\/{rel}","templated":true}]}}