{"id":2380,"date":"2017-12-13T15:42:14","date_gmt":"2017-12-13T15:42:14","guid":{"rendered":"http:\/\/cranbalt.com\/atlikti-projektai\/"},"modified":"2025-07-23T13:17:59","modified_gmt":"2025-07-23T10:17:59","slug":"avklarade-projekt","status":"publish","type":"page","link":"https:\/\/cranbalt.com\/sv\/avklarade-projekt\/","title":{"rendered":"Avklarade projekt"},"content":{"rendered":"","protected":false},"excerpt":{"rendered":"","protected":false},"author":1,"featured_media":0,"parent":0,"menu_order":66,"comment_status":"closed","ping_status":"closed","template":"templates\/portfolio.php","meta":{"_acf_changed":false,"om_disable_all_campaigns":false,"inline_featured_image":false,"_monsterinsights_skip_tracking":false,"_monsterinsights_sitenote_active":false,"_monsterinsights_sitenote_note":"","_monsterinsights_sitenote_category":0,"footnotes":""},"class_list":["post-2380","page","type-page","status-publish","hentry"],"acf":[],"yoast_head":"<!-- This site is optimized with the Yoast SEO plugin v27.4 - https:\/\/yoast.com\/product\/yoast-seo-wordpress\/ -->\n<title>Avklarade projekt | Uthyrning av lyftutrustning | Cranbalt<\/title>\n<meta name=\"description\" content=\"En \u00f6versikt \u00f6ver de internationella byggnadsprojekt som har avklarats med hj\u00e4lp av Cranbalts lyftutrusning.\" \/>\n<meta name=\"robots\" content=\"index, follow, max-snippet:-1, max-image-preview:large, max-video-preview:-1\" \/>\n<link rel=\"canonical\" href=\"https:\/\/cranbalt.com\/sv\/avklarade-projekt\/\" \/>\n<script type=\"application\/ld+json\" class=\"yoast-schema-graph\">{\"@context\":\"https:\\\/\\\/schema.org\",\"@graph\":[{\"@type\":\"WebPage\",\"@id\":\"https:\\\/\\\/cranbalt.com\\\/sv\\\/avklarade-projekt\\\/\",\"url\":\"https:\\\/\\\/cranbalt.com\\\/sv\\\/avklarade-projekt\\\/\",\"name\":\"Avklarade projekt | Uthyrning av lyftutrustning | Cranbalt\",\"isPartOf\":{\"@id\":\"https:\\\/\\\/cranbalt.com\\\/lt\\\/#website\"},\"datePublished\":\"2017-12-13T15:42:14+00:00\",\"dateModified\":\"2025-07-23T10:17:59+00:00\",\"description\":\"En \u00f6versikt \u00f6ver de internationella byggnadsprojekt som har avklarats med hj\u00e4lp av Cranbalts lyftutrusning.\",\"breadcrumb\":{\"@id\":\"https:\\\/\\\/cranbalt.com\\\/sv\\\/avklarade-projekt\\\/#breadcrumb\"},\"inLanguage\":\"sv-SE\",\"potentialAction\":[{\"@type\":\"ReadAction\",\"target\":[\"https:\\\/\\\/cranbalt.com\\\/sv\\\/avklarade-projekt\\\/\"]}]},{\"@type\":\"BreadcrumbList\",\"@id\":\"https:\\\/\\\/cranbalt.com\\\/sv\\\/avklarade-projekt\\\/#breadcrumb\",\"itemListElement\":[{\"@type\":\"ListItem\",\"position\":1,\"name\":\"Home\",\"item\":\"https:\\\/\\\/cranbalt.com\\\/sv\\\/\"},{\"@type\":\"ListItem\",\"position\":2,\"name\":\"Avklarade projekt\"}]},{\"@type\":\"WebSite\",\"@id\":\"https:\\\/\\\/cranbalt.com\\\/lt\\\/#website\",\"url\":\"https:\\\/\\\/cranbalt.com\\\/lt\\\/\",\"name\":\"Cranbalt\",\"description\":\"\",\"inLanguage\":\"sv-SE\"}]}<\/script>\n<!-- \/ Yoast SEO plugin. -->","yoast_head_json":{"title":"Avklarade projekt | Uthyrning av lyftutrustning | Cranbalt","description":"En \u00f6versikt \u00f6ver de internationella byggnadsprojekt som har avklarats med hj\u00e4lp av Cranbalts lyftutrusning.","robots":{"index":"index","follow":"follow","max-snippet":"max-snippet:-1","max-image-preview":"max-image-preview:large","max-video-preview":"max-video-preview:-1"},"canonical":"https:\/\/cranbalt.com\/sv\/avklarade-projekt\/","schema":{"@context":"https:\/\/schema.org","@graph":[{"@type":"WebPage","@id":"https:\/\/cranbalt.com\/sv\/avklarade-projekt\/","url":"https:\/\/cranbalt.com\/sv\/avklarade-projekt\/","name":"Avklarade projekt | Uthyrning av lyftutrustning | Cranbalt","isPartOf":{"@id":"https:\/\/cranbalt.com\/lt\/#website"},"datePublished":"2017-12-13T15:42:14+00:00","dateModified":"2025-07-23T10:17:59+00:00","description":"En \u00f6versikt \u00f6ver de internationella byggnadsprojekt som har avklarats med hj\u00e4lp av Cranbalts lyftutrusning.","breadcrumb":{"@id":"https:\/\/cranbalt.com\/sv\/avklarade-projekt\/#breadcrumb"},"inLanguage":"sv-SE","potentialAction":[{"@type":"ReadAction","target":["https:\/\/cranbalt.com\/sv\/avklarade-projekt\/"]}]},{"@type":"BreadcrumbList","@id":"https:\/\/cranbalt.com\/sv\/avklarade-projekt\/#breadcrumb","itemListElement":[{"@type":"ListItem","position":1,"name":"Home","item":"https:\/\/cranbalt.com\/sv\/"},{"@type":"ListItem","position":2,"name":"Avklarade projekt"}]},{"@type":"WebSite","@id":"https:\/\/cranbalt.com\/lt\/#website","url":"https:\/\/cranbalt.com\/lt\/","name":"Cranbalt","description":"","inLanguage":"sv-SE"}]}},"_links":{"self":[{"href":"https:\/\/cranbalt.com\/sv\/wp-json\/wp\/v2\/pages\/2380","targetHints":{"allow":["GET"]}}],"collection":[{"href":"https:\/\/cranbalt.com\/sv\/wp-json\/wp\/v2\/pages"}],"about":[{"href":"https:\/\/cranbalt.com\/sv\/wp-json\/wp\/v2\/types\/page"}],"author":[{"embeddable":true,"href":"https:\/\/cranbalt.com\/sv\/wp-json\/wp\/v2\/users\/1"}],"replies":[{"embeddable":true,"href":"https:\/\/cranbalt.com\/sv\/wp-json\/wp\/v2\/comments?post=2380"}],"version-history":[{"count":2,"href":"https:\/\/cranbalt.com\/sv\/wp-json\/wp\/v2\/pages\/2380\/revisions"}],"predecessor-version":[{"id":35790,"href":"https:\/\/cranbalt.com\/sv\/wp-json\/wp\/v2\/pages\/2380\/revisions\/35790"}],"wp:attachment":[{"href":"https:\/\/cranbalt.com\/sv\/wp-json\/wp\/v2\/media?parent=2380"}],"curies":[{"name":"wp","href":"https:\/\/api.w.org\/{rel}","templated":true}]}}