{"id":2372,"date":"2018-07-09T09:50:30","date_gmt":"2018-07-09T09:50:30","guid":{"rendered":"http:\/\/cranbalt.com\/?page_id=2372"},"modified":"2023-01-31T12:59:05","modified_gmt":"2023-01-31T10:59:05","slug":"kontakt","status":"publish","type":"page","link":"https:\/\/cranbalt.com\/sv\/kontakt\/","title":{"rendered":"Kontakt"},"content":{"rendered":"","protected":false},"excerpt":{"rendered":"","protected":false},"author":1,"featured_media":0,"parent":0,"menu_order":76,"comment_status":"closed","ping_status":"closed","template":"templates\/contacts.php","meta":{"_acf_changed":false,"om_disable_all_campaigns":false,"inline_featured_image":false,"_monsterinsights_skip_tracking":false,"_monsterinsights_sitenote_active":false,"_monsterinsights_sitenote_note":"","_monsterinsights_sitenote_category":0,"footnotes":""},"class_list":["post-2372","page","type-page","status-publish","hentry"],"acf":[],"yoast_head":"<!-- This site is optimized with the Yoast SEO plugin v27.4 - https:\/\/yoast.com\/product\/yoast-seo-wordpress\/ -->\n<title>Kontakta oss idag | Uthyrning av lyftutrustning | Cranbalt<\/title>\n<meta name=\"description\" content=\"F\u00e5 svar p\u00e5 alla dina fr\u00e5gor ang\u00e5ende Cranbalts h\u00f6gkvalitativa tornkranar och lyftutrusning. Fyll i kontaktformul\u00e4ret, ring oss eller skriv till oss redan idag\" \/>\n<meta name=\"robots\" content=\"index, follow, max-snippet:-1, max-image-preview:large, max-video-preview:-1\" \/>\n<link rel=\"canonical\" href=\"https:\/\/cranbalt.com\/sv\/kontakt\/\" \/>\n<script type=\"application\/ld+json\" class=\"yoast-schema-graph\">{\"@context\":\"https:\\\/\\\/schema.org\",\"@graph\":[{\"@type\":\"WebPage\",\"@id\":\"https:\\\/\\\/cranbalt.com\\\/sv\\\/kontakt\\\/\",\"url\":\"https:\\\/\\\/cranbalt.com\\\/sv\\\/kontakt\\\/\",\"name\":\"Kontakta oss idag | Uthyrning av lyftutrustning | Cranbalt\",\"isPartOf\":{\"@id\":\"https:\\\/\\\/cranbalt.com\\\/lt\\\/#website\"},\"datePublished\":\"2018-07-09T09:50:30+00:00\",\"dateModified\":\"2023-01-31T10:59:05+00:00\",\"description\":\"F\u00e5 svar p\u00e5 alla dina fr\u00e5gor ang\u00e5ende Cranbalts h\u00f6gkvalitativa tornkranar och lyftutrusning. Fyll i kontaktformul\u00e4ret, ring oss eller skriv till oss redan idag\",\"breadcrumb\":{\"@id\":\"https:\\\/\\\/cranbalt.com\\\/sv\\\/kontakt\\\/#breadcrumb\"},\"inLanguage\":\"sv-SE\",\"potentialAction\":[{\"@type\":\"ReadAction\",\"target\":[\"https:\\\/\\\/cranbalt.com\\\/sv\\\/kontakt\\\/\"]}]},{\"@type\":\"BreadcrumbList\",\"@id\":\"https:\\\/\\\/cranbalt.com\\\/sv\\\/kontakt\\\/#breadcrumb\",\"itemListElement\":[{\"@type\":\"ListItem\",\"position\":1,\"name\":\"Home\",\"item\":\"https:\\\/\\\/cranbalt.com\\\/sv\\\/\"},{\"@type\":\"ListItem\",\"position\":2,\"name\":\"Kontakt\"}]},{\"@type\":\"WebSite\",\"@id\":\"https:\\\/\\\/cranbalt.com\\\/lt\\\/#website\",\"url\":\"https:\\\/\\\/cranbalt.com\\\/lt\\\/\",\"name\":\"Cranbalt\",\"description\":\"\",\"inLanguage\":\"sv-SE\"}]}<\/script>\n<!-- \/ Yoast SEO plugin. -->","yoast_head_json":{"title":"Kontakta oss idag | Uthyrning av lyftutrustning | Cranbalt","description":"F\u00e5 svar p\u00e5 alla dina fr\u00e5gor ang\u00e5ende Cranbalts h\u00f6gkvalitativa tornkranar och lyftutrusning. Fyll i kontaktformul\u00e4ret, ring oss eller skriv till oss redan idag","robots":{"index":"index","follow":"follow","max-snippet":"max-snippet:-1","max-image-preview":"max-image-preview:large","max-video-preview":"max-video-preview:-1"},"canonical":"https:\/\/cranbalt.com\/sv\/kontakt\/","schema":{"@context":"https:\/\/schema.org","@graph":[{"@type":"WebPage","@id":"https:\/\/cranbalt.com\/sv\/kontakt\/","url":"https:\/\/cranbalt.com\/sv\/kontakt\/","name":"Kontakta oss idag | Uthyrning av lyftutrustning | Cranbalt","isPartOf":{"@id":"https:\/\/cranbalt.com\/lt\/#website"},"datePublished":"2018-07-09T09:50:30+00:00","dateModified":"2023-01-31T10:59:05+00:00","description":"F\u00e5 svar p\u00e5 alla dina fr\u00e5gor ang\u00e5ende Cranbalts h\u00f6gkvalitativa tornkranar och lyftutrusning. Fyll i kontaktformul\u00e4ret, ring oss eller skriv till oss redan idag","breadcrumb":{"@id":"https:\/\/cranbalt.com\/sv\/kontakt\/#breadcrumb"},"inLanguage":"sv-SE","potentialAction":[{"@type":"ReadAction","target":["https:\/\/cranbalt.com\/sv\/kontakt\/"]}]},{"@type":"BreadcrumbList","@id":"https:\/\/cranbalt.com\/sv\/kontakt\/#breadcrumb","itemListElement":[{"@type":"ListItem","position":1,"name":"Home","item":"https:\/\/cranbalt.com\/sv\/"},{"@type":"ListItem","position":2,"name":"Kontakt"}]},{"@type":"WebSite","@id":"https:\/\/cranbalt.com\/lt\/#website","url":"https:\/\/cranbalt.com\/lt\/","name":"Cranbalt","description":"","inLanguage":"sv-SE"}]}},"_links":{"self":[{"href":"https:\/\/cranbalt.com\/sv\/wp-json\/wp\/v2\/pages\/2372","targetHints":{"allow":["GET"]}}],"collection":[{"href":"https:\/\/cranbalt.com\/sv\/wp-json\/wp\/v2\/pages"}],"about":[{"href":"https:\/\/cranbalt.com\/sv\/wp-json\/wp\/v2\/types\/page"}],"author":[{"embeddable":true,"href":"https:\/\/cranbalt.com\/sv\/wp-json\/wp\/v2\/users\/1"}],"replies":[{"embeddable":true,"href":"https:\/\/cranbalt.com\/sv\/wp-json\/wp\/v2\/comments?post=2372"}],"version-history":[{"count":13,"href":"https:\/\/cranbalt.com\/sv\/wp-json\/wp\/v2\/pages\/2372\/revisions"}],"predecessor-version":[{"id":25961,"href":"https:\/\/cranbalt.com\/sv\/wp-json\/wp\/v2\/pages\/2372\/revisions\/25961"}],"wp:attachment":[{"href":"https:\/\/cranbalt.com\/sv\/wp-json\/wp\/v2\/media?parent=2372"}],"curies":[{"name":"wp","href":"https:\/\/api.w.org\/{rel}","templated":true}]}}