{"id":2365,"date":"2017-11-14T09:40:06","date_gmt":"2017-12-14T09:40:09","guid":{"rendered":"http:\/\/cranbalt.com\/om-oss\/kokybes-politika-ir-pasiekimai\/"},"modified":"2026-01-13T16:05:37","modified_gmt":"2026-01-13T14:05:37","slug":"kvalitetspolicy","status":"publish","type":"page","link":"https:\/\/cranbalt.com\/sv\/om-oss\/kvalitetspolicy\/","title":{"rendered":"Kvalitetspolicy"},"content":{"rendered":"","protected":false},"excerpt":{"rendered":"","protected":false},"author":1,"featured_media":0,"parent":2356,"menu_order":15,"comment_status":"closed","ping_status":"closed","template":"templates\/quality-policy.php","meta":{"_acf_changed":false,"om_disable_all_campaigns":false,"inline_featured_image":false,"_monsterinsights_skip_tracking":false,"_monsterinsights_sitenote_active":false,"_monsterinsights_sitenote_note":"","_monsterinsights_sitenote_category":0,"footnotes":""},"class_list":["post-2365","page","type-page","status-publish","hentry"],"acf":[],"yoast_head":"<!-- This site is optimized with the Yoast SEO plugin v27.3 - https:\/\/yoast.com\/product\/yoast-seo-wordpress\/ -->\n<title>Vad vi str\u00e4var efter - l\u00e4s v\u00e5r kvalitetspolicy | Cranbalt<\/title>\n<meta name=\"description\" content=\"V\u00e5rt m\u00e5l \u00e4r att vara ett ansvarigt och modernt f\u00f6retag som endast erbjuder produkter samt tj\u00e4nster av h\u00f6gsta kvalitet. H\u00e4r hittar du Cranbalts kvalitetspolicy\" \/>\n<meta name=\"robots\" content=\"index, follow, max-snippet:-1, max-image-preview:large, max-video-preview:-1\" \/>\n<link rel=\"canonical\" href=\"https:\/\/cranbalt.com\/sv\/om-oss\/kvalitetspolicy\/\" \/>\n<script type=\"application\/ld+json\" class=\"yoast-schema-graph\">{\"@context\":\"https:\\\/\\\/schema.org\",\"@graph\":[{\"@type\":\"WebPage\",\"@id\":\"https:\\\/\\\/cranbalt.com\\\/sv\\\/om-oss\\\/kvalitetspolicy\\\/\",\"url\":\"https:\\\/\\\/cranbalt.com\\\/sv\\\/om-oss\\\/kvalitetspolicy\\\/\",\"name\":\"Vad vi str\u00e4var efter - l\u00e4s v\u00e5r kvalitetspolicy | Cranbalt\",\"isPartOf\":{\"@id\":\"https:\\\/\\\/cranbalt.com\\\/lt\\\/#website\"},\"datePublished\":\"2017-12-14T09:40:09+00:00\",\"dateModified\":\"2026-01-13T14:05:37+00:00\",\"description\":\"V\u00e5rt m\u00e5l \u00e4r att vara ett ansvarigt och modernt f\u00f6retag som endast erbjuder produkter samt tj\u00e4nster av h\u00f6gsta kvalitet. H\u00e4r hittar du Cranbalts kvalitetspolicy\",\"breadcrumb\":{\"@id\":\"https:\\\/\\\/cranbalt.com\\\/sv\\\/om-oss\\\/kvalitetspolicy\\\/#breadcrumb\"},\"inLanguage\":\"sv-SE\",\"potentialAction\":[{\"@type\":\"ReadAction\",\"target\":[\"https:\\\/\\\/cranbalt.com\\\/sv\\\/om-oss\\\/kvalitetspolicy\\\/\"]}]},{\"@type\":\"BreadcrumbList\",\"@id\":\"https:\\\/\\\/cranbalt.com\\\/sv\\\/om-oss\\\/kvalitetspolicy\\\/#breadcrumb\",\"itemListElement\":[{\"@type\":\"ListItem\",\"position\":1,\"name\":\"Home\",\"item\":\"https:\\\/\\\/cranbalt.com\\\/sv\\\/\"},{\"@type\":\"ListItem\",\"position\":2,\"name\":\"Om oss\",\"item\":\"https:\\\/\\\/cranbalt.com\\\/sv\\\/om-oss\\\/\"},{\"@type\":\"ListItem\",\"position\":3,\"name\":\"Kvalitetspolicy\"}]},{\"@type\":\"WebSite\",\"@id\":\"https:\\\/\\\/cranbalt.com\\\/lt\\\/#website\",\"url\":\"https:\\\/\\\/cranbalt.com\\\/lt\\\/\",\"name\":\"Cranbalt\",\"description\":\"\",\"inLanguage\":\"sv-SE\"}]}<\/script>\n<!-- \/ Yoast SEO plugin. -->","yoast_head_json":{"title":"Vad vi str\u00e4var efter - l\u00e4s v\u00e5r kvalitetspolicy | Cranbalt","description":"V\u00e5rt m\u00e5l \u00e4r att vara ett ansvarigt och modernt f\u00f6retag som endast erbjuder produkter samt tj\u00e4nster av h\u00f6gsta kvalitet. H\u00e4r hittar du Cranbalts kvalitetspolicy","robots":{"index":"index","follow":"follow","max-snippet":"max-snippet:-1","max-image-preview":"max-image-preview:large","max-video-preview":"max-video-preview:-1"},"canonical":"https:\/\/cranbalt.com\/sv\/om-oss\/kvalitetspolicy\/","schema":{"@context":"https:\/\/schema.org","@graph":[{"@type":"WebPage","@id":"https:\/\/cranbalt.com\/sv\/om-oss\/kvalitetspolicy\/","url":"https:\/\/cranbalt.com\/sv\/om-oss\/kvalitetspolicy\/","name":"Vad vi str\u00e4var efter - l\u00e4s v\u00e5r kvalitetspolicy | Cranbalt","isPartOf":{"@id":"https:\/\/cranbalt.com\/lt\/#website"},"datePublished":"2017-12-14T09:40:09+00:00","dateModified":"2026-01-13T14:05:37+00:00","description":"V\u00e5rt m\u00e5l \u00e4r att vara ett ansvarigt och modernt f\u00f6retag som endast erbjuder produkter samt tj\u00e4nster av h\u00f6gsta kvalitet. H\u00e4r hittar du Cranbalts kvalitetspolicy","breadcrumb":{"@id":"https:\/\/cranbalt.com\/sv\/om-oss\/kvalitetspolicy\/#breadcrumb"},"inLanguage":"sv-SE","potentialAction":[{"@type":"ReadAction","target":["https:\/\/cranbalt.com\/sv\/om-oss\/kvalitetspolicy\/"]}]},{"@type":"BreadcrumbList","@id":"https:\/\/cranbalt.com\/sv\/om-oss\/kvalitetspolicy\/#breadcrumb","itemListElement":[{"@type":"ListItem","position":1,"name":"Home","item":"https:\/\/cranbalt.com\/sv\/"},{"@type":"ListItem","position":2,"name":"Om oss","item":"https:\/\/cranbalt.com\/sv\/om-oss\/"},{"@type":"ListItem","position":3,"name":"Kvalitetspolicy"}]},{"@type":"WebSite","@id":"https:\/\/cranbalt.com\/lt\/#website","url":"https:\/\/cranbalt.com\/lt\/","name":"Cranbalt","description":"","inLanguage":"sv-SE"}]}},"_links":{"self":[{"href":"https:\/\/cranbalt.com\/sv\/wp-json\/wp\/v2\/pages\/2365","targetHints":{"allow":["GET"]}}],"collection":[{"href":"https:\/\/cranbalt.com\/sv\/wp-json\/wp\/v2\/pages"}],"about":[{"href":"https:\/\/cranbalt.com\/sv\/wp-json\/wp\/v2\/types\/page"}],"author":[{"embeddable":true,"href":"https:\/\/cranbalt.com\/sv\/wp-json\/wp\/v2\/users\/1"}],"replies":[{"embeddable":true,"href":"https:\/\/cranbalt.com\/sv\/wp-json\/wp\/v2\/comments?post=2365"}],"version-history":[{"count":8,"href":"https:\/\/cranbalt.com\/sv\/wp-json\/wp\/v2\/pages\/2365\/revisions"}],"predecessor-version":[{"id":37554,"href":"https:\/\/cranbalt.com\/sv\/wp-json\/wp\/v2\/pages\/2365\/revisions\/37554"}],"up":[{"embeddable":true,"href":"https:\/\/cranbalt.com\/sv\/wp-json\/wp\/v2\/pages\/2356"}],"wp:attachment":[{"href":"https:\/\/cranbalt.com\/sv\/wp-json\/wp\/v2\/media?parent=2365"}],"curies":[{"name":"wp","href":"https:\/\/api.w.org\/{rel}","templated":true}]}}