{"id":2356,"date":"2017-12-14T07:59:02","date_gmt":"2017-12-14T07:59:02","guid":{"rendered":"http:\/\/cranbalt.com\/?page_id=2356"},"modified":"2022-04-19T14:59:35","modified_gmt":"2022-04-19T12:59:35","slug":"om-oss","status":"publish","type":"page","link":"https:\/\/cranbalt.com\/sv\/om-oss\/","title":{"rendered":"Om oss"},"content":{"rendered":"","protected":false},"excerpt":{"rendered":"","protected":false},"author":1,"featured_media":0,"parent":0,"menu_order":68,"comment_status":"closed","ping_status":"closed","template":"templates\/about.php","meta":{"_acf_changed":false,"om_disable_all_campaigns":false,"inline_featured_image":false,"_monsterinsights_skip_tracking":false,"_monsterinsights_sitenote_active":false,"_monsterinsights_sitenote_note":"","_monsterinsights_sitenote_category":0,"footnotes":""},"class_list":["post-2356","page","type-page","status-publish","hentry"],"acf":[],"yoast_head":"<!-- This site is optimized with the Yoast SEO plugin v27.4 - https:\/\/yoast.com\/product\/yoast-seo-wordpress\/ -->\n<title>Om v\u00e5r historia och v\u00e5r vision f\u00f6r framtiden | Cranbalt<\/title>\n<meta name=\"description\" content=\"Hur startades Cranbalt? Det kan du l\u00e4sa om h\u00e4r - f\u00f6lj v\u00e5r historia som startades f\u00f6r \u00f6ver 50 \u00e5r sedan, till dagens v\u00e4rderingar och f\u00f6retagets framtidsplaner\" \/>\n<meta name=\"robots\" content=\"index, follow, max-snippet:-1, max-image-preview:large, max-video-preview:-1\" \/>\n<link rel=\"canonical\" href=\"https:\/\/cranbalt.com\/sv\/om-oss\/\" \/>\n<script type=\"application\/ld+json\" class=\"yoast-schema-graph\">{\"@context\":\"https:\\\/\\\/schema.org\",\"@graph\":[{\"@type\":\"WebPage\",\"@id\":\"https:\\\/\\\/cranbalt.com\\\/sv\\\/om-oss\\\/\",\"url\":\"https:\\\/\\\/cranbalt.com\\\/sv\\\/om-oss\\\/\",\"name\":\"Om v\u00e5r historia och v\u00e5r vision f\u00f6r framtiden | Cranbalt\",\"isPartOf\":{\"@id\":\"https:\\\/\\\/cranbalt.com\\\/lt\\\/#website\"},\"datePublished\":\"2017-12-14T07:59:02+00:00\",\"dateModified\":\"2022-04-19T12:59:35+00:00\",\"description\":\"Hur startades Cranbalt? Det kan du l\u00e4sa om h\u00e4r - f\u00f6lj v\u00e5r historia som startades f\u00f6r \u00f6ver 50 \u00e5r sedan, till dagens v\u00e4rderingar och f\u00f6retagets framtidsplaner\",\"breadcrumb\":{\"@id\":\"https:\\\/\\\/cranbalt.com\\\/sv\\\/om-oss\\\/#breadcrumb\"},\"inLanguage\":\"sv-SE\",\"potentialAction\":[{\"@type\":\"ReadAction\",\"target\":[\"https:\\\/\\\/cranbalt.com\\\/sv\\\/om-oss\\\/\"]}]},{\"@type\":\"BreadcrumbList\",\"@id\":\"https:\\\/\\\/cranbalt.com\\\/sv\\\/om-oss\\\/#breadcrumb\",\"itemListElement\":[{\"@type\":\"ListItem\",\"position\":1,\"name\":\"Home\",\"item\":\"https:\\\/\\\/cranbalt.com\\\/sv\\\/\"},{\"@type\":\"ListItem\",\"position\":2,\"name\":\"Om oss\"}]},{\"@type\":\"WebSite\",\"@id\":\"https:\\\/\\\/cranbalt.com\\\/lt\\\/#website\",\"url\":\"https:\\\/\\\/cranbalt.com\\\/lt\\\/\",\"name\":\"Cranbalt\",\"description\":\"\",\"inLanguage\":\"sv-SE\"}]}<\/script>\n<!-- \/ Yoast SEO plugin. -->","yoast_head_json":{"title":"Om v\u00e5r historia och v\u00e5r vision f\u00f6r framtiden | Cranbalt","description":"Hur startades Cranbalt? Det kan du l\u00e4sa om h\u00e4r - f\u00f6lj v\u00e5r historia som startades f\u00f6r \u00f6ver 50 \u00e5r sedan, till dagens v\u00e4rderingar och f\u00f6retagets framtidsplaner","robots":{"index":"index","follow":"follow","max-snippet":"max-snippet:-1","max-image-preview":"max-image-preview:large","max-video-preview":"max-video-preview:-1"},"canonical":"https:\/\/cranbalt.com\/sv\/om-oss\/","schema":{"@context":"https:\/\/schema.org","@graph":[{"@type":"WebPage","@id":"https:\/\/cranbalt.com\/sv\/om-oss\/","url":"https:\/\/cranbalt.com\/sv\/om-oss\/","name":"Om v\u00e5r historia och v\u00e5r vision f\u00f6r framtiden | Cranbalt","isPartOf":{"@id":"https:\/\/cranbalt.com\/lt\/#website"},"datePublished":"2017-12-14T07:59:02+00:00","dateModified":"2022-04-19T12:59:35+00:00","description":"Hur startades Cranbalt? Det kan du l\u00e4sa om h\u00e4r - f\u00f6lj v\u00e5r historia som startades f\u00f6r \u00f6ver 50 \u00e5r sedan, till dagens v\u00e4rderingar och f\u00f6retagets framtidsplaner","breadcrumb":{"@id":"https:\/\/cranbalt.com\/sv\/om-oss\/#breadcrumb"},"inLanguage":"sv-SE","potentialAction":[{"@type":"ReadAction","target":["https:\/\/cranbalt.com\/sv\/om-oss\/"]}]},{"@type":"BreadcrumbList","@id":"https:\/\/cranbalt.com\/sv\/om-oss\/#breadcrumb","itemListElement":[{"@type":"ListItem","position":1,"name":"Home","item":"https:\/\/cranbalt.com\/sv\/"},{"@type":"ListItem","position":2,"name":"Om oss"}]},{"@type":"WebSite","@id":"https:\/\/cranbalt.com\/lt\/#website","url":"https:\/\/cranbalt.com\/lt\/","name":"Cranbalt","description":"","inLanguage":"sv-SE"}]}},"_links":{"self":[{"href":"https:\/\/cranbalt.com\/sv\/wp-json\/wp\/v2\/pages\/2356","targetHints":{"allow":["GET"]}}],"collection":[{"href":"https:\/\/cranbalt.com\/sv\/wp-json\/wp\/v2\/pages"}],"about":[{"href":"https:\/\/cranbalt.com\/sv\/wp-json\/wp\/v2\/types\/page"}],"author":[{"embeddable":true,"href":"https:\/\/cranbalt.com\/sv\/wp-json\/wp\/v2\/users\/1"}],"replies":[{"embeddable":true,"href":"https:\/\/cranbalt.com\/sv\/wp-json\/wp\/v2\/comments?post=2356"}],"version-history":[{"count":7,"href":"https:\/\/cranbalt.com\/sv\/wp-json\/wp\/v2\/pages\/2356\/revisions"}],"predecessor-version":[{"id":15548,"href":"https:\/\/cranbalt.com\/sv\/wp-json\/wp\/v2\/pages\/2356\/revisions\/15548"}],"wp:attachment":[{"href":"https:\/\/cranbalt.com\/sv\/wp-json\/wp\/v2\/media?parent=2356"}],"curies":[{"name":"wp","href":"https:\/\/api.w.org\/{rel}","templated":true}]}}