{"id":31735,"date":"2024-06-12T08:47:30","date_gmt":"2024-06-12T06:47:30","guid":{"rendered":"https:\/\/cranbalt.com\/?page_id=31735"},"modified":"2025-07-29T08:24:38","modified_gmt":"2025-07-29T05:24:38","slug":"utleie-av-tarnkraner","status":"publish","type":"page","link":"https:\/\/cranbalt.com\/nb\/utleie-av-tarnkraner\/","title":{"rendered":"Utleie av t\u00e5rnkraner"},"content":{"rendered":"","protected":false},"excerpt":{"rendered":"","protected":false},"author":8,"featured_media":0,"parent":0,"menu_order":44,"comment_status":"closed","ping_status":"closed","template":"templates\/products.php","meta":{"_acf_changed":false,"om_disable_all_campaigns":false,"inline_featured_image":false,"_monsterinsights_skip_tracking":false,"_monsterinsights_sitenote_active":false,"_monsterinsights_sitenote_note":"","_monsterinsights_sitenote_category":0,"footnotes":""},"class_list":["post-31735","page","type-page","status-publish","hentry"],"acf":[],"yoast_head":"<!-- This site is optimized with the Yoast SEO plugin v27.4 - https:\/\/yoast.com\/product\/yoast-seo-wordpress\/ -->\n<title>Utleie av t\u00e5rnkraner - Cranbalt<\/title>\n<meta name=\"description\" content=\"12. juni 2024 - Utleie av t\u00e5rnkraner - Velg en av v\u00e5re t\u00e5rnkraner for ditt prosjekt og send oss en foresp\u00f8rsel.\" \/>\n<meta name=\"robots\" content=\"index, follow, max-snippet:-1, max-image-preview:large, max-video-preview:-1\" \/>\n<link rel=\"canonical\" href=\"https:\/\/cranbalt.com\/nb\/utleie-av-tarnkraner\/\" \/>\n<script type=\"application\/ld+json\" class=\"yoast-schema-graph\">{\"@context\":\"https:\\\/\\\/schema.org\",\"@graph\":[{\"@type\":\"WebPage\",\"@id\":\"https:\\\/\\\/cranbalt.com\\\/nb\\\/utleie-av-tarnkraner\\\/\",\"url\":\"https:\\\/\\\/cranbalt.com\\\/nb\\\/utleie-av-tarnkraner\\\/\",\"name\":\"Utleie av t\u00e5rnkraner - Cranbalt\",\"isPartOf\":{\"@id\":\"https:\\\/\\\/cranbalt.com\\\/lt\\\/#website\"},\"datePublished\":\"2024-06-12T06:47:30+00:00\",\"dateModified\":\"2025-07-29T05:24:38+00:00\",\"description\":\"12. juni 2024 - Utleie av t\u00e5rnkraner - Velg en av v\u00e5re t\u00e5rnkraner for ditt prosjekt og send oss en foresp\u00f8rsel.\",\"breadcrumb\":{\"@id\":\"https:\\\/\\\/cranbalt.com\\\/nb\\\/utleie-av-tarnkraner\\\/#breadcrumb\"},\"inLanguage\":\"nb-NO\",\"potentialAction\":[{\"@type\":\"ReadAction\",\"target\":[\"https:\\\/\\\/cranbalt.com\\\/nb\\\/utleie-av-tarnkraner\\\/\"]}]},{\"@type\":\"BreadcrumbList\",\"@id\":\"https:\\\/\\\/cranbalt.com\\\/nb\\\/utleie-av-tarnkraner\\\/#breadcrumb\",\"itemListElement\":[{\"@type\":\"ListItem\",\"position\":1,\"name\":\"Home\",\"item\":\"https:\\\/\\\/cranbalt.com\\\/nb\\\/\"},{\"@type\":\"ListItem\",\"position\":2,\"name\":\"Utleie av t\u00e5rnkraner\"}]},{\"@type\":\"WebSite\",\"@id\":\"https:\\\/\\\/cranbalt.com\\\/lt\\\/#website\",\"url\":\"https:\\\/\\\/cranbalt.com\\\/lt\\\/\",\"name\":\"Cranbalt\",\"description\":\"\",\"inLanguage\":\"nb-NO\"}]}<\/script>\n<!-- \/ Yoast SEO plugin. -->","yoast_head_json":{"title":"Utleie av t\u00e5rnkraner - Cranbalt","description":"12. juni 2024 - Utleie av t\u00e5rnkraner - Velg en av v\u00e5re t\u00e5rnkraner for ditt prosjekt og send oss en foresp\u00f8rsel.","robots":{"index":"index","follow":"follow","max-snippet":"max-snippet:-1","max-image-preview":"max-image-preview:large","max-video-preview":"max-video-preview:-1"},"canonical":"https:\/\/cranbalt.com\/nb\/utleie-av-tarnkraner\/","schema":{"@context":"https:\/\/schema.org","@graph":[{"@type":"WebPage","@id":"https:\/\/cranbalt.com\/nb\/utleie-av-tarnkraner\/","url":"https:\/\/cranbalt.com\/nb\/utleie-av-tarnkraner\/","name":"Utleie av t\u00e5rnkraner - Cranbalt","isPartOf":{"@id":"https:\/\/cranbalt.com\/lt\/#website"},"datePublished":"2024-06-12T06:47:30+00:00","dateModified":"2025-07-29T05:24:38+00:00","description":"12. juni 2024 - Utleie av t\u00e5rnkraner - Velg en av v\u00e5re t\u00e5rnkraner for ditt prosjekt og send oss en foresp\u00f8rsel.","breadcrumb":{"@id":"https:\/\/cranbalt.com\/nb\/utleie-av-tarnkraner\/#breadcrumb"},"inLanguage":"nb-NO","potentialAction":[{"@type":"ReadAction","target":["https:\/\/cranbalt.com\/nb\/utleie-av-tarnkraner\/"]}]},{"@type":"BreadcrumbList","@id":"https:\/\/cranbalt.com\/nb\/utleie-av-tarnkraner\/#breadcrumb","itemListElement":[{"@type":"ListItem","position":1,"name":"Home","item":"https:\/\/cranbalt.com\/nb\/"},{"@type":"ListItem","position":2,"name":"Utleie av t\u00e5rnkraner"}]},{"@type":"WebSite","@id":"https:\/\/cranbalt.com\/lt\/#website","url":"https:\/\/cranbalt.com\/lt\/","name":"Cranbalt","description":"","inLanguage":"nb-NO"}]}},"_links":{"self":[{"href":"https:\/\/cranbalt.com\/nb\/wp-json\/wp\/v2\/pages\/31735","targetHints":{"allow":["GET"]}}],"collection":[{"href":"https:\/\/cranbalt.com\/nb\/wp-json\/wp\/v2\/pages"}],"about":[{"href":"https:\/\/cranbalt.com\/nb\/wp-json\/wp\/v2\/types\/page"}],"author":[{"embeddable":true,"href":"https:\/\/cranbalt.com\/nb\/wp-json\/wp\/v2\/users\/8"}],"replies":[{"embeddable":true,"href":"https:\/\/cranbalt.com\/nb\/wp-json\/wp\/v2\/comments?post=31735"}],"version-history":[{"count":6,"href":"https:\/\/cranbalt.com\/nb\/wp-json\/wp\/v2\/pages\/31735\/revisions"}],"predecessor-version":[{"id":31745,"href":"https:\/\/cranbalt.com\/nb\/wp-json\/wp\/v2\/pages\/31735\/revisions\/31745"}],"wp:attachment":[{"href":"https:\/\/cranbalt.com\/nb\/wp-json\/wp\/v2\/media?parent=31735"}],"curies":[{"name":"wp","href":"https:\/\/api.w.org\/{rel}","templated":true}]}}