{"id":31664,"date":"2024-06-06T15:10:07","date_gmt":"2024-06-06T13:10:07","guid":{"rendered":"https:\/\/cranbalt.com\/?page_id=31664"},"modified":"2025-07-29T08:21:11","modified_gmt":"2025-07-29T05:21:11","slug":"cranbalt","status":"publish","type":"page","link":"https:\/\/cranbalt.com\/nb\/","title":{"rendered":"Forside"},"content":{"rendered":"","protected":false},"excerpt":{"rendered":"","protected":false},"author":8,"featured_media":0,"parent":0,"menu_order":26,"comment_status":"closed","ping_status":"closed","template":"","meta":{"_acf_changed":false,"om_disable_all_campaigns":false,"inline_featured_image":false,"_monsterinsights_skip_tracking":false,"_monsterinsights_sitenote_active":false,"_monsterinsights_sitenote_note":"","_monsterinsights_sitenote_category":0,"footnotes":""},"class_list":["post-31664","page","type-page","status-publish","hentry"],"acf":[],"yoast_head":"<!-- This site is optimized with the Yoast SEO plugin v27.4 - https:\/\/yoast.com\/product\/yoast-seo-wordpress\/ -->\n<title>Forside - Cranbalt | T\u00e5rnkran utleie og produksjon<\/title>\n<meta name=\"description\" content=\"6. juni 2024 - Forside - T\u00e5rnkranutleie og produksjon i Norden og Baltikum. Sp\u00f8r oss for mer informasjon | Cranbalt\" \/>\n<meta name=\"robots\" content=\"index, follow, max-snippet:-1, max-image-preview:large, max-video-preview:-1\" \/>\n<link rel=\"canonical\" href=\"https:\/\/cranbalt.com\/nb\/\" \/>\n<script type=\"application\/ld+json\" class=\"yoast-schema-graph\">{\"@context\":\"https:\\\/\\\/schema.org\",\"@graph\":[{\"@type\":\"WebPage\",\"@id\":\"https:\\\/\\\/cranbalt.com\\\/nb\\\/\",\"url\":\"https:\\\/\\\/cranbalt.com\\\/nb\\\/\",\"name\":\"Forside - Cranbalt | T\u00e5rnkran utleie og produksjon\",\"isPartOf\":{\"@id\":\"https:\\\/\\\/cranbalt.com\\\/lt\\\/#website\"},\"datePublished\":\"2024-06-06T13:10:07+00:00\",\"dateModified\":\"2025-07-29T05:21:11+00:00\",\"description\":\"6. juni 2024 - Forside - T\u00e5rnkranutleie og produksjon i Norden og Baltikum. Sp\u00f8r oss for mer informasjon | Cranbalt\",\"breadcrumb\":{\"@id\":\"https:\\\/\\\/cranbalt.com\\\/nb\\\/#breadcrumb\"},\"inLanguage\":\"nb-NO\",\"potentialAction\":[{\"@type\":\"ReadAction\",\"target\":[\"https:\\\/\\\/cranbalt.com\\\/nb\\\/\"]}]},{\"@type\":\"BreadcrumbList\",\"@id\":\"https:\\\/\\\/cranbalt.com\\\/nb\\\/#breadcrumb\",\"itemListElement\":[{\"@type\":\"ListItem\",\"position\":1,\"name\":\"Home\",\"item\":\"https:\\\/\\\/cranbalt.com\\\/nb\\\/\"},{\"@type\":\"ListItem\",\"position\":2,\"name\":\"Forside\"}]},{\"@type\":\"WebSite\",\"@id\":\"https:\\\/\\\/cranbalt.com\\\/lt\\\/#website\",\"url\":\"https:\\\/\\\/cranbalt.com\\\/lt\\\/\",\"name\":\"Cranbalt\",\"description\":\"\",\"inLanguage\":\"nb-NO\"}]}<\/script>\n<!-- \/ Yoast SEO plugin. -->","yoast_head_json":{"title":"Forside - Cranbalt | T\u00e5rnkran utleie og produksjon","description":"6. juni 2024 - Forside - T\u00e5rnkranutleie og produksjon i Norden og Baltikum. Sp\u00f8r oss for mer informasjon | Cranbalt","robots":{"index":"index","follow":"follow","max-snippet":"max-snippet:-1","max-image-preview":"max-image-preview:large","max-video-preview":"max-video-preview:-1"},"canonical":"https:\/\/cranbalt.com\/nb\/","schema":{"@context":"https:\/\/schema.org","@graph":[{"@type":"WebPage","@id":"https:\/\/cranbalt.com\/nb\/","url":"https:\/\/cranbalt.com\/nb\/","name":"Forside - Cranbalt | T\u00e5rnkran utleie og produksjon","isPartOf":{"@id":"https:\/\/cranbalt.com\/lt\/#website"},"datePublished":"2024-06-06T13:10:07+00:00","dateModified":"2025-07-29T05:21:11+00:00","description":"6. juni 2024 - Forside - T\u00e5rnkranutleie og produksjon i Norden og Baltikum. Sp\u00f8r oss for mer informasjon | Cranbalt","breadcrumb":{"@id":"https:\/\/cranbalt.com\/nb\/#breadcrumb"},"inLanguage":"nb-NO","potentialAction":[{"@type":"ReadAction","target":["https:\/\/cranbalt.com\/nb\/"]}]},{"@type":"BreadcrumbList","@id":"https:\/\/cranbalt.com\/nb\/#breadcrumb","itemListElement":[{"@type":"ListItem","position":1,"name":"Home","item":"https:\/\/cranbalt.com\/nb\/"},{"@type":"ListItem","position":2,"name":"Forside"}]},{"@type":"WebSite","@id":"https:\/\/cranbalt.com\/lt\/#website","url":"https:\/\/cranbalt.com\/lt\/","name":"Cranbalt","description":"","inLanguage":"nb-NO"}]}},"_links":{"self":[{"href":"https:\/\/cranbalt.com\/nb\/wp-json\/wp\/v2\/pages\/31664","targetHints":{"allow":["GET"]}}],"collection":[{"href":"https:\/\/cranbalt.com\/nb\/wp-json\/wp\/v2\/pages"}],"about":[{"href":"https:\/\/cranbalt.com\/nb\/wp-json\/wp\/v2\/types\/page"}],"author":[{"embeddable":true,"href":"https:\/\/cranbalt.com\/nb\/wp-json\/wp\/v2\/users\/8"}],"replies":[{"embeddable":true,"href":"https:\/\/cranbalt.com\/nb\/wp-json\/wp\/v2\/comments?post=31664"}],"version-history":[{"count":9,"href":"https:\/\/cranbalt.com\/nb\/wp-json\/wp\/v2\/pages\/31664\/revisions"}],"predecessor-version":[{"id":31696,"href":"https:\/\/cranbalt.com\/nb\/wp-json\/wp\/v2\/pages\/31664\/revisions\/31696"}],"wp:attachment":[{"href":"https:\/\/cranbalt.com\/nb\/wp-json\/wp\/v2\/media?parent=31664"}],"curies":[{"name":"wp","href":"https:\/\/api.w.org\/{rel}","templated":true}]}}