{"id":3106,"date":"2017-12-14T14:47:42","date_gmt":"2017-12-14T14:47:42","guid":{"rendered":"http:\/\/cranbalt.com\/par-mums\/news\/"},"modified":"2025-10-20T10:27:19","modified_gmt":"2025-10-20T07:27:19","slug":"jaunumi","status":"publish","type":"page","link":"https:\/\/cranbalt.com\/lv\/par-mums\/jaunumi\/","title":{"rendered":"Jaunumi"},"content":{"rendered":"","protected":false},"excerpt":{"rendered":"","protected":false},"author":1,"featured_media":0,"parent":2992,"menu_order":32,"comment_status":"closed","ping_status":"closed","template":"templates\/news.php","meta":{"_acf_changed":false,"om_disable_all_campaigns":false,"inline_featured_image":false,"_monsterinsights_skip_tracking":false,"_monsterinsights_sitenote_active":false,"_monsterinsights_sitenote_note":"","_monsterinsights_sitenote_category":0,"footnotes":""},"class_list":["post-3106","page","type-page","status-publish","hentry"],"acf":[],"yoast_head":"<!-- This site is optimized with the Yoast SEO plugin v27.3 - https:\/\/yoast.com\/product\/yoast-seo-wordpress\/ -->\n<title>Jaunumi - Cranbalt<\/title>\n<meta name=\"description\" content=\"2017-12-14 - Jaunumi - Svar\u012bg\u0101kie uz\u0146\u0113muma jaunumi tiek public\u0113ti zi\u0146u lap\u0101. Lietuva, Zviedrija un citas valstis.\" \/>\n<meta name=\"robots\" content=\"index, follow, max-snippet:-1, max-image-preview:large, max-video-preview:-1\" \/>\n<link rel=\"canonical\" href=\"https:\/\/cranbalt.com\/lv\/par-mums\/jaunumi\/\" \/>\n<script type=\"application\/ld+json\" class=\"yoast-schema-graph\">{\"@context\":\"https:\\\/\\\/schema.org\",\"@graph\":[{\"@type\":\"WebPage\",\"@id\":\"https:\\\/\\\/cranbalt.com\\\/lv\\\/par-mums\\\/jaunumi\\\/\",\"url\":\"https:\\\/\\\/cranbalt.com\\\/lv\\\/par-mums\\\/jaunumi\\\/\",\"name\":\"Jaunumi - Cranbalt\",\"isPartOf\":{\"@id\":\"https:\\\/\\\/cranbalt.com\\\/lt\\\/#website\"},\"datePublished\":\"2017-12-14T14:47:42+00:00\",\"dateModified\":\"2025-10-20T07:27:19+00:00\",\"description\":\"2017-12-14 - Jaunumi - Svar\u012bg\u0101kie uz\u0146\u0113muma jaunumi tiek public\u0113ti zi\u0146u lap\u0101. Lietuva, Zviedrija un citas valstis.\",\"breadcrumb\":{\"@id\":\"https:\\\/\\\/cranbalt.com\\\/lv\\\/par-mums\\\/jaunumi\\\/#breadcrumb\"},\"inLanguage\":\"lv-LV\",\"potentialAction\":[{\"@type\":\"ReadAction\",\"target\":[\"https:\\\/\\\/cranbalt.com\\\/lv\\\/par-mums\\\/jaunumi\\\/\"]}]},{\"@type\":\"BreadcrumbList\",\"@id\":\"https:\\\/\\\/cranbalt.com\\\/lv\\\/par-mums\\\/jaunumi\\\/#breadcrumb\",\"itemListElement\":[{\"@type\":\"ListItem\",\"position\":1,\"name\":\"Home\",\"item\":\"https:\\\/\\\/cranbalt.com\\\/lv\\\/\"},{\"@type\":\"ListItem\",\"position\":2,\"name\":\"Par mums\",\"item\":\"https:\\\/\\\/cranbalt.com\\\/lv\\\/par-mums\\\/\"},{\"@type\":\"ListItem\",\"position\":3,\"name\":\"Jaunumi\"}]},{\"@type\":\"WebSite\",\"@id\":\"https:\\\/\\\/cranbalt.com\\\/lt\\\/#website\",\"url\":\"https:\\\/\\\/cranbalt.com\\\/lt\\\/\",\"name\":\"Cranbalt\",\"description\":\"\",\"inLanguage\":\"lv-LV\"}]}<\/script>\n<!-- \/ Yoast SEO plugin. -->","yoast_head_json":{"title":"Jaunumi - Cranbalt","description":"2017-12-14 - Jaunumi - Svar\u012bg\u0101kie uz\u0146\u0113muma jaunumi tiek public\u0113ti zi\u0146u lap\u0101. Lietuva, Zviedrija un citas valstis.","robots":{"index":"index","follow":"follow","max-snippet":"max-snippet:-1","max-image-preview":"max-image-preview:large","max-video-preview":"max-video-preview:-1"},"canonical":"https:\/\/cranbalt.com\/lv\/par-mums\/jaunumi\/","schema":{"@context":"https:\/\/schema.org","@graph":[{"@type":"WebPage","@id":"https:\/\/cranbalt.com\/lv\/par-mums\/jaunumi\/","url":"https:\/\/cranbalt.com\/lv\/par-mums\/jaunumi\/","name":"Jaunumi - Cranbalt","isPartOf":{"@id":"https:\/\/cranbalt.com\/lt\/#website"},"datePublished":"2017-12-14T14:47:42+00:00","dateModified":"2025-10-20T07:27:19+00:00","description":"2017-12-14 - Jaunumi - Svar\u012bg\u0101kie uz\u0146\u0113muma jaunumi tiek public\u0113ti zi\u0146u lap\u0101. Lietuva, Zviedrija un citas valstis.","breadcrumb":{"@id":"https:\/\/cranbalt.com\/lv\/par-mums\/jaunumi\/#breadcrumb"},"inLanguage":"lv-LV","potentialAction":[{"@type":"ReadAction","target":["https:\/\/cranbalt.com\/lv\/par-mums\/jaunumi\/"]}]},{"@type":"BreadcrumbList","@id":"https:\/\/cranbalt.com\/lv\/par-mums\/jaunumi\/#breadcrumb","itemListElement":[{"@type":"ListItem","position":1,"name":"Home","item":"https:\/\/cranbalt.com\/lv\/"},{"@type":"ListItem","position":2,"name":"Par mums","item":"https:\/\/cranbalt.com\/lv\/par-mums\/"},{"@type":"ListItem","position":3,"name":"Jaunumi"}]},{"@type":"WebSite","@id":"https:\/\/cranbalt.com\/lt\/#website","url":"https:\/\/cranbalt.com\/lt\/","name":"Cranbalt","description":"","inLanguage":"lv-LV"}]}},"_links":{"self":[{"href":"https:\/\/cranbalt.com\/lv\/wp-json\/wp\/v2\/pages\/3106","targetHints":{"allow":["GET"]}}],"collection":[{"href":"https:\/\/cranbalt.com\/lv\/wp-json\/wp\/v2\/pages"}],"about":[{"href":"https:\/\/cranbalt.com\/lv\/wp-json\/wp\/v2\/types\/page"}],"author":[{"embeddable":true,"href":"https:\/\/cranbalt.com\/lv\/wp-json\/wp\/v2\/users\/1"}],"replies":[{"embeddable":true,"href":"https:\/\/cranbalt.com\/lv\/wp-json\/wp\/v2\/comments?post=3106"}],"version-history":[{"count":1,"href":"https:\/\/cranbalt.com\/lv\/wp-json\/wp\/v2\/pages\/3106\/revisions"}],"predecessor-version":[{"id":3107,"href":"https:\/\/cranbalt.com\/lv\/wp-json\/wp\/v2\/pages\/3106\/revisions\/3107"}],"up":[{"embeddable":true,"href":"https:\/\/cranbalt.com\/lv\/wp-json\/wp\/v2\/pages\/2992"}],"wp:attachment":[{"href":"https:\/\/cranbalt.com\/lv\/wp-json\/wp\/v2\/media?parent=3106"}],"curies":[{"name":"wp","href":"https:\/\/api.w.org\/{rel}","templated":true}]}}