{"id":3064,"date":"2018-02-10T13:37:22","date_gmt":"2018-02-10T13:37:22","guid":{"rendered":"http:\/\/cranbalt.com\/razosana\/crane-components\/"},"modified":"2025-10-20T10:16:27","modified_gmt":"2025-10-20T07:16:27","slug":"celtnu-dalas","status":"publish","type":"page","link":"https:\/\/cranbalt.com\/lv\/razosana\/celtnu-dalas\/","title":{"rendered":"Celt\u0146u da\u013cas"},"content":{"rendered":"","protected":false},"excerpt":{"rendered":"","protected":false},"author":1,"featured_media":0,"parent":2985,"menu_order":60,"comment_status":"closed","ping_status":"closed","template":"templates\/kranu-komponentai.php","meta":{"_acf_changed":false,"om_disable_all_campaigns":false,"inline_featured_image":false,"_monsterinsights_skip_tracking":false,"_monsterinsights_sitenote_active":false,"_monsterinsights_sitenote_note":"","_monsterinsights_sitenote_category":0,"footnotes":""},"class_list":["post-3064","page","type-page","status-publish","hentry"],"acf":[],"yoast_head":"<!-- This site is optimized with the Yoast SEO plugin v27.4 - https:\/\/yoast.com\/product\/yoast-seo-wordpress\/ -->\n<title>Celt\u0146u da\u013cas | Cranbalt<\/title>\n<meta name=\"description\" content=\"Celt\u0146a komponenti ir da\u017e\u0101das saliktas celt\u0146a deta\u013cas. Cranbalt sniedz ar\u012b konsult\u0101cijas nepiecie\u0161amo komponentu izv\u0113l\u0113 un piel\u0101go\u0161an\u0101.\" \/>\n<meta name=\"robots\" content=\"index, follow, max-snippet:-1, max-image-preview:large, max-video-preview:-1\" \/>\n<link rel=\"canonical\" href=\"https:\/\/cranbalt.com\/lv\/razosana\/celtnu-dalas\/\" \/>\n<script type=\"application\/ld+json\" class=\"yoast-schema-graph\">{\"@context\":\"https:\\\/\\\/schema.org\",\"@graph\":[{\"@type\":\"WebPage\",\"@id\":\"https:\\\/\\\/cranbalt.com\\\/lv\\\/razosana\\\/celtnu-dalas\\\/\",\"url\":\"https:\\\/\\\/cranbalt.com\\\/lv\\\/razosana\\\/celtnu-dalas\\\/\",\"name\":\"Celt\u0146u da\u013cas | Cranbalt\",\"isPartOf\":{\"@id\":\"https:\\\/\\\/cranbalt.com\\\/lt\\\/#website\"},\"datePublished\":\"2018-02-10T13:37:22+00:00\",\"dateModified\":\"2025-10-20T07:16:27+00:00\",\"description\":\"Celt\u0146a komponenti ir da\u017e\u0101das saliktas celt\u0146a deta\u013cas. Cranbalt sniedz ar\u012b konsult\u0101cijas nepiecie\u0161amo komponentu izv\u0113l\u0113 un piel\u0101go\u0161an\u0101.\",\"breadcrumb\":{\"@id\":\"https:\\\/\\\/cranbalt.com\\\/lv\\\/razosana\\\/celtnu-dalas\\\/#breadcrumb\"},\"inLanguage\":\"lv-LV\",\"potentialAction\":[{\"@type\":\"ReadAction\",\"target\":[\"https:\\\/\\\/cranbalt.com\\\/lv\\\/razosana\\\/celtnu-dalas\\\/\"]}]},{\"@type\":\"BreadcrumbList\",\"@id\":\"https:\\\/\\\/cranbalt.com\\\/lv\\\/razosana\\\/celtnu-dalas\\\/#breadcrumb\",\"itemListElement\":[{\"@type\":\"ListItem\",\"position\":1,\"name\":\"Home\",\"item\":\"https:\\\/\\\/cranbalt.com\\\/lv\\\/\"},{\"@type\":\"ListItem\",\"position\":2,\"name\":\"Ra\u017eo\u0161ana\",\"item\":\"https:\\\/\\\/cranbalt.com\\\/lv\\\/razosana\\\/\"},{\"@type\":\"ListItem\",\"position\":3,\"name\":\"Celt\u0146u da\u013cas\"}]},{\"@type\":\"WebSite\",\"@id\":\"https:\\\/\\\/cranbalt.com\\\/lt\\\/#website\",\"url\":\"https:\\\/\\\/cranbalt.com\\\/lt\\\/\",\"name\":\"Cranbalt\",\"description\":\"\",\"inLanguage\":\"lv-LV\"}]}<\/script>\n<!-- \/ Yoast SEO plugin. -->","yoast_head_json":{"title":"Celt\u0146u da\u013cas | Cranbalt","description":"Celt\u0146a komponenti ir da\u017e\u0101das saliktas celt\u0146a deta\u013cas. Cranbalt sniedz ar\u012b konsult\u0101cijas nepiecie\u0161amo komponentu izv\u0113l\u0113 un piel\u0101go\u0161an\u0101.","robots":{"index":"index","follow":"follow","max-snippet":"max-snippet:-1","max-image-preview":"max-image-preview:large","max-video-preview":"max-video-preview:-1"},"canonical":"https:\/\/cranbalt.com\/lv\/razosana\/celtnu-dalas\/","schema":{"@context":"https:\/\/schema.org","@graph":[{"@type":"WebPage","@id":"https:\/\/cranbalt.com\/lv\/razosana\/celtnu-dalas\/","url":"https:\/\/cranbalt.com\/lv\/razosana\/celtnu-dalas\/","name":"Celt\u0146u da\u013cas | Cranbalt","isPartOf":{"@id":"https:\/\/cranbalt.com\/lt\/#website"},"datePublished":"2018-02-10T13:37:22+00:00","dateModified":"2025-10-20T07:16:27+00:00","description":"Celt\u0146a komponenti ir da\u017e\u0101das saliktas celt\u0146a deta\u013cas. Cranbalt sniedz ar\u012b konsult\u0101cijas nepiecie\u0161amo komponentu izv\u0113l\u0113 un piel\u0101go\u0161an\u0101.","breadcrumb":{"@id":"https:\/\/cranbalt.com\/lv\/razosana\/celtnu-dalas\/#breadcrumb"},"inLanguage":"lv-LV","potentialAction":[{"@type":"ReadAction","target":["https:\/\/cranbalt.com\/lv\/razosana\/celtnu-dalas\/"]}]},{"@type":"BreadcrumbList","@id":"https:\/\/cranbalt.com\/lv\/razosana\/celtnu-dalas\/#breadcrumb","itemListElement":[{"@type":"ListItem","position":1,"name":"Home","item":"https:\/\/cranbalt.com\/lv\/"},{"@type":"ListItem","position":2,"name":"Ra\u017eo\u0161ana","item":"https:\/\/cranbalt.com\/lv\/razosana\/"},{"@type":"ListItem","position":3,"name":"Celt\u0146u da\u013cas"}]},{"@type":"WebSite","@id":"https:\/\/cranbalt.com\/lt\/#website","url":"https:\/\/cranbalt.com\/lt\/","name":"Cranbalt","description":"","inLanguage":"lv-LV"}]}},"_links":{"self":[{"href":"https:\/\/cranbalt.com\/lv\/wp-json\/wp\/v2\/pages\/3064","targetHints":{"allow":["GET"]}}],"collection":[{"href":"https:\/\/cranbalt.com\/lv\/wp-json\/wp\/v2\/pages"}],"about":[{"href":"https:\/\/cranbalt.com\/lv\/wp-json\/wp\/v2\/types\/page"}],"author":[{"embeddable":true,"href":"https:\/\/cranbalt.com\/lv\/wp-json\/wp\/v2\/users\/1"}],"replies":[{"embeddable":true,"href":"https:\/\/cranbalt.com\/lv\/wp-json\/wp\/v2\/comments?post=3064"}],"version-history":[{"count":4,"href":"https:\/\/cranbalt.com\/lv\/wp-json\/wp\/v2\/pages\/3064\/revisions"}],"predecessor-version":[{"id":3340,"href":"https:\/\/cranbalt.com\/lv\/wp-json\/wp\/v2\/pages\/3064\/revisions\/3340"}],"up":[{"embeddable":true,"href":"https:\/\/cranbalt.com\/lv\/wp-json\/wp\/v2\/pages\/2985"}],"wp:attachment":[{"href":"https:\/\/cranbalt.com\/lv\/wp-json\/wp\/v2\/media?parent=3064"}],"curies":[{"name":"wp","href":"https:\/\/api.w.org\/{rel}","templated":true}]}}