{"id":3061,"date":"2018-02-08T07:56:55","date_gmt":"2018-02-08T07:56:55","guid":{"rendered":"http:\/\/cranbalt.com\/razosana\/lifting-machinery-repairs-and-renovation\/"},"modified":"2025-10-20T10:14:59","modified_gmt":"2025-10-20T07:14:59","slug":"pacelsanas-mehanismu-remonts-un-renovacija","status":"publish","type":"page","link":"https:\/\/cranbalt.com\/lv\/razosana\/pacelsanas-mehanismu-remonts-un-renovacija\/","title":{"rendered":"Pacel\u0161anas meh\u0101nismu remonts un renov\u0101cija"},"content":{"rendered":"","protected":false},"excerpt":{"rendered":"","protected":false},"author":1,"featured_media":0,"parent":2985,"menu_order":52,"comment_status":"closed","ping_status":"closed","template":"templates\/single-service.php","meta":{"_acf_changed":false,"om_disable_all_campaigns":false,"inline_featured_image":false,"_monsterinsights_skip_tracking":false,"_monsterinsights_sitenote_active":false,"_monsterinsights_sitenote_note":"","_monsterinsights_sitenote_category":0,"footnotes":""},"class_list":["post-3061","page","type-page","status-publish","hentry"],"acf":[],"yoast_head":"<!-- This site is optimized with the Yoast SEO plugin v27.3 - https:\/\/yoast.com\/product\/yoast-seo-wordpress\/ -->\n<title>Pacel\u0161anas meh\u0101nismu remonts un renov\u0101cija | Cranbalt<\/title>\n<meta name=\"description\" content=\"Cranbalt pied\u0101v\u0101 visu veidu celt\u0146u remonta un apkopes pakalpojumus: celt\u0146u moderniz\u0101ciju, vad\u012bbas automatiz\u0101ciju, komponentu remontu utt.\" \/>\n<meta name=\"robots\" content=\"index, follow, max-snippet:-1, max-image-preview:large, max-video-preview:-1\" \/>\n<link rel=\"canonical\" href=\"https:\/\/cranbalt.com\/lv\/razosana\/pacelsanas-mehanismu-remonts-un-renovacija\/\" \/>\n<script type=\"application\/ld+json\" class=\"yoast-schema-graph\">{\"@context\":\"https:\\\/\\\/schema.org\",\"@graph\":[{\"@type\":\"WebPage\",\"@id\":\"https:\\\/\\\/cranbalt.com\\\/lv\\\/razosana\\\/pacelsanas-mehanismu-remonts-un-renovacija\\\/\",\"url\":\"https:\\\/\\\/cranbalt.com\\\/lv\\\/razosana\\\/pacelsanas-mehanismu-remonts-un-renovacija\\\/\",\"name\":\"Pacel\u0161anas meh\u0101nismu remonts un renov\u0101cija | Cranbalt\",\"isPartOf\":{\"@id\":\"https:\\\/\\\/cranbalt.com\\\/lt\\\/#website\"},\"datePublished\":\"2018-02-08T07:56:55+00:00\",\"dateModified\":\"2025-10-20T07:14:59+00:00\",\"description\":\"Cranbalt pied\u0101v\u0101 visu veidu celt\u0146u remonta un apkopes pakalpojumus: celt\u0146u moderniz\u0101ciju, vad\u012bbas automatiz\u0101ciju, komponentu remontu utt.\",\"breadcrumb\":{\"@id\":\"https:\\\/\\\/cranbalt.com\\\/lv\\\/razosana\\\/pacelsanas-mehanismu-remonts-un-renovacija\\\/#breadcrumb\"},\"inLanguage\":\"lv-LV\",\"potentialAction\":[{\"@type\":\"ReadAction\",\"target\":[\"https:\\\/\\\/cranbalt.com\\\/lv\\\/razosana\\\/pacelsanas-mehanismu-remonts-un-renovacija\\\/\"]}]},{\"@type\":\"BreadcrumbList\",\"@id\":\"https:\\\/\\\/cranbalt.com\\\/lv\\\/razosana\\\/pacelsanas-mehanismu-remonts-un-renovacija\\\/#breadcrumb\",\"itemListElement\":[{\"@type\":\"ListItem\",\"position\":1,\"name\":\"Home\",\"item\":\"https:\\\/\\\/cranbalt.com\\\/lv\\\/\"},{\"@type\":\"ListItem\",\"position\":2,\"name\":\"Ra\u017eo\u0161ana\",\"item\":\"https:\\\/\\\/cranbalt.com\\\/lv\\\/razosana\\\/\"},{\"@type\":\"ListItem\",\"position\":3,\"name\":\"Pacel\u0161anas meh\u0101nismu remonts un renov\u0101cija\"}]},{\"@type\":\"WebSite\",\"@id\":\"https:\\\/\\\/cranbalt.com\\\/lt\\\/#website\",\"url\":\"https:\\\/\\\/cranbalt.com\\\/lt\\\/\",\"name\":\"Cranbalt\",\"description\":\"\",\"inLanguage\":\"lv-LV\"}]}<\/script>\n<!-- \/ Yoast SEO plugin. -->","yoast_head_json":{"title":"Pacel\u0161anas meh\u0101nismu remonts un renov\u0101cija | Cranbalt","description":"Cranbalt pied\u0101v\u0101 visu veidu celt\u0146u remonta un apkopes pakalpojumus: celt\u0146u moderniz\u0101ciju, vad\u012bbas automatiz\u0101ciju, komponentu remontu utt.","robots":{"index":"index","follow":"follow","max-snippet":"max-snippet:-1","max-image-preview":"max-image-preview:large","max-video-preview":"max-video-preview:-1"},"canonical":"https:\/\/cranbalt.com\/lv\/razosana\/pacelsanas-mehanismu-remonts-un-renovacija\/","schema":{"@context":"https:\/\/schema.org","@graph":[{"@type":"WebPage","@id":"https:\/\/cranbalt.com\/lv\/razosana\/pacelsanas-mehanismu-remonts-un-renovacija\/","url":"https:\/\/cranbalt.com\/lv\/razosana\/pacelsanas-mehanismu-remonts-un-renovacija\/","name":"Pacel\u0161anas meh\u0101nismu remonts un renov\u0101cija | Cranbalt","isPartOf":{"@id":"https:\/\/cranbalt.com\/lt\/#website"},"datePublished":"2018-02-08T07:56:55+00:00","dateModified":"2025-10-20T07:14:59+00:00","description":"Cranbalt pied\u0101v\u0101 visu veidu celt\u0146u remonta un apkopes pakalpojumus: celt\u0146u moderniz\u0101ciju, vad\u012bbas automatiz\u0101ciju, komponentu remontu utt.","breadcrumb":{"@id":"https:\/\/cranbalt.com\/lv\/razosana\/pacelsanas-mehanismu-remonts-un-renovacija\/#breadcrumb"},"inLanguage":"lv-LV","potentialAction":[{"@type":"ReadAction","target":["https:\/\/cranbalt.com\/lv\/razosana\/pacelsanas-mehanismu-remonts-un-renovacija\/"]}]},{"@type":"BreadcrumbList","@id":"https:\/\/cranbalt.com\/lv\/razosana\/pacelsanas-mehanismu-remonts-un-renovacija\/#breadcrumb","itemListElement":[{"@type":"ListItem","position":1,"name":"Home","item":"https:\/\/cranbalt.com\/lv\/"},{"@type":"ListItem","position":2,"name":"Ra\u017eo\u0161ana","item":"https:\/\/cranbalt.com\/lv\/razosana\/"},{"@type":"ListItem","position":3,"name":"Pacel\u0161anas meh\u0101nismu remonts un renov\u0101cija"}]},{"@type":"WebSite","@id":"https:\/\/cranbalt.com\/lt\/#website","url":"https:\/\/cranbalt.com\/lt\/","name":"Cranbalt","description":"","inLanguage":"lv-LV"}]}},"_links":{"self":[{"href":"https:\/\/cranbalt.com\/lv\/wp-json\/wp\/v2\/pages\/3061","targetHints":{"allow":["GET"]}}],"collection":[{"href":"https:\/\/cranbalt.com\/lv\/wp-json\/wp\/v2\/pages"}],"about":[{"href":"https:\/\/cranbalt.com\/lv\/wp-json\/wp\/v2\/types\/page"}],"author":[{"embeddable":true,"href":"https:\/\/cranbalt.com\/lv\/wp-json\/wp\/v2\/users\/1"}],"replies":[{"embeddable":true,"href":"https:\/\/cranbalt.com\/lv\/wp-json\/wp\/v2\/comments?post=3061"}],"version-history":[{"count":4,"href":"https:\/\/cranbalt.com\/lv\/wp-json\/wp\/v2\/pages\/3061\/revisions"}],"predecessor-version":[{"id":36658,"href":"https:\/\/cranbalt.com\/lv\/wp-json\/wp\/v2\/pages\/3061\/revisions\/36658"}],"up":[{"embeddable":true,"href":"https:\/\/cranbalt.com\/lv\/wp-json\/wp\/v2\/pages\/2985"}],"wp:attachment":[{"href":"https:\/\/cranbalt.com\/lv\/wp-json\/wp\/v2\/media?parent=3061"}],"curies":[{"name":"wp","href":"https:\/\/api.w.org\/{rel}","templated":true}]}}