{"id":3058,"date":"2017-12-13T07:05:06","date_gmt":"2017-12-13T07:05:06","guid":{"rendered":"http:\/\/cranbalt.com\/razosana\/plazma-gas-cutting-services\/"},"modified":"2025-10-20T10:13:57","modified_gmt":"2025-10-20T07:13:57","slug":"plazmas-gazes-metala-griesana","status":"publish","type":"page","link":"https:\/\/cranbalt.com\/lv\/razosana\/plazmas-gazes-metala-griesana\/","title":{"rendered":"Plazmas\/g\u0101zes grie\u0161anas pakalpojumi"},"content":{"rendered":"","protected":false},"excerpt":{"rendered":"","protected":false},"author":1,"featured_media":0,"parent":2985,"menu_order":35,"comment_status":"closed","ping_status":"closed","template":"templates\/single-service.php","meta":{"_acf_changed":false,"om_disable_all_campaigns":false,"inline_featured_image":false,"_monsterinsights_skip_tracking":false,"_monsterinsights_sitenote_active":false,"_monsterinsights_sitenote_note":"","_monsterinsights_sitenote_category":0,"footnotes":""},"class_list":["post-3058","page","type-page","status-publish","hentry"],"acf":[],"yoast_head":"<!-- This site is optimized with the Yoast SEO plugin v27.3 - https:\/\/yoast.com\/product\/yoast-seo-wordpress\/ -->\n<title>Plazmas, g\u0101zes met\u0101la grie\u0161ana | Cranbalt<\/title>\n<meta name=\"description\" content=\"G\u0101zes un plazmas grie\u0161ana. Izmantotaj\u0101m grie\u0161anas iek\u0101rt\u0101m rakstur\u012bgs liels \u0101trums un precizit\u0101te. Met\u0101la loks\u0146u grie\u0161ana ar CNC iek\u0101rt\u0101m.\" \/>\n<meta name=\"robots\" content=\"index, follow, max-snippet:-1, max-image-preview:large, max-video-preview:-1\" \/>\n<link rel=\"canonical\" href=\"https:\/\/cranbalt.com\/lv\/razosana\/plazmas-gazes-metala-griesana\/\" \/>\n<script type=\"application\/ld+json\" class=\"yoast-schema-graph\">{\"@context\":\"https:\\\/\\\/schema.org\",\"@graph\":[{\"@type\":\"WebPage\",\"@id\":\"https:\\\/\\\/cranbalt.com\\\/lv\\\/razosana\\\/plazmas-gazes-metala-griesana\\\/\",\"url\":\"https:\\\/\\\/cranbalt.com\\\/lv\\\/razosana\\\/plazmas-gazes-metala-griesana\\\/\",\"name\":\"Plazmas, g\u0101zes met\u0101la grie\u0161ana | Cranbalt\",\"isPartOf\":{\"@id\":\"https:\\\/\\\/cranbalt.com\\\/lt\\\/#website\"},\"datePublished\":\"2017-12-13T07:05:06+00:00\",\"dateModified\":\"2025-10-20T07:13:57+00:00\",\"description\":\"G\u0101zes un plazmas grie\u0161ana. Izmantotaj\u0101m grie\u0161anas iek\u0101rt\u0101m rakstur\u012bgs liels \u0101trums un precizit\u0101te. Met\u0101la loks\u0146u grie\u0161ana ar CNC iek\u0101rt\u0101m.\",\"breadcrumb\":{\"@id\":\"https:\\\/\\\/cranbalt.com\\\/lv\\\/razosana\\\/plazmas-gazes-metala-griesana\\\/#breadcrumb\"},\"inLanguage\":\"lv-LV\",\"potentialAction\":[{\"@type\":\"ReadAction\",\"target\":[\"https:\\\/\\\/cranbalt.com\\\/lv\\\/razosana\\\/plazmas-gazes-metala-griesana\\\/\"]}]},{\"@type\":\"BreadcrumbList\",\"@id\":\"https:\\\/\\\/cranbalt.com\\\/lv\\\/razosana\\\/plazmas-gazes-metala-griesana\\\/#breadcrumb\",\"itemListElement\":[{\"@type\":\"ListItem\",\"position\":1,\"name\":\"Home\",\"item\":\"https:\\\/\\\/cranbalt.com\\\/lv\\\/\"},{\"@type\":\"ListItem\",\"position\":2,\"name\":\"Ra\u017eo\u0161ana\",\"item\":\"https:\\\/\\\/cranbalt.com\\\/lv\\\/razosana\\\/\"},{\"@type\":\"ListItem\",\"position\":3,\"name\":\"Plazmas\\\/g\u0101zes grie\u0161anas pakalpojumi\"}]},{\"@type\":\"WebSite\",\"@id\":\"https:\\\/\\\/cranbalt.com\\\/lt\\\/#website\",\"url\":\"https:\\\/\\\/cranbalt.com\\\/lt\\\/\",\"name\":\"Cranbalt\",\"description\":\"\",\"inLanguage\":\"lv-LV\"}]}<\/script>\n<!-- \/ Yoast SEO plugin. -->","yoast_head_json":{"title":"Plazmas, g\u0101zes met\u0101la grie\u0161ana | Cranbalt","description":"G\u0101zes un plazmas grie\u0161ana. Izmantotaj\u0101m grie\u0161anas iek\u0101rt\u0101m rakstur\u012bgs liels \u0101trums un precizit\u0101te. Met\u0101la loks\u0146u grie\u0161ana ar CNC iek\u0101rt\u0101m.","robots":{"index":"index","follow":"follow","max-snippet":"max-snippet:-1","max-image-preview":"max-image-preview:large","max-video-preview":"max-video-preview:-1"},"canonical":"https:\/\/cranbalt.com\/lv\/razosana\/plazmas-gazes-metala-griesana\/","schema":{"@context":"https:\/\/schema.org","@graph":[{"@type":"WebPage","@id":"https:\/\/cranbalt.com\/lv\/razosana\/plazmas-gazes-metala-griesana\/","url":"https:\/\/cranbalt.com\/lv\/razosana\/plazmas-gazes-metala-griesana\/","name":"Plazmas, g\u0101zes met\u0101la grie\u0161ana | Cranbalt","isPartOf":{"@id":"https:\/\/cranbalt.com\/lt\/#website"},"datePublished":"2017-12-13T07:05:06+00:00","dateModified":"2025-10-20T07:13:57+00:00","description":"G\u0101zes un plazmas grie\u0161ana. Izmantotaj\u0101m grie\u0161anas iek\u0101rt\u0101m rakstur\u012bgs liels \u0101trums un precizit\u0101te. Met\u0101la loks\u0146u grie\u0161ana ar CNC iek\u0101rt\u0101m.","breadcrumb":{"@id":"https:\/\/cranbalt.com\/lv\/razosana\/plazmas-gazes-metala-griesana\/#breadcrumb"},"inLanguage":"lv-LV","potentialAction":[{"@type":"ReadAction","target":["https:\/\/cranbalt.com\/lv\/razosana\/plazmas-gazes-metala-griesana\/"]}]},{"@type":"BreadcrumbList","@id":"https:\/\/cranbalt.com\/lv\/razosana\/plazmas-gazes-metala-griesana\/#breadcrumb","itemListElement":[{"@type":"ListItem","position":1,"name":"Home","item":"https:\/\/cranbalt.com\/lv\/"},{"@type":"ListItem","position":2,"name":"Ra\u017eo\u0161ana","item":"https:\/\/cranbalt.com\/lv\/razosana\/"},{"@type":"ListItem","position":3,"name":"Plazmas\/g\u0101zes grie\u0161anas pakalpojumi"}]},{"@type":"WebSite","@id":"https:\/\/cranbalt.com\/lt\/#website","url":"https:\/\/cranbalt.com\/lt\/","name":"Cranbalt","description":"","inLanguage":"lv-LV"}]}},"_links":{"self":[{"href":"https:\/\/cranbalt.com\/lv\/wp-json\/wp\/v2\/pages\/3058","targetHints":{"allow":["GET"]}}],"collection":[{"href":"https:\/\/cranbalt.com\/lv\/wp-json\/wp\/v2\/pages"}],"about":[{"href":"https:\/\/cranbalt.com\/lv\/wp-json\/wp\/v2\/types\/page"}],"author":[{"embeddable":true,"href":"https:\/\/cranbalt.com\/lv\/wp-json\/wp\/v2\/users\/1"}],"replies":[{"embeddable":true,"href":"https:\/\/cranbalt.com\/lv\/wp-json\/wp\/v2\/comments?post=3058"}],"version-history":[{"count":2,"href":"https:\/\/cranbalt.com\/lv\/wp-json\/wp\/v2\/pages\/3058\/revisions"}],"predecessor-version":[{"id":3060,"href":"https:\/\/cranbalt.com\/lv\/wp-json\/wp\/v2\/pages\/3058\/revisions\/3060"}],"up":[{"embeddable":true,"href":"https:\/\/cranbalt.com\/lv\/wp-json\/wp\/v2\/pages\/2985"}],"wp:attachment":[{"href":"https:\/\/cranbalt.com\/lv\/wp-json\/wp\/v2\/media?parent=3058"}],"curies":[{"name":"wp","href":"https:\/\/api.w.org\/{rel}","templated":true}]}}