{"id":3045,"date":"2017-12-12T16:46:49","date_gmt":"2017-12-12T16:46:49","guid":{"rendered":"http:\/\/cranbalt.com\/razosana\/manufacture-of-steel-structures\/"},"modified":"2025-10-20T10:12:21","modified_gmt":"2025-10-20T07:12:21","slug":"terauda-konstrukciju-razosana","status":"publish","type":"page","link":"https:\/\/cranbalt.com\/lv\/razosana\/terauda-konstrukciju-razosana\/","title":{"rendered":"T\u0113rauda konstrukciju ra\u017eo\u0161ana"},"content":{"rendered":"","protected":false},"excerpt":{"rendered":"","protected":false},"author":1,"featured_media":0,"parent":2985,"menu_order":23,"comment_status":"closed","ping_status":"closed","template":"templates\/plieno-konstrukcijos-gamyba.php","meta":{"_acf_changed":false,"om_disable_all_campaigns":false,"inline_featured_image":false,"_monsterinsights_skip_tracking":false,"_monsterinsights_sitenote_active":false,"_monsterinsights_sitenote_note":"","_monsterinsights_sitenote_category":0,"footnotes":""},"class_list":["post-3045","page","type-page","status-publish","hentry"],"acf":[],"yoast_head":"<!-- This site is optimized with the Yoast SEO plugin v27.3 - https:\/\/yoast.com\/product\/yoast-seo-wordpress\/ -->\n<title>T\u0113rauda konstrukciju ra\u017eo\u0161ana | Cranbalt<\/title>\n<meta name=\"description\" content=\"T\u0113rauda konstrukciju ra\u017eo\u0161ana, projekt\u0113\u0161ana, uzst\u0101d\u012b\u0161ana. Ra\u017eo\u0161ana p\u0113c pas\u016bt\u012bjumiem. Veikt\u0101 darba kvalit\u0101ti nodro\u0161ina kvalit\u0101tes sist\u0113mas.\" \/>\n<meta name=\"robots\" content=\"index, follow, max-snippet:-1, max-image-preview:large, max-video-preview:-1\" \/>\n<link rel=\"canonical\" href=\"https:\/\/cranbalt.com\/lv\/razosana\/terauda-konstrukciju-razosana\/\" \/>\n<script type=\"application\/ld+json\" class=\"yoast-schema-graph\">{\"@context\":\"https:\\\/\\\/schema.org\",\"@graph\":[{\"@type\":\"WebPage\",\"@id\":\"https:\\\/\\\/cranbalt.com\\\/lv\\\/razosana\\\/terauda-konstrukciju-razosana\\\/\",\"url\":\"https:\\\/\\\/cranbalt.com\\\/lv\\\/razosana\\\/terauda-konstrukciju-razosana\\\/\",\"name\":\"T\u0113rauda konstrukciju ra\u017eo\u0161ana | Cranbalt\",\"isPartOf\":{\"@id\":\"https:\\\/\\\/cranbalt.com\\\/lt\\\/#website\"},\"datePublished\":\"2017-12-12T16:46:49+00:00\",\"dateModified\":\"2025-10-20T07:12:21+00:00\",\"description\":\"T\u0113rauda konstrukciju ra\u017eo\u0161ana, projekt\u0113\u0161ana, uzst\u0101d\u012b\u0161ana. Ra\u017eo\u0161ana p\u0113c pas\u016bt\u012bjumiem. Veikt\u0101 darba kvalit\u0101ti nodro\u0161ina kvalit\u0101tes sist\u0113mas.\",\"breadcrumb\":{\"@id\":\"https:\\\/\\\/cranbalt.com\\\/lv\\\/razosana\\\/terauda-konstrukciju-razosana\\\/#breadcrumb\"},\"inLanguage\":\"lv-LV\",\"potentialAction\":[{\"@type\":\"ReadAction\",\"target\":[\"https:\\\/\\\/cranbalt.com\\\/lv\\\/razosana\\\/terauda-konstrukciju-razosana\\\/\"]}]},{\"@type\":\"BreadcrumbList\",\"@id\":\"https:\\\/\\\/cranbalt.com\\\/lv\\\/razosana\\\/terauda-konstrukciju-razosana\\\/#breadcrumb\",\"itemListElement\":[{\"@type\":\"ListItem\",\"position\":1,\"name\":\"Home\",\"item\":\"https:\\\/\\\/cranbalt.com\\\/lv\\\/\"},{\"@type\":\"ListItem\",\"position\":2,\"name\":\"Ra\u017eo\u0161ana\",\"item\":\"https:\\\/\\\/cranbalt.com\\\/lv\\\/razosana\\\/\"},{\"@type\":\"ListItem\",\"position\":3,\"name\":\"T\u0113rauda konstrukciju ra\u017eo\u0161ana\"}]},{\"@type\":\"WebSite\",\"@id\":\"https:\\\/\\\/cranbalt.com\\\/lt\\\/#website\",\"url\":\"https:\\\/\\\/cranbalt.com\\\/lt\\\/\",\"name\":\"Cranbalt\",\"description\":\"\",\"inLanguage\":\"lv-LV\"}]}<\/script>\n<!-- \/ Yoast SEO plugin. -->","yoast_head_json":{"title":"T\u0113rauda konstrukciju ra\u017eo\u0161ana | Cranbalt","description":"T\u0113rauda konstrukciju ra\u017eo\u0161ana, projekt\u0113\u0161ana, uzst\u0101d\u012b\u0161ana. Ra\u017eo\u0161ana p\u0113c pas\u016bt\u012bjumiem. Veikt\u0101 darba kvalit\u0101ti nodro\u0161ina kvalit\u0101tes sist\u0113mas.","robots":{"index":"index","follow":"follow","max-snippet":"max-snippet:-1","max-image-preview":"max-image-preview:large","max-video-preview":"max-video-preview:-1"},"canonical":"https:\/\/cranbalt.com\/lv\/razosana\/terauda-konstrukciju-razosana\/","schema":{"@context":"https:\/\/schema.org","@graph":[{"@type":"WebPage","@id":"https:\/\/cranbalt.com\/lv\/razosana\/terauda-konstrukciju-razosana\/","url":"https:\/\/cranbalt.com\/lv\/razosana\/terauda-konstrukciju-razosana\/","name":"T\u0113rauda konstrukciju ra\u017eo\u0161ana | Cranbalt","isPartOf":{"@id":"https:\/\/cranbalt.com\/lt\/#website"},"datePublished":"2017-12-12T16:46:49+00:00","dateModified":"2025-10-20T07:12:21+00:00","description":"T\u0113rauda konstrukciju ra\u017eo\u0161ana, projekt\u0113\u0161ana, uzst\u0101d\u012b\u0161ana. Ra\u017eo\u0161ana p\u0113c pas\u016bt\u012bjumiem. Veikt\u0101 darba kvalit\u0101ti nodro\u0161ina kvalit\u0101tes sist\u0113mas.","breadcrumb":{"@id":"https:\/\/cranbalt.com\/lv\/razosana\/terauda-konstrukciju-razosana\/#breadcrumb"},"inLanguage":"lv-LV","potentialAction":[{"@type":"ReadAction","target":["https:\/\/cranbalt.com\/lv\/razosana\/terauda-konstrukciju-razosana\/"]}]},{"@type":"BreadcrumbList","@id":"https:\/\/cranbalt.com\/lv\/razosana\/terauda-konstrukciju-razosana\/#breadcrumb","itemListElement":[{"@type":"ListItem","position":1,"name":"Home","item":"https:\/\/cranbalt.com\/lv\/"},{"@type":"ListItem","position":2,"name":"Ra\u017eo\u0161ana","item":"https:\/\/cranbalt.com\/lv\/razosana\/"},{"@type":"ListItem","position":3,"name":"T\u0113rauda konstrukciju ra\u017eo\u0161ana"}]},{"@type":"WebSite","@id":"https:\/\/cranbalt.com\/lt\/#website","url":"https:\/\/cranbalt.com\/lt\/","name":"Cranbalt","description":"","inLanguage":"lv-LV"}]}},"_links":{"self":[{"href":"https:\/\/cranbalt.com\/lv\/wp-json\/wp\/v2\/pages\/3045","targetHints":{"allow":["GET"]}}],"collection":[{"href":"https:\/\/cranbalt.com\/lv\/wp-json\/wp\/v2\/pages"}],"about":[{"href":"https:\/\/cranbalt.com\/lv\/wp-json\/wp\/v2\/types\/page"}],"author":[{"embeddable":true,"href":"https:\/\/cranbalt.com\/lv\/wp-json\/wp\/v2\/users\/1"}],"replies":[{"embeddable":true,"href":"https:\/\/cranbalt.com\/lv\/wp-json\/wp\/v2\/comments?post=3045"}],"version-history":[{"count":5,"href":"https:\/\/cranbalt.com\/lv\/wp-json\/wp\/v2\/pages\/3045\/revisions"}],"predecessor-version":[{"id":36657,"href":"https:\/\/cranbalt.com\/lv\/wp-json\/wp\/v2\/pages\/3045\/revisions\/36657"}],"up":[{"embeddable":true,"href":"https:\/\/cranbalt.com\/lv\/wp-json\/wp\/v2\/pages\/2985"}],"wp:attachment":[{"href":"https:\/\/cranbalt.com\/lv\/wp-json\/wp\/v2\/media?parent=3045"}],"curies":[{"name":"wp","href":"https:\/\/api.w.org\/{rel}","templated":true}]}}