{"id":3024,"date":"2017-12-12T14:46:31","date_gmt":"2017-12-12T14:46:31","guid":{"rendered":"http:\/\/cranbalt.com\/razosana\/crane-manufacturing\/"},"modified":"2025-10-20T10:11:01","modified_gmt":"2025-10-20T07:11:01","slug":"rupniecisko-celtnu-razosana","status":"publish","type":"page","link":"https:\/\/cranbalt.com\/lv\/razosana\/rupniecisko-celtnu-razosana\/","title":{"rendered":"Industri\u0101lie un tilta celt\u0146i"},"content":{"rendered":"","protected":false},"excerpt":{"rendered":"","protected":false},"author":1,"featured_media":0,"parent":2985,"menu_order":12,"comment_status":"closed","ping_status":"closed","template":"templates\/industriniu-kranu-gamyba.php","meta":{"_acf_changed":false,"om_disable_all_campaigns":false,"inline_featured_image":false,"_monsterinsights_skip_tracking":false,"_monsterinsights_sitenote_active":false,"_monsterinsights_sitenote_note":"","_monsterinsights_sitenote_category":0,"footnotes":""},"class_list":["post-3024","page","type-page","status-publish","hentry"],"acf":[],"yoast_head":"<!-- This site is optimized with the Yoast SEO plugin v27.3 - https:\/\/yoast.com\/product\/yoast-seo-wordpress\/ -->\n<title>R\u016bpniecisko celt\u0146u ra\u017eo\u0161ana | Cranbalt<\/title>\n<meta name=\"description\" content=\"Tilta celt\u0146i, r\u016bpnieciskie celt\u0146i un citi produkti. Sertifik\u0101ti garant\u0113 visaugst\u0101ko konstrukciju kvalit\u0101ti | Cranbalt\" \/>\n<meta name=\"robots\" content=\"index, follow, max-snippet:-1, max-image-preview:large, max-video-preview:-1\" \/>\n<link rel=\"canonical\" href=\"https:\/\/cranbalt.com\/lv\/razosana\/rupniecisko-celtnu-razosana\/\" \/>\n<script type=\"application\/ld+json\" class=\"yoast-schema-graph\">{\"@context\":\"https:\\\/\\\/schema.org\",\"@graph\":[{\"@type\":\"WebPage\",\"@id\":\"https:\\\/\\\/cranbalt.com\\\/lv\\\/razosana\\\/rupniecisko-celtnu-razosana\\\/\",\"url\":\"https:\\\/\\\/cranbalt.com\\\/lv\\\/razosana\\\/rupniecisko-celtnu-razosana\\\/\",\"name\":\"R\u016bpniecisko celt\u0146u ra\u017eo\u0161ana | Cranbalt\",\"isPartOf\":{\"@id\":\"https:\\\/\\\/cranbalt.com\\\/lt\\\/#website\"},\"datePublished\":\"2017-12-12T14:46:31+00:00\",\"dateModified\":\"2025-10-20T07:11:01+00:00\",\"description\":\"Tilta celt\u0146i, r\u016bpnieciskie celt\u0146i un citi produkti. Sertifik\u0101ti garant\u0113 visaugst\u0101ko konstrukciju kvalit\u0101ti | Cranbalt\",\"breadcrumb\":{\"@id\":\"https:\\\/\\\/cranbalt.com\\\/lv\\\/razosana\\\/rupniecisko-celtnu-razosana\\\/#breadcrumb\"},\"inLanguage\":\"lv-LV\",\"potentialAction\":[{\"@type\":\"ReadAction\",\"target\":[\"https:\\\/\\\/cranbalt.com\\\/lv\\\/razosana\\\/rupniecisko-celtnu-razosana\\\/\"]}]},{\"@type\":\"BreadcrumbList\",\"@id\":\"https:\\\/\\\/cranbalt.com\\\/lv\\\/razosana\\\/rupniecisko-celtnu-razosana\\\/#breadcrumb\",\"itemListElement\":[{\"@type\":\"ListItem\",\"position\":1,\"name\":\"Home\",\"item\":\"https:\\\/\\\/cranbalt.com\\\/lv\\\/\"},{\"@type\":\"ListItem\",\"position\":2,\"name\":\"Ra\u017eo\u0161ana\",\"item\":\"https:\\\/\\\/cranbalt.com\\\/lv\\\/razosana\\\/\"},{\"@type\":\"ListItem\",\"position\":3,\"name\":\"Industri\u0101lie un tilta celt\u0146i\"}]},{\"@type\":\"WebSite\",\"@id\":\"https:\\\/\\\/cranbalt.com\\\/lt\\\/#website\",\"url\":\"https:\\\/\\\/cranbalt.com\\\/lt\\\/\",\"name\":\"Cranbalt\",\"description\":\"\",\"inLanguage\":\"lv-LV\"}]}<\/script>\n<!-- \/ Yoast SEO plugin. -->","yoast_head_json":{"title":"R\u016bpniecisko celt\u0146u ra\u017eo\u0161ana | Cranbalt","description":"Tilta celt\u0146i, r\u016bpnieciskie celt\u0146i un citi produkti. Sertifik\u0101ti garant\u0113 visaugst\u0101ko konstrukciju kvalit\u0101ti | Cranbalt","robots":{"index":"index","follow":"follow","max-snippet":"max-snippet:-1","max-image-preview":"max-image-preview:large","max-video-preview":"max-video-preview:-1"},"canonical":"https:\/\/cranbalt.com\/lv\/razosana\/rupniecisko-celtnu-razosana\/","schema":{"@context":"https:\/\/schema.org","@graph":[{"@type":"WebPage","@id":"https:\/\/cranbalt.com\/lv\/razosana\/rupniecisko-celtnu-razosana\/","url":"https:\/\/cranbalt.com\/lv\/razosana\/rupniecisko-celtnu-razosana\/","name":"R\u016bpniecisko celt\u0146u ra\u017eo\u0161ana | Cranbalt","isPartOf":{"@id":"https:\/\/cranbalt.com\/lt\/#website"},"datePublished":"2017-12-12T14:46:31+00:00","dateModified":"2025-10-20T07:11:01+00:00","description":"Tilta celt\u0146i, r\u016bpnieciskie celt\u0146i un citi produkti. Sertifik\u0101ti garant\u0113 visaugst\u0101ko konstrukciju kvalit\u0101ti | Cranbalt","breadcrumb":{"@id":"https:\/\/cranbalt.com\/lv\/razosana\/rupniecisko-celtnu-razosana\/#breadcrumb"},"inLanguage":"lv-LV","potentialAction":[{"@type":"ReadAction","target":["https:\/\/cranbalt.com\/lv\/razosana\/rupniecisko-celtnu-razosana\/"]}]},{"@type":"BreadcrumbList","@id":"https:\/\/cranbalt.com\/lv\/razosana\/rupniecisko-celtnu-razosana\/#breadcrumb","itemListElement":[{"@type":"ListItem","position":1,"name":"Home","item":"https:\/\/cranbalt.com\/lv\/"},{"@type":"ListItem","position":2,"name":"Ra\u017eo\u0161ana","item":"https:\/\/cranbalt.com\/lv\/razosana\/"},{"@type":"ListItem","position":3,"name":"Industri\u0101lie un tilta celt\u0146i"}]},{"@type":"WebSite","@id":"https:\/\/cranbalt.com\/lt\/#website","url":"https:\/\/cranbalt.com\/lt\/","name":"Cranbalt","description":"","inLanguage":"lv-LV"}]}},"_links":{"self":[{"href":"https:\/\/cranbalt.com\/lv\/wp-json\/wp\/v2\/pages\/3024","targetHints":{"allow":["GET"]}}],"collection":[{"href":"https:\/\/cranbalt.com\/lv\/wp-json\/wp\/v2\/pages"}],"about":[{"href":"https:\/\/cranbalt.com\/lv\/wp-json\/wp\/v2\/types\/page"}],"author":[{"embeddable":true,"href":"https:\/\/cranbalt.com\/lv\/wp-json\/wp\/v2\/users\/1"}],"replies":[{"embeddable":true,"href":"https:\/\/cranbalt.com\/lv\/wp-json\/wp\/v2\/comments?post=3024"}],"version-history":[{"count":5,"href":"https:\/\/cranbalt.com\/lv\/wp-json\/wp\/v2\/pages\/3024\/revisions"}],"predecessor-version":[{"id":3314,"href":"https:\/\/cranbalt.com\/lv\/wp-json\/wp\/v2\/pages\/3024\/revisions\/3314"}],"up":[{"embeddable":true,"href":"https:\/\/cranbalt.com\/lv\/wp-json\/wp\/v2\/pages\/2985"}],"wp:attachment":[{"href":"https:\/\/cranbalt.com\/lv\/wp-json\/wp\/v2\/media?parent=3024"}],"curies":[{"name":"wp","href":"https:\/\/api.w.org\/{rel}","templated":true}]}}