{"id":3017,"date":"2017-12-15T07:23:06","date_gmt":"2017-12-15T07:23:06","guid":{"rendered":"http:\/\/cranbalt.com\/kontaktai\/"},"modified":"2025-10-20T10:29:30","modified_gmt":"2025-10-20T07:29:30","slug":"kontakti","status":"publish","type":"page","link":"https:\/\/cranbalt.com\/lv\/kontakti\/","title":{"rendered":"Kontakti"},"content":{"rendered":"","protected":false},"excerpt":{"rendered":"","protected":false},"author":1,"featured_media":0,"parent":0,"menu_order":75,"comment_status":"closed","ping_status":"closed","template":"templates\/contacts.php","meta":{"_acf_changed":false,"om_disable_all_campaigns":false,"inline_featured_image":false,"_monsterinsights_skip_tracking":false,"_monsterinsights_sitenote_active":false,"_monsterinsights_sitenote_note":"","_monsterinsights_sitenote_category":0,"footnotes":""},"class_list":["post-3017","page","type-page","status-publish","hentry"],"acf":[],"yoast_head":"<!-- This site is optimized with the Yoast SEO plugin v27.3 - https:\/\/yoast.com\/product\/yoast-seo-wordpress\/ -->\n<title>Kontakti - Cranbalt<\/title>\n<meta name=\"description\" content=\"2017-12-15 - Kontakti - Uz\u0146\u0113muma kontakti, karte, rekviz\u012bti un kontaktformas aizpild\u012b\u0161ana \u2014 Cranbalt. Sazinieties ar mums jau \u0161odien!\" \/>\n<meta name=\"robots\" content=\"index, follow, max-snippet:-1, max-image-preview:large, max-video-preview:-1\" \/>\n<link rel=\"canonical\" href=\"https:\/\/cranbalt.com\/lv\/kontakti\/\" \/>\n<script type=\"application\/ld+json\" class=\"yoast-schema-graph\">{\"@context\":\"https:\\\/\\\/schema.org\",\"@graph\":[{\"@type\":\"WebPage\",\"@id\":\"https:\\\/\\\/cranbalt.com\\\/lv\\\/kontakti\\\/\",\"url\":\"https:\\\/\\\/cranbalt.com\\\/lv\\\/kontakti\\\/\",\"name\":\"Kontakti - Cranbalt\",\"isPartOf\":{\"@id\":\"https:\\\/\\\/cranbalt.com\\\/lt\\\/#website\"},\"datePublished\":\"2017-12-15T07:23:06+00:00\",\"dateModified\":\"2025-10-20T07:29:30+00:00\",\"description\":\"2017-12-15 - Kontakti - Uz\u0146\u0113muma kontakti, karte, rekviz\u012bti un kontaktformas aizpild\u012b\u0161ana \u2014 Cranbalt. Sazinieties ar mums jau \u0161odien!\",\"breadcrumb\":{\"@id\":\"https:\\\/\\\/cranbalt.com\\\/lv\\\/kontakti\\\/#breadcrumb\"},\"inLanguage\":\"lv-LV\",\"potentialAction\":[{\"@type\":\"ReadAction\",\"target\":[\"https:\\\/\\\/cranbalt.com\\\/lv\\\/kontakti\\\/\"]}]},{\"@type\":\"BreadcrumbList\",\"@id\":\"https:\\\/\\\/cranbalt.com\\\/lv\\\/kontakti\\\/#breadcrumb\",\"itemListElement\":[{\"@type\":\"ListItem\",\"position\":1,\"name\":\"Home\",\"item\":\"https:\\\/\\\/cranbalt.com\\\/lv\\\/\"},{\"@type\":\"ListItem\",\"position\":2,\"name\":\"Kontakti\"}]},{\"@type\":\"WebSite\",\"@id\":\"https:\\\/\\\/cranbalt.com\\\/lt\\\/#website\",\"url\":\"https:\\\/\\\/cranbalt.com\\\/lt\\\/\",\"name\":\"Cranbalt\",\"description\":\"\",\"inLanguage\":\"lv-LV\"}]}<\/script>\n<!-- \/ Yoast SEO plugin. -->","yoast_head_json":{"title":"Kontakti - Cranbalt","description":"2017-12-15 - Kontakti - Uz\u0146\u0113muma kontakti, karte, rekviz\u012bti un kontaktformas aizpild\u012b\u0161ana \u2014 Cranbalt. Sazinieties ar mums jau \u0161odien!","robots":{"index":"index","follow":"follow","max-snippet":"max-snippet:-1","max-image-preview":"max-image-preview:large","max-video-preview":"max-video-preview:-1"},"canonical":"https:\/\/cranbalt.com\/lv\/kontakti\/","schema":{"@context":"https:\/\/schema.org","@graph":[{"@type":"WebPage","@id":"https:\/\/cranbalt.com\/lv\/kontakti\/","url":"https:\/\/cranbalt.com\/lv\/kontakti\/","name":"Kontakti - Cranbalt","isPartOf":{"@id":"https:\/\/cranbalt.com\/lt\/#website"},"datePublished":"2017-12-15T07:23:06+00:00","dateModified":"2025-10-20T07:29:30+00:00","description":"2017-12-15 - Kontakti - Uz\u0146\u0113muma kontakti, karte, rekviz\u012bti un kontaktformas aizpild\u012b\u0161ana \u2014 Cranbalt. Sazinieties ar mums jau \u0161odien!","breadcrumb":{"@id":"https:\/\/cranbalt.com\/lv\/kontakti\/#breadcrumb"},"inLanguage":"lv-LV","potentialAction":[{"@type":"ReadAction","target":["https:\/\/cranbalt.com\/lv\/kontakti\/"]}]},{"@type":"BreadcrumbList","@id":"https:\/\/cranbalt.com\/lv\/kontakti\/#breadcrumb","itemListElement":[{"@type":"ListItem","position":1,"name":"Home","item":"https:\/\/cranbalt.com\/lv\/"},{"@type":"ListItem","position":2,"name":"Kontakti"}]},{"@type":"WebSite","@id":"https:\/\/cranbalt.com\/lt\/#website","url":"https:\/\/cranbalt.com\/lt\/","name":"Cranbalt","description":"","inLanguage":"lv-LV"}]}},"_links":{"self":[{"href":"https:\/\/cranbalt.com\/lv\/wp-json\/wp\/v2\/pages\/3017","targetHints":{"allow":["GET"]}}],"collection":[{"href":"https:\/\/cranbalt.com\/lv\/wp-json\/wp\/v2\/pages"}],"about":[{"href":"https:\/\/cranbalt.com\/lv\/wp-json\/wp\/v2\/types\/page"}],"author":[{"embeddable":true,"href":"https:\/\/cranbalt.com\/lv\/wp-json\/wp\/v2\/users\/1"}],"replies":[{"embeddable":true,"href":"https:\/\/cranbalt.com\/lv\/wp-json\/wp\/v2\/comments?post=3017"}],"version-history":[{"count":6,"href":"https:\/\/cranbalt.com\/lv\/wp-json\/wp\/v2\/pages\/3017\/revisions"}],"predecessor-version":[{"id":17759,"href":"https:\/\/cranbalt.com\/lv\/wp-json\/wp\/v2\/pages\/3017\/revisions\/17759"}],"wp:attachment":[{"href":"https:\/\/cranbalt.com\/lv\/wp-json\/wp\/v2\/media?parent=3017"}],"curies":[{"name":"wp","href":"https:\/\/api.w.org\/{rel}","templated":true}]}}