{"id":3011,"date":"2017-12-12T09:02:30","date_gmt":"2017-12-12T09:02:30","guid":{"rendered":"http:\/\/cranbalt.com\/index-page\/"},"modified":"2025-10-20T08:02:46","modified_gmt":"2025-10-20T05:02:46","slug":"index-page","status":"publish","type":"page","link":"https:\/\/cranbalt.com\/lv\/","title":{"rendered":"Cranbalt"},"content":{"rendered":"","protected":false},"excerpt":{"rendered":"","protected":false},"author":1,"featured_media":0,"parent":0,"menu_order":28,"comment_status":"closed","ping_status":"closed","template":"","meta":{"_acf_changed":false,"om_disable_all_campaigns":false,"inline_featured_image":false,"_monsterinsights_skip_tracking":false,"_monsterinsights_sitenote_active":false,"_monsterinsights_sitenote_note":"","_monsterinsights_sitenote_category":0,"footnotes":""},"class_list":["post-3011","page","type-page","status-publish","hentry"],"acf":[],"yoast_head":"<!-- This site is optimized with the Yoast SEO plugin v27.4 - https:\/\/yoast.com\/product\/yoast-seo-wordpress\/ -->\n<title>Cranbalt | Celt\u0146u ra\u017eo\u0161ana un noma | Virszemes celt\u0146i<\/title>\n<meta name=\"description\" content=\"2017-12-12 - Cranbalt pied\u0101v\u0101 uzticamus risin\u0101jumus b\u016bvniec\u012bbas un r\u016bpniec\u012bbas darbiem. Da\u017e\u0101du celt\u0146u noma, met\u0101la konstrukciju ra\u017eo\u0161ana.\" \/>\n<meta name=\"robots\" content=\"index, follow, max-snippet:-1, max-image-preview:large, max-video-preview:-1\" \/>\n<link rel=\"canonical\" href=\"https:\/\/cranbalt.com\/lv\/\" \/>\n<script type=\"application\/ld+json\" class=\"yoast-schema-graph\">{\"@context\":\"https:\\\/\\\/schema.org\",\"@graph\":[{\"@type\":\"WebPage\",\"@id\":\"https:\\\/\\\/cranbalt.com\\\/lv\\\/\",\"url\":\"https:\\\/\\\/cranbalt.com\\\/lv\\\/\",\"name\":\"Cranbalt | Celt\u0146u ra\u017eo\u0161ana un noma | Virszemes celt\u0146i\",\"isPartOf\":{\"@id\":\"https:\\\/\\\/cranbalt.com\\\/lt\\\/#website\"},\"datePublished\":\"2017-12-12T09:02:30+00:00\",\"dateModified\":\"2025-10-20T05:02:46+00:00\",\"description\":\"2017-12-12 - Cranbalt pied\u0101v\u0101 uzticamus risin\u0101jumus b\u016bvniec\u012bbas un r\u016bpniec\u012bbas darbiem. Da\u017e\u0101du celt\u0146u noma, met\u0101la konstrukciju ra\u017eo\u0161ana.\",\"breadcrumb\":{\"@id\":\"https:\\\/\\\/cranbalt.com\\\/lv\\\/#breadcrumb\"},\"inLanguage\":\"lv-LV\",\"potentialAction\":[{\"@type\":\"ReadAction\",\"target\":[\"https:\\\/\\\/cranbalt.com\\\/lv\\\/\"]}]},{\"@type\":\"BreadcrumbList\",\"@id\":\"https:\\\/\\\/cranbalt.com\\\/lv\\\/#breadcrumb\",\"itemListElement\":[{\"@type\":\"ListItem\",\"position\":1,\"name\":\"Home\",\"item\":\"https:\\\/\\\/cranbalt.com\\\/lv\\\/\"},{\"@type\":\"ListItem\",\"position\":2,\"name\":\"Cranbalt\"}]},{\"@type\":\"WebSite\",\"@id\":\"https:\\\/\\\/cranbalt.com\\\/lt\\\/#website\",\"url\":\"https:\\\/\\\/cranbalt.com\\\/lt\\\/\",\"name\":\"Cranbalt\",\"description\":\"\",\"inLanguage\":\"lv-LV\"}]}<\/script>\n<!-- \/ Yoast SEO plugin. -->","yoast_head_json":{"title":"Cranbalt | Celt\u0146u ra\u017eo\u0161ana un noma | Virszemes celt\u0146i","description":"2017-12-12 - Cranbalt pied\u0101v\u0101 uzticamus risin\u0101jumus b\u016bvniec\u012bbas un r\u016bpniec\u012bbas darbiem. Da\u017e\u0101du celt\u0146u noma, met\u0101la konstrukciju ra\u017eo\u0161ana.","robots":{"index":"index","follow":"follow","max-snippet":"max-snippet:-1","max-image-preview":"max-image-preview:large","max-video-preview":"max-video-preview:-1"},"canonical":"https:\/\/cranbalt.com\/lv\/","schema":{"@context":"https:\/\/schema.org","@graph":[{"@type":"WebPage","@id":"https:\/\/cranbalt.com\/lv\/","url":"https:\/\/cranbalt.com\/lv\/","name":"Cranbalt | Celt\u0146u ra\u017eo\u0161ana un noma | Virszemes celt\u0146i","isPartOf":{"@id":"https:\/\/cranbalt.com\/lt\/#website"},"datePublished":"2017-12-12T09:02:30+00:00","dateModified":"2025-10-20T05:02:46+00:00","description":"2017-12-12 - Cranbalt pied\u0101v\u0101 uzticamus risin\u0101jumus b\u016bvniec\u012bbas un r\u016bpniec\u012bbas darbiem. Da\u017e\u0101du celt\u0146u noma, met\u0101la konstrukciju ra\u017eo\u0161ana.","breadcrumb":{"@id":"https:\/\/cranbalt.com\/lv\/#breadcrumb"},"inLanguage":"lv-LV","potentialAction":[{"@type":"ReadAction","target":["https:\/\/cranbalt.com\/lv\/"]}]},{"@type":"BreadcrumbList","@id":"https:\/\/cranbalt.com\/lv\/#breadcrumb","itemListElement":[{"@type":"ListItem","position":1,"name":"Home","item":"https:\/\/cranbalt.com\/lv\/"},{"@type":"ListItem","position":2,"name":"Cranbalt"}]},{"@type":"WebSite","@id":"https:\/\/cranbalt.com\/lt\/#website","url":"https:\/\/cranbalt.com\/lt\/","name":"Cranbalt","description":"","inLanguage":"lv-LV"}]}},"_links":{"self":[{"href":"https:\/\/cranbalt.com\/lv\/wp-json\/wp\/v2\/pages\/3011","targetHints":{"allow":["GET"]}}],"collection":[{"href":"https:\/\/cranbalt.com\/lv\/wp-json\/wp\/v2\/pages"}],"about":[{"href":"https:\/\/cranbalt.com\/lv\/wp-json\/wp\/v2\/types\/page"}],"author":[{"embeddable":true,"href":"https:\/\/cranbalt.com\/lv\/wp-json\/wp\/v2\/users\/1"}],"replies":[{"embeddable":true,"href":"https:\/\/cranbalt.com\/lv\/wp-json\/wp\/v2\/comments?post=3011"}],"version-history":[{"count":7,"href":"https:\/\/cranbalt.com\/lv\/wp-json\/wp\/v2\/pages\/3011\/revisions"}],"predecessor-version":[{"id":36656,"href":"https:\/\/cranbalt.com\/lv\/wp-json\/wp\/v2\/pages\/3011\/revisions\/36656"}],"wp:attachment":[{"href":"https:\/\/cranbalt.com\/lv\/wp-json\/wp\/v2\/media?parent=3011"}],"curies":[{"name":"wp","href":"https:\/\/api.w.org\/{rel}","templated":true}]}}