{"id":3008,"date":"2017-12-18T12:10:56","date_gmt":"2017-12-18T12:10:56","guid":{"rendered":"http:\/\/cranbalt.com\/completed-projects\/"},"modified":"2025-10-20T10:19:05","modified_gmt":"2025-10-20T07:19:05","slug":"realizetie-projekti","status":"publish","type":"page","link":"https:\/\/cranbalt.com\/lv\/realizetie-projekti\/","title":{"rendered":"Pabeigtie projekti"},"content":{"rendered":"","protected":false},"excerpt":{"rendered":"","protected":false},"author":2,"featured_media":0,"parent":0,"menu_order":63,"comment_status":"closed","ping_status":"closed","template":"templates\/portfolio.php","meta":{"_acf_changed":false,"om_disable_all_campaigns":false,"inline_featured_image":false,"_monsterinsights_skip_tracking":false,"_monsterinsights_sitenote_active":false,"_monsterinsights_sitenote_note":"","_monsterinsights_sitenote_category":0,"footnotes":""},"class_list":["post-3008","page","type-page","status-publish","hentry"],"acf":[],"yoast_head":"<!-- This site is optimized with the Yoast SEO plugin v27.3 - https:\/\/yoast.com\/product\/yoast-seo-wordpress\/ -->\n<title>Pabeigtie projekti - Cranbalt<\/title>\n<meta name=\"description\" content=\"2017-12-18 - Pabeigtie projekti - Cranbalt - b\u016bvniec\u012bbas projekta v\u0113sture. Inform\u0101cija par katru projektu.\" \/>\n<meta name=\"robots\" content=\"index, follow, max-snippet:-1, max-image-preview:large, max-video-preview:-1\" \/>\n<link rel=\"canonical\" href=\"https:\/\/cranbalt.com\/lv\/realizetie-projekti\/\" \/>\n<script type=\"application\/ld+json\" class=\"yoast-schema-graph\">{\"@context\":\"https:\\\/\\\/schema.org\",\"@graph\":[{\"@type\":\"WebPage\",\"@id\":\"https:\\\/\\\/cranbalt.com\\\/lv\\\/realizetie-projekti\\\/\",\"url\":\"https:\\\/\\\/cranbalt.com\\\/lv\\\/realizetie-projekti\\\/\",\"name\":\"Pabeigtie projekti - Cranbalt\",\"isPartOf\":{\"@id\":\"https:\\\/\\\/cranbalt.com\\\/lt\\\/#website\"},\"datePublished\":\"2017-12-18T12:10:56+00:00\",\"dateModified\":\"2025-10-20T07:19:05+00:00\",\"description\":\"2017-12-18 - Pabeigtie projekti - Cranbalt - b\u016bvniec\u012bbas projekta v\u0113sture. Inform\u0101cija par katru projektu.\",\"breadcrumb\":{\"@id\":\"https:\\\/\\\/cranbalt.com\\\/lv\\\/realizetie-projekti\\\/#breadcrumb\"},\"inLanguage\":\"lv-LV\",\"potentialAction\":[{\"@type\":\"ReadAction\",\"target\":[\"https:\\\/\\\/cranbalt.com\\\/lv\\\/realizetie-projekti\\\/\"]}]},{\"@type\":\"BreadcrumbList\",\"@id\":\"https:\\\/\\\/cranbalt.com\\\/lv\\\/realizetie-projekti\\\/#breadcrumb\",\"itemListElement\":[{\"@type\":\"ListItem\",\"position\":1,\"name\":\"Home\",\"item\":\"https:\\\/\\\/cranbalt.com\\\/lv\\\/\"},{\"@type\":\"ListItem\",\"position\":2,\"name\":\"Pabeigtie projekti\"}]},{\"@type\":\"WebSite\",\"@id\":\"https:\\\/\\\/cranbalt.com\\\/lt\\\/#website\",\"url\":\"https:\\\/\\\/cranbalt.com\\\/lt\\\/\",\"name\":\"Cranbalt\",\"description\":\"\",\"inLanguage\":\"lv-LV\"}]}<\/script>\n<!-- \/ Yoast SEO plugin. -->","yoast_head_json":{"title":"Pabeigtie projekti - Cranbalt","description":"2017-12-18 - Pabeigtie projekti - Cranbalt - b\u016bvniec\u012bbas projekta v\u0113sture. Inform\u0101cija par katru projektu.","robots":{"index":"index","follow":"follow","max-snippet":"max-snippet:-1","max-image-preview":"max-image-preview:large","max-video-preview":"max-video-preview:-1"},"canonical":"https:\/\/cranbalt.com\/lv\/realizetie-projekti\/","schema":{"@context":"https:\/\/schema.org","@graph":[{"@type":"WebPage","@id":"https:\/\/cranbalt.com\/lv\/realizetie-projekti\/","url":"https:\/\/cranbalt.com\/lv\/realizetie-projekti\/","name":"Pabeigtie projekti - Cranbalt","isPartOf":{"@id":"https:\/\/cranbalt.com\/lt\/#website"},"datePublished":"2017-12-18T12:10:56+00:00","dateModified":"2025-10-20T07:19:05+00:00","description":"2017-12-18 - Pabeigtie projekti - Cranbalt - b\u016bvniec\u012bbas projekta v\u0113sture. Inform\u0101cija par katru projektu.","breadcrumb":{"@id":"https:\/\/cranbalt.com\/lv\/realizetie-projekti\/#breadcrumb"},"inLanguage":"lv-LV","potentialAction":[{"@type":"ReadAction","target":["https:\/\/cranbalt.com\/lv\/realizetie-projekti\/"]}]},{"@type":"BreadcrumbList","@id":"https:\/\/cranbalt.com\/lv\/realizetie-projekti\/#breadcrumb","itemListElement":[{"@type":"ListItem","position":1,"name":"Home","item":"https:\/\/cranbalt.com\/lv\/"},{"@type":"ListItem","position":2,"name":"Pabeigtie projekti"}]},{"@type":"WebSite","@id":"https:\/\/cranbalt.com\/lt\/#website","url":"https:\/\/cranbalt.com\/lt\/","name":"Cranbalt","description":"","inLanguage":"lv-LV"}]}},"_links":{"self":[{"href":"https:\/\/cranbalt.com\/lv\/wp-json\/wp\/v2\/pages\/3008","targetHints":{"allow":["GET"]}}],"collection":[{"href":"https:\/\/cranbalt.com\/lv\/wp-json\/wp\/v2\/pages"}],"about":[{"href":"https:\/\/cranbalt.com\/lv\/wp-json\/wp\/v2\/types\/page"}],"author":[{"embeddable":true,"href":"https:\/\/cranbalt.com\/lv\/wp-json\/wp\/v2\/users\/2"}],"replies":[{"embeddable":true,"href":"https:\/\/cranbalt.com\/lv\/wp-json\/wp\/v2\/comments?post=3008"}],"version-history":[{"count":2,"href":"https:\/\/cranbalt.com\/lv\/wp-json\/wp\/v2\/pages\/3008\/revisions"}],"predecessor-version":[{"id":36659,"href":"https:\/\/cranbalt.com\/lv\/wp-json\/wp\/v2\/pages\/3008\/revisions\/36659"}],"wp:attachment":[{"href":"https:\/\/cranbalt.com\/lv\/wp-json\/wp\/v2\/media?parent=3008"}],"curies":[{"name":"wp","href":"https:\/\/api.w.org\/{rel}","templated":true}]}}