{"id":2992,"date":"2017-12-14T07:59:02","date_gmt":"2017-12-14T07:59:02","guid":{"rendered":"http:\/\/cranbalt.com\/about-us\/"},"modified":"2025-10-20T10:21:56","modified_gmt":"2025-10-20T07:21:56","slug":"par-mums","status":"publish","type":"page","link":"https:\/\/cranbalt.com\/lv\/par-mums\/","title":{"rendered":"Par mums"},"content":{"rendered":"","protected":false},"excerpt":{"rendered":"","protected":false},"author":1,"featured_media":0,"parent":0,"menu_order":70,"comment_status":"closed","ping_status":"closed","template":"templates\/about.php","meta":{"_acf_changed":false,"om_disable_all_campaigns":false,"inline_featured_image":false,"_monsterinsights_skip_tracking":false,"_monsterinsights_sitenote_active":false,"_monsterinsights_sitenote_note":"","_monsterinsights_sitenote_category":0,"footnotes":""},"class_list":["post-2992","page","type-page","status-publish","hentry"],"acf":[],"yoast_head":"<!-- This site is optimized with the Yoast SEO plugin v27.3 - https:\/\/yoast.com\/product\/yoast-seo-wordpress\/ -->\n<title>Par mums - Cranbalt<\/title>\n<meta name=\"description\" content=\"2017-12-14 - Par mums - Uz\u0146\u0113muma v\u0113sture, misija, v\u012bzija un saites uz dokumentiem, karjeras iesp\u0113j\u0101m un jaunumiem | Cranbalt.\" \/>\n<meta name=\"robots\" content=\"index, follow, max-snippet:-1, max-image-preview:large, max-video-preview:-1\" \/>\n<link rel=\"canonical\" href=\"https:\/\/cranbalt.com\/lv\/par-mums\/\" \/>\n<script type=\"application\/ld+json\" class=\"yoast-schema-graph\">{\"@context\":\"https:\\\/\\\/schema.org\",\"@graph\":[{\"@type\":\"WebPage\",\"@id\":\"https:\\\/\\\/cranbalt.com\\\/lv\\\/par-mums\\\/\",\"url\":\"https:\\\/\\\/cranbalt.com\\\/lv\\\/par-mums\\\/\",\"name\":\"Par mums - Cranbalt\",\"isPartOf\":{\"@id\":\"https:\\\/\\\/cranbalt.com\\\/lt\\\/#website\"},\"datePublished\":\"2017-12-14T07:59:02+00:00\",\"dateModified\":\"2025-10-20T07:21:56+00:00\",\"description\":\"2017-12-14 - Par mums - Uz\u0146\u0113muma v\u0113sture, misija, v\u012bzija un saites uz dokumentiem, karjeras iesp\u0113j\u0101m un jaunumiem | Cranbalt.\",\"breadcrumb\":{\"@id\":\"https:\\\/\\\/cranbalt.com\\\/lv\\\/par-mums\\\/#breadcrumb\"},\"inLanguage\":\"lv-LV\",\"potentialAction\":[{\"@type\":\"ReadAction\",\"target\":[\"https:\\\/\\\/cranbalt.com\\\/lv\\\/par-mums\\\/\"]}]},{\"@type\":\"BreadcrumbList\",\"@id\":\"https:\\\/\\\/cranbalt.com\\\/lv\\\/par-mums\\\/#breadcrumb\",\"itemListElement\":[{\"@type\":\"ListItem\",\"position\":1,\"name\":\"Home\",\"item\":\"https:\\\/\\\/cranbalt.com\\\/lv\\\/\"},{\"@type\":\"ListItem\",\"position\":2,\"name\":\"Par mums\"}]},{\"@type\":\"WebSite\",\"@id\":\"https:\\\/\\\/cranbalt.com\\\/lt\\\/#website\",\"url\":\"https:\\\/\\\/cranbalt.com\\\/lt\\\/\",\"name\":\"Cranbalt\",\"description\":\"\",\"inLanguage\":\"lv-LV\"}]}<\/script>\n<!-- \/ Yoast SEO plugin. -->","yoast_head_json":{"title":"Par mums - Cranbalt","description":"2017-12-14 - Par mums - Uz\u0146\u0113muma v\u0113sture, misija, v\u012bzija un saites uz dokumentiem, karjeras iesp\u0113j\u0101m un jaunumiem | Cranbalt.","robots":{"index":"index","follow":"follow","max-snippet":"max-snippet:-1","max-image-preview":"max-image-preview:large","max-video-preview":"max-video-preview:-1"},"canonical":"https:\/\/cranbalt.com\/lv\/par-mums\/","schema":{"@context":"https:\/\/schema.org","@graph":[{"@type":"WebPage","@id":"https:\/\/cranbalt.com\/lv\/par-mums\/","url":"https:\/\/cranbalt.com\/lv\/par-mums\/","name":"Par mums - Cranbalt","isPartOf":{"@id":"https:\/\/cranbalt.com\/lt\/#website"},"datePublished":"2017-12-14T07:59:02+00:00","dateModified":"2025-10-20T07:21:56+00:00","description":"2017-12-14 - Par mums - Uz\u0146\u0113muma v\u0113sture, misija, v\u012bzija un saites uz dokumentiem, karjeras iesp\u0113j\u0101m un jaunumiem | Cranbalt.","breadcrumb":{"@id":"https:\/\/cranbalt.com\/lv\/par-mums\/#breadcrumb"},"inLanguage":"lv-LV","potentialAction":[{"@type":"ReadAction","target":["https:\/\/cranbalt.com\/lv\/par-mums\/"]}]},{"@type":"BreadcrumbList","@id":"https:\/\/cranbalt.com\/lv\/par-mums\/#breadcrumb","itemListElement":[{"@type":"ListItem","position":1,"name":"Home","item":"https:\/\/cranbalt.com\/lv\/"},{"@type":"ListItem","position":2,"name":"Par mums"}]},{"@type":"WebSite","@id":"https:\/\/cranbalt.com\/lt\/#website","url":"https:\/\/cranbalt.com\/lt\/","name":"Cranbalt","description":"","inLanguage":"lv-LV"}]}},"_links":{"self":[{"href":"https:\/\/cranbalt.com\/lv\/wp-json\/wp\/v2\/pages\/2992","targetHints":{"allow":["GET"]}}],"collection":[{"href":"https:\/\/cranbalt.com\/lv\/wp-json\/wp\/v2\/pages"}],"about":[{"href":"https:\/\/cranbalt.com\/lv\/wp-json\/wp\/v2\/types\/page"}],"author":[{"embeddable":true,"href":"https:\/\/cranbalt.com\/lv\/wp-json\/wp\/v2\/users\/1"}],"replies":[{"embeddable":true,"href":"https:\/\/cranbalt.com\/lv\/wp-json\/wp\/v2\/comments?post=2992"}],"version-history":[{"count":6,"href":"https:\/\/cranbalt.com\/lv\/wp-json\/wp\/v2\/pages\/2992\/revisions"}],"predecessor-version":[{"id":14063,"href":"https:\/\/cranbalt.com\/lv\/wp-json\/wp\/v2\/pages\/2992\/revisions\/14063"}],"wp:attachment":[{"href":"https:\/\/cranbalt.com\/lv\/wp-json\/wp\/v2\/media?parent=2992"}],"curies":[{"name":"wp","href":"https:\/\/api.w.org\/{rel}","templated":true}]}}