{"id":2985,"date":"2017-12-12T14:17:34","date_gmt":"2017-12-12T14:17:34","guid":{"rendered":"http:\/\/cranbalt.com\/manufacturing\/"},"modified":"2025-10-20T08:07:16","modified_gmt":"2025-10-20T05:07:16","slug":"razosana","status":"publish","type":"page","link":"https:\/\/cranbalt.com\/lv\/razosana\/","title":{"rendered":"Ra\u017eo\u0161ana"},"content":{"rendered":"","protected":false},"excerpt":{"rendered":"","protected":false},"author":1,"featured_media":0,"parent":0,"menu_order":46,"comment_status":"closed","ping_status":"closed","template":"templates\/manufacturing.php","meta":{"_acf_changed":false,"om_disable_all_campaigns":false,"inline_featured_image":false,"_monsterinsights_skip_tracking":false,"_monsterinsights_sitenote_active":false,"_monsterinsights_sitenote_note":"","_monsterinsights_sitenote_category":0,"footnotes":""},"class_list":["post-2985","page","type-page","status-publish","hentry"],"acf":[],"yoast_head":"<!-- This site is optimized with the Yoast SEO plugin v27.3 - https:\/\/yoast.com\/product\/yoast-seo-wordpress\/ -->\n<title>Celt\u0146u ra\u017eo\u0161anas, cel\u0161anas iek\u0101rtu ra\u017eo\u0161anas remonta pakalpojumi<\/title>\n<meta name=\"description\" content=\"Cranbalt nodro\u0161ina profesion\u0101lus celt\u0146u ra\u017eo\u0161anas un pal\u012bgiek\u0101rtu ra\u017eo\u0161anas un remonta pakalpojumus. Iesniedziet piepras\u012bjumus tie\u0161saist\u0113.\" \/>\n<meta name=\"robots\" content=\"index, follow, max-snippet:-1, max-image-preview:large, max-video-preview:-1\" \/>\n<link rel=\"canonical\" href=\"https:\/\/cranbalt.com\/lv\/razosana\/\" \/>\n<script type=\"application\/ld+json\" class=\"yoast-schema-graph\">{\"@context\":\"https:\\\/\\\/schema.org\",\"@graph\":[{\"@type\":\"WebPage\",\"@id\":\"https:\\\/\\\/cranbalt.com\\\/lv\\\/razosana\\\/\",\"url\":\"https:\\\/\\\/cranbalt.com\\\/lv\\\/razosana\\\/\",\"name\":\"Celt\u0146u ra\u017eo\u0161anas, cel\u0161anas iek\u0101rtu ra\u017eo\u0161anas remonta pakalpojumi\",\"isPartOf\":{\"@id\":\"https:\\\/\\\/cranbalt.com\\\/lt\\\/#website\"},\"datePublished\":\"2017-12-12T14:17:34+00:00\",\"dateModified\":\"2025-10-20T05:07:16+00:00\",\"description\":\"Cranbalt nodro\u0161ina profesion\u0101lus celt\u0146u ra\u017eo\u0161anas un pal\u012bgiek\u0101rtu ra\u017eo\u0161anas un remonta pakalpojumus. Iesniedziet piepras\u012bjumus tie\u0161saist\u0113.\",\"breadcrumb\":{\"@id\":\"https:\\\/\\\/cranbalt.com\\\/lv\\\/razosana\\\/#breadcrumb\"},\"inLanguage\":\"lv-LV\",\"potentialAction\":[{\"@type\":\"ReadAction\",\"target\":[\"https:\\\/\\\/cranbalt.com\\\/lv\\\/razosana\\\/\"]}]},{\"@type\":\"BreadcrumbList\",\"@id\":\"https:\\\/\\\/cranbalt.com\\\/lv\\\/razosana\\\/#breadcrumb\",\"itemListElement\":[{\"@type\":\"ListItem\",\"position\":1,\"name\":\"Home\",\"item\":\"https:\\\/\\\/cranbalt.com\\\/lv\\\/\"},{\"@type\":\"ListItem\",\"position\":2,\"name\":\"Ra\u017eo\u0161ana\"}]},{\"@type\":\"WebSite\",\"@id\":\"https:\\\/\\\/cranbalt.com\\\/lt\\\/#website\",\"url\":\"https:\\\/\\\/cranbalt.com\\\/lt\\\/\",\"name\":\"Cranbalt\",\"description\":\"\",\"inLanguage\":\"lv-LV\"}]}<\/script>\n<!-- \/ Yoast SEO plugin. -->","yoast_head_json":{"title":"Celt\u0146u ra\u017eo\u0161anas, cel\u0161anas iek\u0101rtu ra\u017eo\u0161anas remonta pakalpojumi","description":"Cranbalt nodro\u0161ina profesion\u0101lus celt\u0146u ra\u017eo\u0161anas un pal\u012bgiek\u0101rtu ra\u017eo\u0161anas un remonta pakalpojumus. Iesniedziet piepras\u012bjumus tie\u0161saist\u0113.","robots":{"index":"index","follow":"follow","max-snippet":"max-snippet:-1","max-image-preview":"max-image-preview:large","max-video-preview":"max-video-preview:-1"},"canonical":"https:\/\/cranbalt.com\/lv\/razosana\/","schema":{"@context":"https:\/\/schema.org","@graph":[{"@type":"WebPage","@id":"https:\/\/cranbalt.com\/lv\/razosana\/","url":"https:\/\/cranbalt.com\/lv\/razosana\/","name":"Celt\u0146u ra\u017eo\u0161anas, cel\u0161anas iek\u0101rtu ra\u017eo\u0161anas remonta pakalpojumi","isPartOf":{"@id":"https:\/\/cranbalt.com\/lt\/#website"},"datePublished":"2017-12-12T14:17:34+00:00","dateModified":"2025-10-20T05:07:16+00:00","description":"Cranbalt nodro\u0161ina profesion\u0101lus celt\u0146u ra\u017eo\u0161anas un pal\u012bgiek\u0101rtu ra\u017eo\u0161anas un remonta pakalpojumus. Iesniedziet piepras\u012bjumus tie\u0161saist\u0113.","breadcrumb":{"@id":"https:\/\/cranbalt.com\/lv\/razosana\/#breadcrumb"},"inLanguage":"lv-LV","potentialAction":[{"@type":"ReadAction","target":["https:\/\/cranbalt.com\/lv\/razosana\/"]}]},{"@type":"BreadcrumbList","@id":"https:\/\/cranbalt.com\/lv\/razosana\/#breadcrumb","itemListElement":[{"@type":"ListItem","position":1,"name":"Home","item":"https:\/\/cranbalt.com\/lv\/"},{"@type":"ListItem","position":2,"name":"Ra\u017eo\u0161ana"}]},{"@type":"WebSite","@id":"https:\/\/cranbalt.com\/lt\/#website","url":"https:\/\/cranbalt.com\/lt\/","name":"Cranbalt","description":"","inLanguage":"lv-LV"}]}},"_links":{"self":[{"href":"https:\/\/cranbalt.com\/lv\/wp-json\/wp\/v2\/pages\/2985","targetHints":{"allow":["GET"]}}],"collection":[{"href":"https:\/\/cranbalt.com\/lv\/wp-json\/wp\/v2\/pages"}],"about":[{"href":"https:\/\/cranbalt.com\/lv\/wp-json\/wp\/v2\/types\/page"}],"author":[{"embeddable":true,"href":"https:\/\/cranbalt.com\/lv\/wp-json\/wp\/v2\/users\/1"}],"replies":[{"embeddable":true,"href":"https:\/\/cranbalt.com\/lv\/wp-json\/wp\/v2\/comments?post=2985"}],"version-history":[{"count":5,"href":"https:\/\/cranbalt.com\/lv\/wp-json\/wp\/v2\/pages\/2985\/revisions"}],"predecessor-version":[{"id":3341,"href":"https:\/\/cranbalt.com\/lv\/wp-json\/wp\/v2\/pages\/2985\/revisions\/3341"}],"wp:attachment":[{"href":"https:\/\/cranbalt.com\/lv\/wp-json\/wp\/v2\/media?parent=2985"}],"curies":[{"name":"wp","href":"https:\/\/api.w.org\/{rel}","templated":true}]}}