{"id":2981,"date":"2017-12-12T12:10:49","date_gmt":"2017-12-12T12:10:49","guid":{"rendered":"http:\/\/cranbalt.com\/tower-crane-rent\/"},"modified":"2020-08-17T07:39:11","modified_gmt":"2020-08-17T05:39:11","slug":"torna-celtnu-noma","status":"publish","type":"page","link":"https:\/\/cranbalt.com\/lv\/torna-celtnu-noma\/","title":{"rendered":"Tor\u0146a celt\u0146u noma"},"content":{"rendered":"","protected":false},"excerpt":{"rendered":"","protected":false},"author":1,"featured_media":0,"parent":0,"menu_order":43,"comment_status":"closed","ping_status":"closed","template":"templates\/products.php","meta":{"_acf_changed":false,"om_disable_all_campaigns":false,"inline_featured_image":false,"_monsterinsights_skip_tracking":false,"_monsterinsights_sitenote_active":false,"_monsterinsights_sitenote_note":"","_monsterinsights_sitenote_category":0,"footnotes":""},"class_list":["post-2981","page","type-page","status-publish","hentry"],"acf":[],"yoast_head":"<!-- This site is optimized with the Yoast SEO plugin v27.3 - https:\/\/yoast.com\/product\/yoast-seo-wordpress\/ -->\n<title>Tor\u0146a celt\u0146u noma | Tor\u0146a celt\u0146i iz\u012br\u0113\u0161anai | CranBalt<\/title>\n<meta name=\"description\" content=\"CranBalt pied\u0101v\u0101jum\u0101 izdev\u012bga tor\u0146a celt\u0146u noma. M\u016bsu tor\u0146a celt\u0146i nodro\u0161ina lielu darb\u012bbas \u0101trumu, k\u0101 ar\u012b lielisku cel\u0161anas augstuma un celtsp\u0113jas apvienojumu.\" \/>\n<meta name=\"robots\" content=\"index, follow, max-snippet:-1, max-image-preview:large, max-video-preview:-1\" \/>\n<link rel=\"canonical\" href=\"https:\/\/cranbalt.com\/lv\/torna-celtnu-noma\/\" \/>\n<script type=\"application\/ld+json\" class=\"yoast-schema-graph\">{\"@context\":\"https:\\\/\\\/schema.org\",\"@graph\":[{\"@type\":\"WebPage\",\"@id\":\"https:\\\/\\\/cranbalt.com\\\/lv\\\/torna-celtnu-noma\\\/\",\"url\":\"https:\\\/\\\/cranbalt.com\\\/lv\\\/torna-celtnu-noma\\\/\",\"name\":\"Tor\u0146a celt\u0146u noma | Tor\u0146a celt\u0146i iz\u012br\u0113\u0161anai | CranBalt\",\"isPartOf\":{\"@id\":\"https:\\\/\\\/cranbalt.com\\\/lt\\\/#website\"},\"datePublished\":\"2017-12-12T12:10:49+00:00\",\"dateModified\":\"2020-08-17T05:39:11+00:00\",\"description\":\"CranBalt pied\u0101v\u0101jum\u0101 izdev\u012bga tor\u0146a celt\u0146u noma. M\u016bsu tor\u0146a celt\u0146i nodro\u0161ina lielu darb\u012bbas \u0101trumu, k\u0101 ar\u012b lielisku cel\u0161anas augstuma un celtsp\u0113jas apvienojumu.\",\"breadcrumb\":{\"@id\":\"https:\\\/\\\/cranbalt.com\\\/lv\\\/torna-celtnu-noma\\\/#breadcrumb\"},\"inLanguage\":\"lv-LV\",\"potentialAction\":[{\"@type\":\"ReadAction\",\"target\":[\"https:\\\/\\\/cranbalt.com\\\/lv\\\/torna-celtnu-noma\\\/\"]}]},{\"@type\":\"BreadcrumbList\",\"@id\":\"https:\\\/\\\/cranbalt.com\\\/lv\\\/torna-celtnu-noma\\\/#breadcrumb\",\"itemListElement\":[{\"@type\":\"ListItem\",\"position\":1,\"name\":\"Home\",\"item\":\"https:\\\/\\\/cranbalt.com\\\/lv\\\/\"},{\"@type\":\"ListItem\",\"position\":2,\"name\":\"Tor\u0146a celt\u0146u noma\"}]},{\"@type\":\"WebSite\",\"@id\":\"https:\\\/\\\/cranbalt.com\\\/lt\\\/#website\",\"url\":\"https:\\\/\\\/cranbalt.com\\\/lt\\\/\",\"name\":\"Cranbalt\",\"description\":\"\",\"inLanguage\":\"lv-LV\"}]}<\/script>\n<!-- \/ Yoast SEO plugin. -->","yoast_head_json":{"title":"Tor\u0146a celt\u0146u noma | Tor\u0146a celt\u0146i iz\u012br\u0113\u0161anai | CranBalt","description":"CranBalt pied\u0101v\u0101jum\u0101 izdev\u012bga tor\u0146a celt\u0146u noma. M\u016bsu tor\u0146a celt\u0146i nodro\u0161ina lielu darb\u012bbas \u0101trumu, k\u0101 ar\u012b lielisku cel\u0161anas augstuma un celtsp\u0113jas apvienojumu.","robots":{"index":"index","follow":"follow","max-snippet":"max-snippet:-1","max-image-preview":"max-image-preview:large","max-video-preview":"max-video-preview:-1"},"canonical":"https:\/\/cranbalt.com\/lv\/torna-celtnu-noma\/","schema":{"@context":"https:\/\/schema.org","@graph":[{"@type":"WebPage","@id":"https:\/\/cranbalt.com\/lv\/torna-celtnu-noma\/","url":"https:\/\/cranbalt.com\/lv\/torna-celtnu-noma\/","name":"Tor\u0146a celt\u0146u noma | Tor\u0146a celt\u0146i iz\u012br\u0113\u0161anai | CranBalt","isPartOf":{"@id":"https:\/\/cranbalt.com\/lt\/#website"},"datePublished":"2017-12-12T12:10:49+00:00","dateModified":"2020-08-17T05:39:11+00:00","description":"CranBalt pied\u0101v\u0101jum\u0101 izdev\u012bga tor\u0146a celt\u0146u noma. M\u016bsu tor\u0146a celt\u0146i nodro\u0161ina lielu darb\u012bbas \u0101trumu, k\u0101 ar\u012b lielisku cel\u0161anas augstuma un celtsp\u0113jas apvienojumu.","breadcrumb":{"@id":"https:\/\/cranbalt.com\/lv\/torna-celtnu-noma\/#breadcrumb"},"inLanguage":"lv-LV","potentialAction":[{"@type":"ReadAction","target":["https:\/\/cranbalt.com\/lv\/torna-celtnu-noma\/"]}]},{"@type":"BreadcrumbList","@id":"https:\/\/cranbalt.com\/lv\/torna-celtnu-noma\/#breadcrumb","itemListElement":[{"@type":"ListItem","position":1,"name":"Home","item":"https:\/\/cranbalt.com\/lv\/"},{"@type":"ListItem","position":2,"name":"Tor\u0146a celt\u0146u noma"}]},{"@type":"WebSite","@id":"https:\/\/cranbalt.com\/lt\/#website","url":"https:\/\/cranbalt.com\/lt\/","name":"Cranbalt","description":"","inLanguage":"lv-LV"}]}},"_links":{"self":[{"href":"https:\/\/cranbalt.com\/lv\/wp-json\/wp\/v2\/pages\/2981","targetHints":{"allow":["GET"]}}],"collection":[{"href":"https:\/\/cranbalt.com\/lv\/wp-json\/wp\/v2\/pages"}],"about":[{"href":"https:\/\/cranbalt.com\/lv\/wp-json\/wp\/v2\/types\/page"}],"author":[{"embeddable":true,"href":"https:\/\/cranbalt.com\/lv\/wp-json\/wp\/v2\/users\/1"}],"replies":[{"embeddable":true,"href":"https:\/\/cranbalt.com\/lv\/wp-json\/wp\/v2\/comments?post=2981"}],"version-history":[{"count":3,"href":"https:\/\/cranbalt.com\/lv\/wp-json\/wp\/v2\/pages\/2981\/revisions"}],"predecessor-version":[{"id":7269,"href":"https:\/\/cranbalt.com\/lv\/wp-json\/wp\/v2\/pages\/2981\/revisions\/7269"}],"wp:attachment":[{"href":"https:\/\/cranbalt.com\/lv\/wp-json\/wp\/v2\/media?parent=2981"}],"curies":[{"name":"wp","href":"https:\/\/api.w.org\/{rel}","templated":true}]}}