{"id":865,"date":"2018-02-08T07:56:55","date_gmt":"2018-02-08T07:56:55","guid":{"rendered":"http:\/\/cranbalt.com\/?page_id=865"},"modified":"2025-07-22T10:56:36","modified_gmt":"2025-07-22T08:56:36","slug":"kelimo-mechanizmu-remontas-ir-renovacija","status":"publish","type":"page","link":"https:\/\/cranbalt.com\/lt\/gamyba\/kelimo-mechanizmu-remontas-ir-renovacija\/","title":{"rendered":"K\u0117limo mechanizm\u0173 remontas ir renovacija"},"content":{"rendered":"","protected":false},"excerpt":{"rendered":"","protected":false},"author":1,"featured_media":0,"parent":125,"menu_order":55,"comment_status":"closed","ping_status":"closed","template":"templates\/single-service.php","meta":{"_acf_changed":false,"om_disable_all_campaigns":false,"inline_featured_image":false,"_monsterinsights_skip_tracking":false,"_monsterinsights_sitenote_active":false,"_monsterinsights_sitenote_note":"","_monsterinsights_sitenote_category":0,"footnotes":""},"class_list":["post-865","page","type-page","status-publish","hentry"],"acf":[],"yoast_head":"<!-- This site is optimized with the Yoast SEO plugin v27.3 - https:\/\/yoast.com\/product\/yoast-seo-wordpress\/ -->\n<title>K\u0117limo mechanizm\u0173 remontas ir renovacija | Cranbalt<\/title>\n<meta name=\"description\" content=\"Cranbalt si\u016blo vis\u0173 tip\u0173 kran\u0173 remonto bei prie\u017ei\u016bros paslaugas: kran\u0173 modernizacija, valdymo automatizavimas, mazg\u0173 remontas ir t.t.\" \/>\n<meta name=\"robots\" content=\"index, follow, max-snippet:-1, max-image-preview:large, max-video-preview:-1\" \/>\n<link rel=\"canonical\" href=\"https:\/\/cranbalt.com\/lt\/gamyba\/kelimo-mechanizmu-remontas-ir-renovacija\/\" \/>\n<script type=\"application\/ld+json\" class=\"yoast-schema-graph\">{\"@context\":\"https:\\\/\\\/schema.org\",\"@graph\":[{\"@type\":\"WebPage\",\"@id\":\"https:\\\/\\\/cranbalt.com\\\/lt\\\/gamyba\\\/kelimo-mechanizmu-remontas-ir-renovacija\\\/\",\"url\":\"https:\\\/\\\/cranbalt.com\\\/lt\\\/gamyba\\\/kelimo-mechanizmu-remontas-ir-renovacija\\\/\",\"name\":\"K\u0117limo mechanizm\u0173 remontas ir renovacija | Cranbalt\",\"isPartOf\":{\"@id\":\"https:\\\/\\\/cranbalt.com\\\/lt\\\/#website\"},\"datePublished\":\"2018-02-08T07:56:55+00:00\",\"dateModified\":\"2025-07-22T08:56:36+00:00\",\"description\":\"Cranbalt si\u016blo vis\u0173 tip\u0173 kran\u0173 remonto bei prie\u017ei\u016bros paslaugas: kran\u0173 modernizacija, valdymo automatizavimas, mazg\u0173 remontas ir t.t.\",\"breadcrumb\":{\"@id\":\"https:\\\/\\\/cranbalt.com\\\/lt\\\/gamyba\\\/kelimo-mechanizmu-remontas-ir-renovacija\\\/#breadcrumb\"},\"inLanguage\":\"lt-LT\",\"potentialAction\":[{\"@type\":\"ReadAction\",\"target\":[\"https:\\\/\\\/cranbalt.com\\\/lt\\\/gamyba\\\/kelimo-mechanizmu-remontas-ir-renovacija\\\/\"]}]},{\"@type\":\"BreadcrumbList\",\"@id\":\"https:\\\/\\\/cranbalt.com\\\/lt\\\/gamyba\\\/kelimo-mechanizmu-remontas-ir-renovacija\\\/#breadcrumb\",\"itemListElement\":[{\"@type\":\"ListItem\",\"position\":1,\"name\":\"Home\",\"item\":\"https:\\\/\\\/cranbalt.com\\\/lt\\\/\"},{\"@type\":\"ListItem\",\"position\":2,\"name\":\"Gamyba\",\"item\":\"https:\\\/\\\/cranbalt.com\\\/lt\\\/gamyba\\\/\"},{\"@type\":\"ListItem\",\"position\":3,\"name\":\"K\u0117limo mechanizm\u0173 remontas ir renovacija\"}]},{\"@type\":\"WebSite\",\"@id\":\"https:\\\/\\\/cranbalt.com\\\/lt\\\/#website\",\"url\":\"https:\\\/\\\/cranbalt.com\\\/lt\\\/\",\"name\":\"Cranbalt\",\"description\":\"Cranbalt\",\"inLanguage\":\"lt-LT\"}]}<\/script>\n<!-- \/ Yoast SEO plugin. -->","yoast_head_json":{"title":"K\u0117limo mechanizm\u0173 remontas ir renovacija | Cranbalt","description":"Cranbalt si\u016blo vis\u0173 tip\u0173 kran\u0173 remonto bei prie\u017ei\u016bros paslaugas: kran\u0173 modernizacija, valdymo automatizavimas, mazg\u0173 remontas ir t.t.","robots":{"index":"index","follow":"follow","max-snippet":"max-snippet:-1","max-image-preview":"max-image-preview:large","max-video-preview":"max-video-preview:-1"},"canonical":"https:\/\/cranbalt.com\/lt\/gamyba\/kelimo-mechanizmu-remontas-ir-renovacija\/","schema":{"@context":"https:\/\/schema.org","@graph":[{"@type":"WebPage","@id":"https:\/\/cranbalt.com\/lt\/gamyba\/kelimo-mechanizmu-remontas-ir-renovacija\/","url":"https:\/\/cranbalt.com\/lt\/gamyba\/kelimo-mechanizmu-remontas-ir-renovacija\/","name":"K\u0117limo mechanizm\u0173 remontas ir renovacija | Cranbalt","isPartOf":{"@id":"https:\/\/cranbalt.com\/lt\/#website"},"datePublished":"2018-02-08T07:56:55+00:00","dateModified":"2025-07-22T08:56:36+00:00","description":"Cranbalt si\u016blo vis\u0173 tip\u0173 kran\u0173 remonto bei prie\u017ei\u016bros paslaugas: kran\u0173 modernizacija, valdymo automatizavimas, mazg\u0173 remontas ir t.t.","breadcrumb":{"@id":"https:\/\/cranbalt.com\/lt\/gamyba\/kelimo-mechanizmu-remontas-ir-renovacija\/#breadcrumb"},"inLanguage":"lt-LT","potentialAction":[{"@type":"ReadAction","target":["https:\/\/cranbalt.com\/lt\/gamyba\/kelimo-mechanizmu-remontas-ir-renovacija\/"]}]},{"@type":"BreadcrumbList","@id":"https:\/\/cranbalt.com\/lt\/gamyba\/kelimo-mechanizmu-remontas-ir-renovacija\/#breadcrumb","itemListElement":[{"@type":"ListItem","position":1,"name":"Home","item":"https:\/\/cranbalt.com\/lt\/"},{"@type":"ListItem","position":2,"name":"Gamyba","item":"https:\/\/cranbalt.com\/lt\/gamyba\/"},{"@type":"ListItem","position":3,"name":"K\u0117limo mechanizm\u0173 remontas ir renovacija"}]},{"@type":"WebSite","@id":"https:\/\/cranbalt.com\/lt\/#website","url":"https:\/\/cranbalt.com\/lt\/","name":"Cranbalt","description":"Cranbalt","inLanguage":"lt-LT"}]}},"_links":{"self":[{"href":"https:\/\/cranbalt.com\/lt\/wp-json\/wp\/v2\/pages\/865","targetHints":{"allow":["GET"]}}],"collection":[{"href":"https:\/\/cranbalt.com\/lt\/wp-json\/wp\/v2\/pages"}],"about":[{"href":"https:\/\/cranbalt.com\/lt\/wp-json\/wp\/v2\/types\/page"}],"author":[{"embeddable":true,"href":"https:\/\/cranbalt.com\/lt\/wp-json\/wp\/v2\/users\/1"}],"replies":[{"embeddable":true,"href":"https:\/\/cranbalt.com\/lt\/wp-json\/wp\/v2\/comments?post=865"}],"version-history":[{"count":5,"href":"https:\/\/cranbalt.com\/lt\/wp-json\/wp\/v2\/pages\/865\/revisions"}],"predecessor-version":[{"id":2818,"href":"https:\/\/cranbalt.com\/lt\/wp-json\/wp\/v2\/pages\/865\/revisions\/2818"}],"up":[{"embeddable":true,"href":"https:\/\/cranbalt.com\/lt\/wp-json\/wp\/v2\/pages\/125"}],"wp:attachment":[{"href":"https:\/\/cranbalt.com\/lt\/wp-json\/wp\/v2\/media?parent=865"}],"curies":[{"name":"wp","href":"https:\/\/api.w.org\/{rel}","templated":true}]}}