{"id":82,"date":"2017-12-12T12:10:49","date_gmt":"2017-12-12T12:10:49","guid":{"rendered":"http:\/\/cranbalt.com\/?page_id=82"},"modified":"2025-07-22T10:48:15","modified_gmt":"2025-07-22T08:48:15","slug":"bokstiniu-kranu-nuoma","status":"publish","type":"page","link":"https:\/\/cranbalt.com\/lt\/bokstiniu-kranu-nuoma\/","title":{"rendered":"Bok\u0161tini\u0173 kran\u0173 nuoma"},"content":{"rendered":"","protected":false},"excerpt":{"rendered":"","protected":false},"author":1,"featured_media":0,"parent":0,"menu_order":41,"comment_status":"closed","ping_status":"closed","template":"templates\/products.php","meta":{"_acf_changed":false,"om_disable_all_campaigns":false,"inline_featured_image":false,"_monsterinsights_skip_tracking":false,"_monsterinsights_sitenote_active":false,"_monsterinsights_sitenote_note":"","_monsterinsights_sitenote_category":0,"footnotes":""},"class_list":["post-82","page","type-page","status-publish","hentry"],"acf":[],"yoast_head":"<!-- This site is optimized with the Yoast SEO plugin v27.3 - https:\/\/yoast.com\/product\/yoast-seo-wordpress\/ -->\n<title>Bok\u0161tiniai kranai | Krano nuoma | Cranbalt.com<\/title>\n<meta name=\"description\" content=\"Bok\u0161tiniai kranai, j\u0173 nuoma \u2013 internetin\u0117je svetain\u0117je Cranbalt. Pastatykime pasaul\u012f kartu! Sutaupykite daugiau pinig\u0173 ir laiko | Terex\" \/>\n<meta name=\"robots\" content=\"index, follow, max-snippet:-1, max-image-preview:large, max-video-preview:-1\" \/>\n<link rel=\"canonical\" href=\"https:\/\/cranbalt.com\/lt\/bokstiniu-kranu-nuoma\/\" \/>\n<script type=\"application\/ld+json\" class=\"yoast-schema-graph\">{\"@context\":\"https:\\\/\\\/schema.org\",\"@graph\":[{\"@type\":\"WebPage\",\"@id\":\"https:\\\/\\\/cranbalt.com\\\/lt\\\/bokstiniu-kranu-nuoma\\\/\",\"url\":\"https:\\\/\\\/cranbalt.com\\\/lt\\\/bokstiniu-kranu-nuoma\\\/\",\"name\":\"Bok\u0161tiniai kranai | Krano nuoma | Cranbalt.com\",\"isPartOf\":{\"@id\":\"https:\\\/\\\/cranbalt.com\\\/lt\\\/#website\"},\"datePublished\":\"2017-12-12T12:10:49+00:00\",\"dateModified\":\"2025-07-22T08:48:15+00:00\",\"description\":\"Bok\u0161tiniai kranai, j\u0173 nuoma \u2013 internetin\u0117je svetain\u0117je Cranbalt. Pastatykime pasaul\u012f kartu! Sutaupykite daugiau pinig\u0173 ir laiko | Terex\",\"breadcrumb\":{\"@id\":\"https:\\\/\\\/cranbalt.com\\\/lt\\\/bokstiniu-kranu-nuoma\\\/#breadcrumb\"},\"inLanguage\":\"lt-LT\",\"potentialAction\":[{\"@type\":\"ReadAction\",\"target\":[\"https:\\\/\\\/cranbalt.com\\\/lt\\\/bokstiniu-kranu-nuoma\\\/\"]}]},{\"@type\":\"BreadcrumbList\",\"@id\":\"https:\\\/\\\/cranbalt.com\\\/lt\\\/bokstiniu-kranu-nuoma\\\/#breadcrumb\",\"itemListElement\":[{\"@type\":\"ListItem\",\"position\":1,\"name\":\"Home\",\"item\":\"https:\\\/\\\/cranbalt.com\\\/lt\\\/\"},{\"@type\":\"ListItem\",\"position\":2,\"name\":\"Bok\u0161tini\u0173 kran\u0173 nuoma\"}]},{\"@type\":\"WebSite\",\"@id\":\"https:\\\/\\\/cranbalt.com\\\/lt\\\/#website\",\"url\":\"https:\\\/\\\/cranbalt.com\\\/lt\\\/\",\"name\":\"Cranbalt\",\"description\":\"Cranbalt\",\"inLanguage\":\"lt-LT\"}]}<\/script>\n<!-- \/ Yoast SEO plugin. -->","yoast_head_json":{"title":"Bok\u0161tiniai kranai | Krano nuoma | Cranbalt.com","description":"Bok\u0161tiniai kranai, j\u0173 nuoma \u2013 internetin\u0117je svetain\u0117je Cranbalt. Pastatykime pasaul\u012f kartu! Sutaupykite daugiau pinig\u0173 ir laiko | Terex","robots":{"index":"index","follow":"follow","max-snippet":"max-snippet:-1","max-image-preview":"max-image-preview:large","max-video-preview":"max-video-preview:-1"},"canonical":"https:\/\/cranbalt.com\/lt\/bokstiniu-kranu-nuoma\/","schema":{"@context":"https:\/\/schema.org","@graph":[{"@type":"WebPage","@id":"https:\/\/cranbalt.com\/lt\/bokstiniu-kranu-nuoma\/","url":"https:\/\/cranbalt.com\/lt\/bokstiniu-kranu-nuoma\/","name":"Bok\u0161tiniai kranai | Krano nuoma | Cranbalt.com","isPartOf":{"@id":"https:\/\/cranbalt.com\/lt\/#website"},"datePublished":"2017-12-12T12:10:49+00:00","dateModified":"2025-07-22T08:48:15+00:00","description":"Bok\u0161tiniai kranai, j\u0173 nuoma \u2013 internetin\u0117je svetain\u0117je Cranbalt. Pastatykime pasaul\u012f kartu! Sutaupykite daugiau pinig\u0173 ir laiko | Terex","breadcrumb":{"@id":"https:\/\/cranbalt.com\/lt\/bokstiniu-kranu-nuoma\/#breadcrumb"},"inLanguage":"lt-LT","potentialAction":[{"@type":"ReadAction","target":["https:\/\/cranbalt.com\/lt\/bokstiniu-kranu-nuoma\/"]}]},{"@type":"BreadcrumbList","@id":"https:\/\/cranbalt.com\/lt\/bokstiniu-kranu-nuoma\/#breadcrumb","itemListElement":[{"@type":"ListItem","position":1,"name":"Home","item":"https:\/\/cranbalt.com\/lt\/"},{"@type":"ListItem","position":2,"name":"Bok\u0161tini\u0173 kran\u0173 nuoma"}]},{"@type":"WebSite","@id":"https:\/\/cranbalt.com\/lt\/#website","url":"https:\/\/cranbalt.com\/lt\/","name":"Cranbalt","description":"Cranbalt","inLanguage":"lt-LT"}]}},"_links":{"self":[{"href":"https:\/\/cranbalt.com\/lt\/wp-json\/wp\/v2\/pages\/82","targetHints":{"allow":["GET"]}}],"collection":[{"href":"https:\/\/cranbalt.com\/lt\/wp-json\/wp\/v2\/pages"}],"about":[{"href":"https:\/\/cranbalt.com\/lt\/wp-json\/wp\/v2\/types\/page"}],"author":[{"embeddable":true,"href":"https:\/\/cranbalt.com\/lt\/wp-json\/wp\/v2\/users\/1"}],"replies":[{"embeddable":true,"href":"https:\/\/cranbalt.com\/lt\/wp-json\/wp\/v2\/comments?post=82"}],"version-history":[{"count":4,"href":"https:\/\/cranbalt.com\/lt\/wp-json\/wp\/v2\/pages\/82\/revisions"}],"predecessor-version":[{"id":7270,"href":"https:\/\/cranbalt.com\/lt\/wp-json\/wp\/v2\/pages\/82\/revisions\/7270"}],"wp:attachment":[{"href":"https:\/\/cranbalt.com\/lt\/wp-json\/wp\/v2\/media?parent=82"}],"curies":[{"name":"wp","href":"https:\/\/api.w.org\/{rel}","templated":true}]}}