{"id":365,"date":"2017-12-14T14:47:42","date_gmt":"2017-12-14T14:47:42","guid":{"rendered":"http:\/\/cranbalt.com\/?page_id=365"},"modified":"2025-10-20T10:27:09","modified_gmt":"2025-10-20T07:27:09","slug":"naujienos","status":"publish","type":"page","link":"https:\/\/cranbalt.com\/lt\/apie-mus\/naujienos\/","title":{"rendered":"Naujienos"},"content":{"rendered":"","protected":false},"excerpt":{"rendered":"","protected":false},"author":1,"featured_media":0,"parent":285,"menu_order":31,"comment_status":"closed","ping_status":"closed","template":"templates\/news.php","meta":{"_acf_changed":false,"om_disable_all_campaigns":false,"inline_featured_image":false,"_monsterinsights_skip_tracking":false,"_monsterinsights_sitenote_active":false,"_monsterinsights_sitenote_note":"","_monsterinsights_sitenote_category":0,"footnotes":""},"class_list":["post-365","page","type-page","status-publish","hentry"],"acf":[],"yoast_head":"<!-- This site is optimized with the Yoast SEO plugin v27.4 - https:\/\/yoast.com\/product\/yoast-seo-wordpress\/ -->\n<title>Naujienos - Cranbalt<\/title>\n<meta name=\"description\" content=\"2017 14 gruod\u017eio - Naujienos - svarbiausios \u012fmon\u0117s naujienos talpinamos naujien\u0173 puslapyje. Lietuva, \u0160vedija bei kitos \u0161alys.\" \/>\n<meta name=\"robots\" content=\"index, follow, max-snippet:-1, max-image-preview:large, max-video-preview:-1\" \/>\n<link rel=\"canonical\" href=\"https:\/\/cranbalt.com\/lt\/apie-mus\/naujienos\/\" \/>\n<script type=\"application\/ld+json\" class=\"yoast-schema-graph\">{\"@context\":\"https:\\\/\\\/schema.org\",\"@graph\":[{\"@type\":\"WebPage\",\"@id\":\"https:\\\/\\\/cranbalt.com\\\/lt\\\/apie-mus\\\/naujienos\\\/\",\"url\":\"https:\\\/\\\/cranbalt.com\\\/lt\\\/apie-mus\\\/naujienos\\\/\",\"name\":\"Naujienos - Cranbalt\",\"isPartOf\":{\"@id\":\"https:\\\/\\\/cranbalt.com\\\/lt\\\/#website\"},\"datePublished\":\"2017-12-14T14:47:42+00:00\",\"dateModified\":\"2025-10-20T07:27:09+00:00\",\"description\":\"2017 14 gruod\u017eio - Naujienos - svarbiausios \u012fmon\u0117s naujienos talpinamos naujien\u0173 puslapyje. Lietuva, \u0160vedija bei kitos \u0161alys.\",\"breadcrumb\":{\"@id\":\"https:\\\/\\\/cranbalt.com\\\/lt\\\/apie-mus\\\/naujienos\\\/#breadcrumb\"},\"inLanguage\":\"lt-LT\",\"potentialAction\":[{\"@type\":\"ReadAction\",\"target\":[\"https:\\\/\\\/cranbalt.com\\\/lt\\\/apie-mus\\\/naujienos\\\/\"]}]},{\"@type\":\"BreadcrumbList\",\"@id\":\"https:\\\/\\\/cranbalt.com\\\/lt\\\/apie-mus\\\/naujienos\\\/#breadcrumb\",\"itemListElement\":[{\"@type\":\"ListItem\",\"position\":1,\"name\":\"Home\",\"item\":\"https:\\\/\\\/cranbalt.com\\\/lt\\\/\"},{\"@type\":\"ListItem\",\"position\":2,\"name\":\"Apie mus\",\"item\":\"https:\\\/\\\/cranbalt.com\\\/lt\\\/apie-mus\\\/\"},{\"@type\":\"ListItem\",\"position\":3,\"name\":\"Naujienos\"}]},{\"@type\":\"WebSite\",\"@id\":\"https:\\\/\\\/cranbalt.com\\\/lt\\\/#website\",\"url\":\"https:\\\/\\\/cranbalt.com\\\/lt\\\/\",\"name\":\"Cranbalt\",\"description\":\"Cranbalt\",\"inLanguage\":\"lt-LT\"}]}<\/script>\n<!-- \/ Yoast SEO plugin. -->","yoast_head_json":{"title":"Naujienos - Cranbalt","description":"2017 14 gruod\u017eio - Naujienos - svarbiausios \u012fmon\u0117s naujienos talpinamos naujien\u0173 puslapyje. Lietuva, \u0160vedija bei kitos \u0161alys.","robots":{"index":"index","follow":"follow","max-snippet":"max-snippet:-1","max-image-preview":"max-image-preview:large","max-video-preview":"max-video-preview:-1"},"canonical":"https:\/\/cranbalt.com\/lt\/apie-mus\/naujienos\/","schema":{"@context":"https:\/\/schema.org","@graph":[{"@type":"WebPage","@id":"https:\/\/cranbalt.com\/lt\/apie-mus\/naujienos\/","url":"https:\/\/cranbalt.com\/lt\/apie-mus\/naujienos\/","name":"Naujienos - Cranbalt","isPartOf":{"@id":"https:\/\/cranbalt.com\/lt\/#website"},"datePublished":"2017-12-14T14:47:42+00:00","dateModified":"2025-10-20T07:27:09+00:00","description":"2017 14 gruod\u017eio - Naujienos - svarbiausios \u012fmon\u0117s naujienos talpinamos naujien\u0173 puslapyje. Lietuva, \u0160vedija bei kitos \u0161alys.","breadcrumb":{"@id":"https:\/\/cranbalt.com\/lt\/apie-mus\/naujienos\/#breadcrumb"},"inLanguage":"lt-LT","potentialAction":[{"@type":"ReadAction","target":["https:\/\/cranbalt.com\/lt\/apie-mus\/naujienos\/"]}]},{"@type":"BreadcrumbList","@id":"https:\/\/cranbalt.com\/lt\/apie-mus\/naujienos\/#breadcrumb","itemListElement":[{"@type":"ListItem","position":1,"name":"Home","item":"https:\/\/cranbalt.com\/lt\/"},{"@type":"ListItem","position":2,"name":"Apie mus","item":"https:\/\/cranbalt.com\/lt\/apie-mus\/"},{"@type":"ListItem","position":3,"name":"Naujienos"}]},{"@type":"WebSite","@id":"https:\/\/cranbalt.com\/lt\/#website","url":"https:\/\/cranbalt.com\/lt\/","name":"Cranbalt","description":"Cranbalt","inLanguage":"lt-LT"}]}},"_links":{"self":[{"href":"https:\/\/cranbalt.com\/lt\/wp-json\/wp\/v2\/pages\/365","targetHints":{"allow":["GET"]}}],"collection":[{"href":"https:\/\/cranbalt.com\/lt\/wp-json\/wp\/v2\/pages"}],"about":[{"href":"https:\/\/cranbalt.com\/lt\/wp-json\/wp\/v2\/types\/page"}],"author":[{"embeddable":true,"href":"https:\/\/cranbalt.com\/lt\/wp-json\/wp\/v2\/users\/1"}],"replies":[{"embeddable":true,"href":"https:\/\/cranbalt.com\/lt\/wp-json\/wp\/v2\/comments?post=365"}],"version-history":[{"count":2,"href":"https:\/\/cranbalt.com\/lt\/wp-json\/wp\/v2\/pages\/365\/revisions"}],"predecessor-version":[{"id":1955,"href":"https:\/\/cranbalt.com\/lt\/wp-json\/wp\/v2\/pages\/365\/revisions\/1955"}],"up":[{"embeddable":true,"href":"https:\/\/cranbalt.com\/lt\/wp-json\/wp\/v2\/pages\/285"}],"wp:attachment":[{"href":"https:\/\/cranbalt.com\/lt\/wp-json\/wp\/v2\/media?parent=365"}],"curies":[{"name":"wp","href":"https:\/\/api.w.org\/{rel}","templated":true}]}}