{"id":331,"date":"2017-11-14T09:40:06","date_gmt":"2017-12-14T09:40:09","guid":{"rendered":"http:\/\/cranbalt.com\/?page_id=331"},"modified":"2026-01-13T15:51:57","modified_gmt":"2026-01-13T13:51:57","slug":"kokybes-politika-ir-pasiekimai","status":"publish","type":"page","link":"https:\/\/cranbalt.com\/lt\/apie-mus\/kokybes-politika-ir-pasiekimai\/","title":{"rendered":"Dokumentai"},"content":{"rendered":"","protected":false},"excerpt":{"rendered":"","protected":false},"author":1,"featured_media":0,"parent":285,"menu_order":15,"comment_status":"closed","ping_status":"closed","template":"templates\/quality-policy.php","meta":{"_acf_changed":false,"om_disable_all_campaigns":false,"inline_featured_image":false,"_monsterinsights_skip_tracking":false,"_monsterinsights_sitenote_active":false,"_monsterinsights_sitenote_note":"","_monsterinsights_sitenote_category":0,"footnotes":""},"class_list":["post-331","page","type-page","status-publish","hentry"],"acf":[],"yoast_head":"<!-- This site is optimized with the Yoast SEO plugin v27.4 - https:\/\/yoast.com\/product\/yoast-seo-wordpress\/ -->\n<title>Dokumentai - Cranbalt<\/title>\n<meta name=\"description\" content=\"2017 14 lapkri\u010dio - Dokumentai - \u012emon\u0117s pasiekim\u0173 ir sertifikat\u0173 dokumentai. ISO ir Kiwa Inspecta EN standartai - Cranbalt.\" \/>\n<meta name=\"robots\" content=\"index, follow, max-snippet:-1, max-image-preview:large, max-video-preview:-1\" \/>\n<link rel=\"canonical\" href=\"https:\/\/cranbalt.com\/lt\/apie-mus\/kokybes-politika-ir-pasiekimai\/\" \/>\n<script type=\"application\/ld+json\" class=\"yoast-schema-graph\">{\"@context\":\"https:\\\/\\\/schema.org\",\"@graph\":[{\"@type\":\"WebPage\",\"@id\":\"https:\\\/\\\/cranbalt.com\\\/lt\\\/apie-mus\\\/kokybes-politika-ir-pasiekimai\\\/\",\"url\":\"https:\\\/\\\/cranbalt.com\\\/lt\\\/apie-mus\\\/kokybes-politika-ir-pasiekimai\\\/\",\"name\":\"Dokumentai - Cranbalt\",\"isPartOf\":{\"@id\":\"https:\\\/\\\/cranbalt.com\\\/lt\\\/#website\"},\"datePublished\":\"2017-12-14T09:40:09+00:00\",\"dateModified\":\"2026-01-13T13:51:57+00:00\",\"description\":\"2017 14 lapkri\u010dio - Dokumentai - \u012emon\u0117s pasiekim\u0173 ir sertifikat\u0173 dokumentai. ISO ir Kiwa Inspecta EN standartai - Cranbalt.\",\"breadcrumb\":{\"@id\":\"https:\\\/\\\/cranbalt.com\\\/lt\\\/apie-mus\\\/kokybes-politika-ir-pasiekimai\\\/#breadcrumb\"},\"inLanguage\":\"lt-LT\",\"potentialAction\":[{\"@type\":\"ReadAction\",\"target\":[\"https:\\\/\\\/cranbalt.com\\\/lt\\\/apie-mus\\\/kokybes-politika-ir-pasiekimai\\\/\"]}]},{\"@type\":\"BreadcrumbList\",\"@id\":\"https:\\\/\\\/cranbalt.com\\\/lt\\\/apie-mus\\\/kokybes-politika-ir-pasiekimai\\\/#breadcrumb\",\"itemListElement\":[{\"@type\":\"ListItem\",\"position\":1,\"name\":\"Home\",\"item\":\"https:\\\/\\\/cranbalt.com\\\/lt\\\/\"},{\"@type\":\"ListItem\",\"position\":2,\"name\":\"Apie mus\",\"item\":\"https:\\\/\\\/cranbalt.com\\\/lt\\\/apie-mus\\\/\"},{\"@type\":\"ListItem\",\"position\":3,\"name\":\"Dokumentai\"}]},{\"@type\":\"WebSite\",\"@id\":\"https:\\\/\\\/cranbalt.com\\\/lt\\\/#website\",\"url\":\"https:\\\/\\\/cranbalt.com\\\/lt\\\/\",\"name\":\"Cranbalt\",\"description\":\"Cranbalt\",\"inLanguage\":\"lt-LT\"}]}<\/script>\n<!-- \/ Yoast SEO plugin. -->","yoast_head_json":{"title":"Dokumentai - Cranbalt","description":"2017 14 lapkri\u010dio - Dokumentai - \u012emon\u0117s pasiekim\u0173 ir sertifikat\u0173 dokumentai. ISO ir Kiwa Inspecta EN standartai - Cranbalt.","robots":{"index":"index","follow":"follow","max-snippet":"max-snippet:-1","max-image-preview":"max-image-preview:large","max-video-preview":"max-video-preview:-1"},"canonical":"https:\/\/cranbalt.com\/lt\/apie-mus\/kokybes-politika-ir-pasiekimai\/","schema":{"@context":"https:\/\/schema.org","@graph":[{"@type":"WebPage","@id":"https:\/\/cranbalt.com\/lt\/apie-mus\/kokybes-politika-ir-pasiekimai\/","url":"https:\/\/cranbalt.com\/lt\/apie-mus\/kokybes-politika-ir-pasiekimai\/","name":"Dokumentai - Cranbalt","isPartOf":{"@id":"https:\/\/cranbalt.com\/lt\/#website"},"datePublished":"2017-12-14T09:40:09+00:00","dateModified":"2026-01-13T13:51:57+00:00","description":"2017 14 lapkri\u010dio - Dokumentai - \u012emon\u0117s pasiekim\u0173 ir sertifikat\u0173 dokumentai. ISO ir Kiwa Inspecta EN standartai - Cranbalt.","breadcrumb":{"@id":"https:\/\/cranbalt.com\/lt\/apie-mus\/kokybes-politika-ir-pasiekimai\/#breadcrumb"},"inLanguage":"lt-LT","potentialAction":[{"@type":"ReadAction","target":["https:\/\/cranbalt.com\/lt\/apie-mus\/kokybes-politika-ir-pasiekimai\/"]}]},{"@type":"BreadcrumbList","@id":"https:\/\/cranbalt.com\/lt\/apie-mus\/kokybes-politika-ir-pasiekimai\/#breadcrumb","itemListElement":[{"@type":"ListItem","position":1,"name":"Home","item":"https:\/\/cranbalt.com\/lt\/"},{"@type":"ListItem","position":2,"name":"Apie mus","item":"https:\/\/cranbalt.com\/lt\/apie-mus\/"},{"@type":"ListItem","position":3,"name":"Dokumentai"}]},{"@type":"WebSite","@id":"https:\/\/cranbalt.com\/lt\/#website","url":"https:\/\/cranbalt.com\/lt\/","name":"Cranbalt","description":"Cranbalt","inLanguage":"lt-LT"}]}},"_links":{"self":[{"href":"https:\/\/cranbalt.com\/lt\/wp-json\/wp\/v2\/pages\/331","targetHints":{"allow":["GET"]}}],"collection":[{"href":"https:\/\/cranbalt.com\/lt\/wp-json\/wp\/v2\/pages"}],"about":[{"href":"https:\/\/cranbalt.com\/lt\/wp-json\/wp\/v2\/types\/page"}],"author":[{"embeddable":true,"href":"https:\/\/cranbalt.com\/lt\/wp-json\/wp\/v2\/users\/1"}],"replies":[{"embeddable":true,"href":"https:\/\/cranbalt.com\/lt\/wp-json\/wp\/v2\/comments?post=331"}],"version-history":[{"count":14,"href":"https:\/\/cranbalt.com\/lt\/wp-json\/wp\/v2\/pages\/331\/revisions"}],"predecessor-version":[{"id":37552,"href":"https:\/\/cranbalt.com\/lt\/wp-json\/wp\/v2\/pages\/331\/revisions\/37552"}],"up":[{"embeddable":true,"href":"https:\/\/cranbalt.com\/lt\/wp-json\/wp\/v2\/pages\/285"}],"wp:attachment":[{"href":"https:\/\/cranbalt.com\/lt\/wp-json\/wp\/v2\/media?parent=331"}],"curies":[{"name":"wp","href":"https:\/\/api.w.org\/{rel}","templated":true}]}}