{"id":285,"date":"2017-12-14T07:59:02","date_gmt":"2017-12-14T07:59:02","guid":{"rendered":"http:\/\/cranbalt.com\/?page_id=285"},"modified":"2025-10-20T10:21:46","modified_gmt":"2025-10-20T07:21:46","slug":"apie-mus","status":"publish","type":"page","link":"https:\/\/cranbalt.com\/lt\/apie-mus\/","title":{"rendered":"Apie mus"},"content":{"rendered":"","protected":false},"excerpt":{"rendered":"","protected":false},"author":1,"featured_media":0,"parent":0,"menu_order":72,"comment_status":"closed","ping_status":"closed","template":"templates\/about.php","meta":{"_acf_changed":false,"om_disable_all_campaigns":false,"inline_featured_image":false,"_monsterinsights_skip_tracking":false,"_monsterinsights_sitenote_active":false,"_monsterinsights_sitenote_note":"","_monsterinsights_sitenote_category":0,"footnotes":""},"class_list":["post-285","page","type-page","status-publish","hentry"],"acf":[],"yoast_head":"<!-- This site is optimized with the Yoast SEO plugin v27.3 - https:\/\/yoast.com\/product\/yoast-seo-wordpress\/ -->\n<title>Apie mus - Cranbalt<\/title>\n<meta name=\"description\" content=\"2017 14 gruod\u017eio - Apie mus - \u012emon\u0117s istorija, misija, vizija, bei nuorodos \u012f dokumentus, karjer\u0105 ir naujienas | Cranbalt.\" \/>\n<meta name=\"robots\" content=\"index, follow, max-snippet:-1, max-image-preview:large, max-video-preview:-1\" \/>\n<link rel=\"canonical\" href=\"https:\/\/cranbalt.com\/lt\/apie-mus\/\" \/>\n<script type=\"application\/ld+json\" class=\"yoast-schema-graph\">{\"@context\":\"https:\\\/\\\/schema.org\",\"@graph\":[{\"@type\":\"WebPage\",\"@id\":\"https:\\\/\\\/cranbalt.com\\\/lt\\\/apie-mus\\\/\",\"url\":\"https:\\\/\\\/cranbalt.com\\\/lt\\\/apie-mus\\\/\",\"name\":\"Apie mus - Cranbalt\",\"isPartOf\":{\"@id\":\"https:\\\/\\\/cranbalt.com\\\/lt\\\/#website\"},\"datePublished\":\"2017-12-14T07:59:02+00:00\",\"dateModified\":\"2025-10-20T07:21:46+00:00\",\"description\":\"2017 14 gruod\u017eio - Apie mus - \u012emon\u0117s istorija, misija, vizija, bei nuorodos \u012f dokumentus, karjer\u0105 ir naujienas | Cranbalt.\",\"breadcrumb\":{\"@id\":\"https:\\\/\\\/cranbalt.com\\\/lt\\\/apie-mus\\\/#breadcrumb\"},\"inLanguage\":\"lt-LT\",\"potentialAction\":[{\"@type\":\"ReadAction\",\"target\":[\"https:\\\/\\\/cranbalt.com\\\/lt\\\/apie-mus\\\/\"]}]},{\"@type\":\"BreadcrumbList\",\"@id\":\"https:\\\/\\\/cranbalt.com\\\/lt\\\/apie-mus\\\/#breadcrumb\",\"itemListElement\":[{\"@type\":\"ListItem\",\"position\":1,\"name\":\"Home\",\"item\":\"https:\\\/\\\/cranbalt.com\\\/lt\\\/\"},{\"@type\":\"ListItem\",\"position\":2,\"name\":\"Apie mus\"}]},{\"@type\":\"WebSite\",\"@id\":\"https:\\\/\\\/cranbalt.com\\\/lt\\\/#website\",\"url\":\"https:\\\/\\\/cranbalt.com\\\/lt\\\/\",\"name\":\"Cranbalt\",\"description\":\"Cranbalt\",\"inLanguage\":\"lt-LT\"}]}<\/script>\n<!-- \/ Yoast SEO plugin. -->","yoast_head_json":{"title":"Apie mus - Cranbalt","description":"2017 14 gruod\u017eio - Apie mus - \u012emon\u0117s istorija, misija, vizija, bei nuorodos \u012f dokumentus, karjer\u0105 ir naujienas | Cranbalt.","robots":{"index":"index","follow":"follow","max-snippet":"max-snippet:-1","max-image-preview":"max-image-preview:large","max-video-preview":"max-video-preview:-1"},"canonical":"https:\/\/cranbalt.com\/lt\/apie-mus\/","schema":{"@context":"https:\/\/schema.org","@graph":[{"@type":"WebPage","@id":"https:\/\/cranbalt.com\/lt\/apie-mus\/","url":"https:\/\/cranbalt.com\/lt\/apie-mus\/","name":"Apie mus - Cranbalt","isPartOf":{"@id":"https:\/\/cranbalt.com\/lt\/#website"},"datePublished":"2017-12-14T07:59:02+00:00","dateModified":"2025-10-20T07:21:46+00:00","description":"2017 14 gruod\u017eio - Apie mus - \u012emon\u0117s istorija, misija, vizija, bei nuorodos \u012f dokumentus, karjer\u0105 ir naujienas | Cranbalt.","breadcrumb":{"@id":"https:\/\/cranbalt.com\/lt\/apie-mus\/#breadcrumb"},"inLanguage":"lt-LT","potentialAction":[{"@type":"ReadAction","target":["https:\/\/cranbalt.com\/lt\/apie-mus\/"]}]},{"@type":"BreadcrumbList","@id":"https:\/\/cranbalt.com\/lt\/apie-mus\/#breadcrumb","itemListElement":[{"@type":"ListItem","position":1,"name":"Home","item":"https:\/\/cranbalt.com\/lt\/"},{"@type":"ListItem","position":2,"name":"Apie mus"}]},{"@type":"WebSite","@id":"https:\/\/cranbalt.com\/lt\/#website","url":"https:\/\/cranbalt.com\/lt\/","name":"Cranbalt","description":"Cranbalt","inLanguage":"lt-LT"}]}},"_links":{"self":[{"href":"https:\/\/cranbalt.com\/lt\/wp-json\/wp\/v2\/pages\/285","targetHints":{"allow":["GET"]}}],"collection":[{"href":"https:\/\/cranbalt.com\/lt\/wp-json\/wp\/v2\/pages"}],"about":[{"href":"https:\/\/cranbalt.com\/lt\/wp-json\/wp\/v2\/types\/page"}],"author":[{"embeddable":true,"href":"https:\/\/cranbalt.com\/lt\/wp-json\/wp\/v2\/users\/1"}],"replies":[{"embeddable":true,"href":"https:\/\/cranbalt.com\/lt\/wp-json\/wp\/v2\/comments?post=285"}],"version-history":[{"count":7,"href":"https:\/\/cranbalt.com\/lt\/wp-json\/wp\/v2\/pages\/285\/revisions"}],"predecessor-version":[{"id":14060,"href":"https:\/\/cranbalt.com\/lt\/wp-json\/wp\/v2\/pages\/285\/revisions\/14060"}],"wp:attachment":[{"href":"https:\/\/cranbalt.com\/lt\/wp-json\/wp\/v2\/media?parent=285"}],"curies":[{"name":"wp","href":"https:\/\/api.w.org\/{rel}","templated":true}]}}