{"id":282,"date":"2017-12-13T15:42:14","date_gmt":"2017-12-13T15:42:14","guid":{"rendered":"http:\/\/cranbalt.com\/?page_id=282"},"modified":"2025-07-23T13:19:20","modified_gmt":"2025-07-23T10:19:20","slug":"atlikti-projektai","status":"publish","type":"page","link":"https:\/\/cranbalt.com\/lt\/atlikti-projektai\/","title":{"rendered":"Atlikti projektai"},"content":{"rendered":"","protected":false},"excerpt":{"rendered":"","protected":false},"author":1,"featured_media":0,"parent":0,"menu_order":67,"comment_status":"closed","ping_status":"closed","template":"templates\/portfolio.php","meta":{"_acf_changed":false,"om_disable_all_campaigns":false,"inline_featured_image":false,"_monsterinsights_skip_tracking":false,"_monsterinsights_sitenote_active":false,"_monsterinsights_sitenote_note":"","_monsterinsights_sitenote_category":0,"footnotes":""},"class_list":["post-282","page","type-page","status-publish","hentry"],"acf":[],"yoast_head":"<!-- This site is optimized with the Yoast SEO plugin v27.3 - https:\/\/yoast.com\/product\/yoast-seo-wordpress\/ -->\n<title>Atlikti projektai - Cranbalt<\/title>\n<meta name=\"description\" content=\"2017 13 gruod\u017eio - Atlikti projektai - Cranbalt statybos projekt\u0173 istorija. Informacija apie kiekvien\u0105 projekt\u0105.\" \/>\n<meta name=\"robots\" content=\"index, follow, max-snippet:-1, max-image-preview:large, max-video-preview:-1\" \/>\n<link rel=\"canonical\" href=\"https:\/\/cranbalt.com\/lt\/atlikti-projektai\/\" \/>\n<script type=\"application\/ld+json\" class=\"yoast-schema-graph\">{\"@context\":\"https:\\\/\\\/schema.org\",\"@graph\":[{\"@type\":\"WebPage\",\"@id\":\"https:\\\/\\\/cranbalt.com\\\/lt\\\/atlikti-projektai\\\/\",\"url\":\"https:\\\/\\\/cranbalt.com\\\/lt\\\/atlikti-projektai\\\/\",\"name\":\"Atlikti projektai - Cranbalt\",\"isPartOf\":{\"@id\":\"https:\\\/\\\/cranbalt.com\\\/lt\\\/#website\"},\"datePublished\":\"2017-12-13T15:42:14+00:00\",\"dateModified\":\"2025-07-23T10:19:20+00:00\",\"description\":\"2017 13 gruod\u017eio - Atlikti projektai - Cranbalt statybos projekt\u0173 istorija. Informacija apie kiekvien\u0105 projekt\u0105.\",\"breadcrumb\":{\"@id\":\"https:\\\/\\\/cranbalt.com\\\/lt\\\/atlikti-projektai\\\/#breadcrumb\"},\"inLanguage\":\"lt-LT\",\"potentialAction\":[{\"@type\":\"ReadAction\",\"target\":[\"https:\\\/\\\/cranbalt.com\\\/lt\\\/atlikti-projektai\\\/\"]}]},{\"@type\":\"BreadcrumbList\",\"@id\":\"https:\\\/\\\/cranbalt.com\\\/lt\\\/atlikti-projektai\\\/#breadcrumb\",\"itemListElement\":[{\"@type\":\"ListItem\",\"position\":1,\"name\":\"Home\",\"item\":\"https:\\\/\\\/cranbalt.com\\\/lt\\\/\"},{\"@type\":\"ListItem\",\"position\":2,\"name\":\"Atlikti projektai\"}]},{\"@type\":\"WebSite\",\"@id\":\"https:\\\/\\\/cranbalt.com\\\/lt\\\/#website\",\"url\":\"https:\\\/\\\/cranbalt.com\\\/lt\\\/\",\"name\":\"Cranbalt\",\"description\":\"Cranbalt\",\"inLanguage\":\"lt-LT\"}]}<\/script>\n<!-- \/ Yoast SEO plugin. -->","yoast_head_json":{"title":"Atlikti projektai - Cranbalt","description":"2017 13 gruod\u017eio - Atlikti projektai - Cranbalt statybos projekt\u0173 istorija. Informacija apie kiekvien\u0105 projekt\u0105.","robots":{"index":"index","follow":"follow","max-snippet":"max-snippet:-1","max-image-preview":"max-image-preview:large","max-video-preview":"max-video-preview:-1"},"canonical":"https:\/\/cranbalt.com\/lt\/atlikti-projektai\/","schema":{"@context":"https:\/\/schema.org","@graph":[{"@type":"WebPage","@id":"https:\/\/cranbalt.com\/lt\/atlikti-projektai\/","url":"https:\/\/cranbalt.com\/lt\/atlikti-projektai\/","name":"Atlikti projektai - Cranbalt","isPartOf":{"@id":"https:\/\/cranbalt.com\/lt\/#website"},"datePublished":"2017-12-13T15:42:14+00:00","dateModified":"2025-07-23T10:19:20+00:00","description":"2017 13 gruod\u017eio - Atlikti projektai - Cranbalt statybos projekt\u0173 istorija. Informacija apie kiekvien\u0105 projekt\u0105.","breadcrumb":{"@id":"https:\/\/cranbalt.com\/lt\/atlikti-projektai\/#breadcrumb"},"inLanguage":"lt-LT","potentialAction":[{"@type":"ReadAction","target":["https:\/\/cranbalt.com\/lt\/atlikti-projektai\/"]}]},{"@type":"BreadcrumbList","@id":"https:\/\/cranbalt.com\/lt\/atlikti-projektai\/#breadcrumb","itemListElement":[{"@type":"ListItem","position":1,"name":"Home","item":"https:\/\/cranbalt.com\/lt\/"},{"@type":"ListItem","position":2,"name":"Atlikti projektai"}]},{"@type":"WebSite","@id":"https:\/\/cranbalt.com\/lt\/#website","url":"https:\/\/cranbalt.com\/lt\/","name":"Cranbalt","description":"Cranbalt","inLanguage":"lt-LT"}]}},"_links":{"self":[{"href":"https:\/\/cranbalt.com\/lt\/wp-json\/wp\/v2\/pages\/282","targetHints":{"allow":["GET"]}}],"collection":[{"href":"https:\/\/cranbalt.com\/lt\/wp-json\/wp\/v2\/pages"}],"about":[{"href":"https:\/\/cranbalt.com\/lt\/wp-json\/wp\/v2\/types\/page"}],"author":[{"embeddable":true,"href":"https:\/\/cranbalt.com\/lt\/wp-json\/wp\/v2\/users\/1"}],"replies":[{"embeddable":true,"href":"https:\/\/cranbalt.com\/lt\/wp-json\/wp\/v2\/comments?post=282"}],"version-history":[{"count":4,"href":"https:\/\/cranbalt.com\/lt\/wp-json\/wp\/v2\/pages\/282\/revisions"}],"predecessor-version":[{"id":35791,"href":"https:\/\/cranbalt.com\/lt\/wp-json\/wp\/v2\/pages\/282\/revisions\/35791"}],"wp:attachment":[{"href":"https:\/\/cranbalt.com\/lt\/wp-json\/wp\/v2\/media?parent=282"}],"curies":[{"name":"wp","href":"https:\/\/api.w.org\/{rel}","templated":true}]}}