{"id":226,"date":"2017-12-13T07:05:06","date_gmt":"2017-12-13T07:05:06","guid":{"rendered":"http:\/\/cranbalt.com\/?page_id=226"},"modified":"2025-07-22T12:10:31","modified_gmt":"2025-07-22T10:10:31","slug":"plazminis-dujinis-metalo-pjovimas","status":"publish","type":"page","link":"https:\/\/cranbalt.com\/lt\/gamyba\/plazminis-dujinis-metalo-pjovimas\/","title":{"rendered":"Plazminis, dujinis metalo pjovimas"},"content":{"rendered":"","protected":false},"excerpt":{"rendered":"","protected":false},"author":1,"featured_media":0,"parent":125,"menu_order":38,"comment_status":"closed","ping_status":"closed","template":"templates\/single-service.php","meta":{"_acf_changed":false,"om_disable_all_campaigns":false,"inline_featured_image":false,"_monsterinsights_skip_tracking":false,"_monsterinsights_sitenote_active":false,"_monsterinsights_sitenote_note":"","_monsterinsights_sitenote_category":0,"footnotes":""},"class_list":["post-226","page","type-page","status-publish","hentry"],"acf":[],"yoast_head":"<!-- This site is optimized with the Yoast SEO plugin v27.4 - https:\/\/yoast.com\/product\/yoast-seo-wordpress\/ -->\n<title>Dujinis ir plazminis pjovimas | Cranbalt<\/title>\n<meta name=\"description\" content=\"Dujinis ir plazminis pjovimas. Naudojama pjovimo \u012franga pasi\u017eymi dideliu grei\u010diu ir tikslumu. Metalo lak\u0161t\u0173 pjaustymas su CNC \u012frenginiais.\" \/>\n<meta name=\"robots\" content=\"index, follow, max-snippet:-1, max-image-preview:large, max-video-preview:-1\" \/>\n<link rel=\"canonical\" href=\"https:\/\/cranbalt.com\/lt\/gamyba\/plazminis-dujinis-metalo-pjovimas\/\" \/>\n<script type=\"application\/ld+json\" class=\"yoast-schema-graph\">{\"@context\":\"https:\\\/\\\/schema.org\",\"@graph\":[{\"@type\":\"WebPage\",\"@id\":\"https:\\\/\\\/cranbalt.com\\\/lt\\\/gamyba\\\/plazminis-dujinis-metalo-pjovimas\\\/\",\"url\":\"https:\\\/\\\/cranbalt.com\\\/lt\\\/gamyba\\\/plazminis-dujinis-metalo-pjovimas\\\/\",\"name\":\"Dujinis ir plazminis pjovimas | Cranbalt\",\"isPartOf\":{\"@id\":\"https:\\\/\\\/cranbalt.com\\\/lt\\\/#website\"},\"datePublished\":\"2017-12-13T07:05:06+00:00\",\"dateModified\":\"2025-07-22T10:10:31+00:00\",\"description\":\"Dujinis ir plazminis pjovimas. Naudojama pjovimo \u012franga pasi\u017eymi dideliu grei\u010diu ir tikslumu. Metalo lak\u0161t\u0173 pjaustymas su CNC \u012frenginiais.\",\"breadcrumb\":{\"@id\":\"https:\\\/\\\/cranbalt.com\\\/lt\\\/gamyba\\\/plazminis-dujinis-metalo-pjovimas\\\/#breadcrumb\"},\"inLanguage\":\"lt-LT\",\"potentialAction\":[{\"@type\":\"ReadAction\",\"target\":[\"https:\\\/\\\/cranbalt.com\\\/lt\\\/gamyba\\\/plazminis-dujinis-metalo-pjovimas\\\/\"]}]},{\"@type\":\"BreadcrumbList\",\"@id\":\"https:\\\/\\\/cranbalt.com\\\/lt\\\/gamyba\\\/plazminis-dujinis-metalo-pjovimas\\\/#breadcrumb\",\"itemListElement\":[{\"@type\":\"ListItem\",\"position\":1,\"name\":\"Home\",\"item\":\"https:\\\/\\\/cranbalt.com\\\/lt\\\/\"},{\"@type\":\"ListItem\",\"position\":2,\"name\":\"Gamyba\",\"item\":\"https:\\\/\\\/cranbalt.com\\\/lt\\\/gamyba\\\/\"},{\"@type\":\"ListItem\",\"position\":3,\"name\":\"Plazminis, dujinis metalo pjovimas\"}]},{\"@type\":\"WebSite\",\"@id\":\"https:\\\/\\\/cranbalt.com\\\/lt\\\/#website\",\"url\":\"https:\\\/\\\/cranbalt.com\\\/lt\\\/\",\"name\":\"Cranbalt\",\"description\":\"Cranbalt\",\"inLanguage\":\"lt-LT\"}]}<\/script>\n<!-- \/ Yoast SEO plugin. -->","yoast_head_json":{"title":"Dujinis ir plazminis pjovimas | Cranbalt","description":"Dujinis ir plazminis pjovimas. Naudojama pjovimo \u012franga pasi\u017eymi dideliu grei\u010diu ir tikslumu. Metalo lak\u0161t\u0173 pjaustymas su CNC \u012frenginiais.","robots":{"index":"index","follow":"follow","max-snippet":"max-snippet:-1","max-image-preview":"max-image-preview:large","max-video-preview":"max-video-preview:-1"},"canonical":"https:\/\/cranbalt.com\/lt\/gamyba\/plazminis-dujinis-metalo-pjovimas\/","schema":{"@context":"https:\/\/schema.org","@graph":[{"@type":"WebPage","@id":"https:\/\/cranbalt.com\/lt\/gamyba\/plazminis-dujinis-metalo-pjovimas\/","url":"https:\/\/cranbalt.com\/lt\/gamyba\/plazminis-dujinis-metalo-pjovimas\/","name":"Dujinis ir plazminis pjovimas | Cranbalt","isPartOf":{"@id":"https:\/\/cranbalt.com\/lt\/#website"},"datePublished":"2017-12-13T07:05:06+00:00","dateModified":"2025-07-22T10:10:31+00:00","description":"Dujinis ir plazminis pjovimas. Naudojama pjovimo \u012franga pasi\u017eymi dideliu grei\u010diu ir tikslumu. Metalo lak\u0161t\u0173 pjaustymas su CNC \u012frenginiais.","breadcrumb":{"@id":"https:\/\/cranbalt.com\/lt\/gamyba\/plazminis-dujinis-metalo-pjovimas\/#breadcrumb"},"inLanguage":"lt-LT","potentialAction":[{"@type":"ReadAction","target":["https:\/\/cranbalt.com\/lt\/gamyba\/plazminis-dujinis-metalo-pjovimas\/"]}]},{"@type":"BreadcrumbList","@id":"https:\/\/cranbalt.com\/lt\/gamyba\/plazminis-dujinis-metalo-pjovimas\/#breadcrumb","itemListElement":[{"@type":"ListItem","position":1,"name":"Home","item":"https:\/\/cranbalt.com\/lt\/"},{"@type":"ListItem","position":2,"name":"Gamyba","item":"https:\/\/cranbalt.com\/lt\/gamyba\/"},{"@type":"ListItem","position":3,"name":"Plazminis, dujinis metalo pjovimas"}]},{"@type":"WebSite","@id":"https:\/\/cranbalt.com\/lt\/#website","url":"https:\/\/cranbalt.com\/lt\/","name":"Cranbalt","description":"Cranbalt","inLanguage":"lt-LT"}]}},"_links":{"self":[{"href":"https:\/\/cranbalt.com\/lt\/wp-json\/wp\/v2\/pages\/226","targetHints":{"allow":["GET"]}}],"collection":[{"href":"https:\/\/cranbalt.com\/lt\/wp-json\/wp\/v2\/pages"}],"about":[{"href":"https:\/\/cranbalt.com\/lt\/wp-json\/wp\/v2\/types\/page"}],"author":[{"embeddable":true,"href":"https:\/\/cranbalt.com\/lt\/wp-json\/wp\/v2\/users\/1"}],"replies":[{"embeddable":true,"href":"https:\/\/cranbalt.com\/lt\/wp-json\/wp\/v2\/comments?post=226"}],"version-history":[{"count":5,"href":"https:\/\/cranbalt.com\/lt\/wp-json\/wp\/v2\/pages\/226\/revisions"}],"predecessor-version":[{"id":1416,"href":"https:\/\/cranbalt.com\/lt\/wp-json\/wp\/v2\/pages\/226\/revisions\/1416"}],"up":[{"embeddable":true,"href":"https:\/\/cranbalt.com\/lt\/wp-json\/wp\/v2\/pages\/125"}],"wp:attachment":[{"href":"https:\/\/cranbalt.com\/lt\/wp-json\/wp\/v2\/media?parent=226"}],"curies":[{"name":"wp","href":"https:\/\/api.w.org\/{rel}","templated":true}]}}