{"id":192,"date":"2017-12-12T16:46:49","date_gmt":"2017-12-12T16:46:49","guid":{"rendered":"http:\/\/cranbalt.com\/?page_id=192"},"modified":"2025-07-22T12:07:16","modified_gmt":"2025-07-22T10:07:16","slug":"plieno-konstrukciju-gamyba","status":"publish","type":"page","link":"https:\/\/cranbalt.com\/lt\/gamyba\/plieno-konstrukciju-gamyba\/","title":{"rendered":"Plieno konstrukcij\u0173 gamyba"},"content":{"rendered":"","protected":false},"excerpt":{"rendered":"","protected":false},"author":1,"featured_media":0,"parent":125,"menu_order":20,"comment_status":"closed","ping_status":"closed","template":"templates\/plieno-konstrukcijos-gamyba.php","meta":{"_acf_changed":false,"om_disable_all_campaigns":false,"inline_featured_image":false,"_monsterinsights_skip_tracking":false,"_monsterinsights_sitenote_active":false,"_monsterinsights_sitenote_note":"","_monsterinsights_sitenote_category":0,"footnotes":""},"class_list":["post-192","page","type-page","status-publish","hentry"],"acf":[],"yoast_head":"<!-- This site is optimized with the Yoast SEO plugin v27.3 - https:\/\/yoast.com\/product\/yoast-seo-wordpress\/ -->\n<title>Plieno konstrukcij\u0173 gamyba | Cranbalt<\/title>\n<meta name=\"description\" content=\"Plieno konstrukcij\u0173 gamyba, projektavimas, montavimas. Gamyba pagal u\u017esakymus. Cranbalt - atliekam\u0173 darb\u0173 kokyb\u0119 u\u017etikrina kokyb\u0117s sistemos.\" \/>\n<meta name=\"robots\" content=\"index, follow, max-snippet:-1, max-image-preview:large, max-video-preview:-1\" \/>\n<link rel=\"canonical\" href=\"https:\/\/cranbalt.com\/lt\/gamyba\/plieno-konstrukciju-gamyba\/\" \/>\n<script type=\"application\/ld+json\" class=\"yoast-schema-graph\">{\"@context\":\"https:\\\/\\\/schema.org\",\"@graph\":[{\"@type\":\"WebPage\",\"@id\":\"https:\\\/\\\/cranbalt.com\\\/lt\\\/gamyba\\\/plieno-konstrukciju-gamyba\\\/\",\"url\":\"https:\\\/\\\/cranbalt.com\\\/lt\\\/gamyba\\\/plieno-konstrukciju-gamyba\\\/\",\"name\":\"Plieno konstrukcij\u0173 gamyba | Cranbalt\",\"isPartOf\":{\"@id\":\"https:\\\/\\\/cranbalt.com\\\/lt\\\/#website\"},\"datePublished\":\"2017-12-12T16:46:49+00:00\",\"dateModified\":\"2025-07-22T10:07:16+00:00\",\"description\":\"Plieno konstrukcij\u0173 gamyba, projektavimas, montavimas. Gamyba pagal u\u017esakymus. Cranbalt - atliekam\u0173 darb\u0173 kokyb\u0119 u\u017etikrina kokyb\u0117s sistemos.\",\"breadcrumb\":{\"@id\":\"https:\\\/\\\/cranbalt.com\\\/lt\\\/gamyba\\\/plieno-konstrukciju-gamyba\\\/#breadcrumb\"},\"inLanguage\":\"lt-LT\",\"potentialAction\":[{\"@type\":\"ReadAction\",\"target\":[\"https:\\\/\\\/cranbalt.com\\\/lt\\\/gamyba\\\/plieno-konstrukciju-gamyba\\\/\"]}]},{\"@type\":\"BreadcrumbList\",\"@id\":\"https:\\\/\\\/cranbalt.com\\\/lt\\\/gamyba\\\/plieno-konstrukciju-gamyba\\\/#breadcrumb\",\"itemListElement\":[{\"@type\":\"ListItem\",\"position\":1,\"name\":\"Home\",\"item\":\"https:\\\/\\\/cranbalt.com\\\/lt\\\/\"},{\"@type\":\"ListItem\",\"position\":2,\"name\":\"Gamyba\",\"item\":\"https:\\\/\\\/cranbalt.com\\\/lt\\\/gamyba\\\/\"},{\"@type\":\"ListItem\",\"position\":3,\"name\":\"Plieno konstrukcij\u0173 gamyba\"}]},{\"@type\":\"WebSite\",\"@id\":\"https:\\\/\\\/cranbalt.com\\\/lt\\\/#website\",\"url\":\"https:\\\/\\\/cranbalt.com\\\/lt\\\/\",\"name\":\"Cranbalt\",\"description\":\"Cranbalt\",\"inLanguage\":\"lt-LT\"}]}<\/script>\n<!-- \/ Yoast SEO plugin. -->","yoast_head_json":{"title":"Plieno konstrukcij\u0173 gamyba | Cranbalt","description":"Plieno konstrukcij\u0173 gamyba, projektavimas, montavimas. Gamyba pagal u\u017esakymus. Cranbalt - atliekam\u0173 darb\u0173 kokyb\u0119 u\u017etikrina kokyb\u0117s sistemos.","robots":{"index":"index","follow":"follow","max-snippet":"max-snippet:-1","max-image-preview":"max-image-preview:large","max-video-preview":"max-video-preview:-1"},"canonical":"https:\/\/cranbalt.com\/lt\/gamyba\/plieno-konstrukciju-gamyba\/","schema":{"@context":"https:\/\/schema.org","@graph":[{"@type":"WebPage","@id":"https:\/\/cranbalt.com\/lt\/gamyba\/plieno-konstrukciju-gamyba\/","url":"https:\/\/cranbalt.com\/lt\/gamyba\/plieno-konstrukciju-gamyba\/","name":"Plieno konstrukcij\u0173 gamyba | Cranbalt","isPartOf":{"@id":"https:\/\/cranbalt.com\/lt\/#website"},"datePublished":"2017-12-12T16:46:49+00:00","dateModified":"2025-07-22T10:07:16+00:00","description":"Plieno konstrukcij\u0173 gamyba, projektavimas, montavimas. Gamyba pagal u\u017esakymus. Cranbalt - atliekam\u0173 darb\u0173 kokyb\u0119 u\u017etikrina kokyb\u0117s sistemos.","breadcrumb":{"@id":"https:\/\/cranbalt.com\/lt\/gamyba\/plieno-konstrukciju-gamyba\/#breadcrumb"},"inLanguage":"lt-LT","potentialAction":[{"@type":"ReadAction","target":["https:\/\/cranbalt.com\/lt\/gamyba\/plieno-konstrukciju-gamyba\/"]}]},{"@type":"BreadcrumbList","@id":"https:\/\/cranbalt.com\/lt\/gamyba\/plieno-konstrukciju-gamyba\/#breadcrumb","itemListElement":[{"@type":"ListItem","position":1,"name":"Home","item":"https:\/\/cranbalt.com\/lt\/"},{"@type":"ListItem","position":2,"name":"Gamyba","item":"https:\/\/cranbalt.com\/lt\/gamyba\/"},{"@type":"ListItem","position":3,"name":"Plieno konstrukcij\u0173 gamyba"}]},{"@type":"WebSite","@id":"https:\/\/cranbalt.com\/lt\/#website","url":"https:\/\/cranbalt.com\/lt\/","name":"Cranbalt","description":"Cranbalt","inLanguage":"lt-LT"}]}},"_links":{"self":[{"href":"https:\/\/cranbalt.com\/lt\/wp-json\/wp\/v2\/pages\/192","targetHints":{"allow":["GET"]}}],"collection":[{"href":"https:\/\/cranbalt.com\/lt\/wp-json\/wp\/v2\/pages"}],"about":[{"href":"https:\/\/cranbalt.com\/lt\/wp-json\/wp\/v2\/types\/page"}],"author":[{"embeddable":true,"href":"https:\/\/cranbalt.com\/lt\/wp-json\/wp\/v2\/users\/1"}],"replies":[{"embeddable":true,"href":"https:\/\/cranbalt.com\/lt\/wp-json\/wp\/v2\/comments?post=192"}],"version-history":[{"count":2,"href":"https:\/\/cranbalt.com\/lt\/wp-json\/wp\/v2\/pages\/192\/revisions"}],"predecessor-version":[{"id":1422,"href":"https:\/\/cranbalt.com\/lt\/wp-json\/wp\/v2\/pages\/192\/revisions\/1422"}],"up":[{"embeddable":true,"href":"https:\/\/cranbalt.com\/lt\/wp-json\/wp\/v2\/pages\/125"}],"wp:attachment":[{"href":"https:\/\/cranbalt.com\/lt\/wp-json\/wp\/v2\/media?parent=192"}],"curies":[{"name":"wp","href":"https:\/\/api.w.org\/{rel}","templated":true}]}}