{"id":143,"date":"2017-12-12T14:46:31","date_gmt":"2017-12-12T14:46:31","guid":{"rendered":"http:\/\/cranbalt.com\/?page_id=143"},"modified":"2025-07-28T10:51:07","modified_gmt":"2025-07-28T07:51:07","slug":"industriniu-kranu-gamyba","status":"publish","type":"page","link":"https:\/\/cranbalt.com\/lt\/gamyba\/industriniu-kranu-gamyba\/","title":{"rendered":"Industrini\u0173 kran\u0173 gamyba"},"content":{"rendered":"","protected":false},"excerpt":{"rendered":"","protected":false},"author":1,"featured_media":0,"parent":125,"menu_order":9,"comment_status":"closed","ping_status":"closed","template":"templates\/industriniu-kranu-gamyba.php","meta":{"_acf_changed":false,"om_disable_all_campaigns":false,"inline_featured_image":false,"_monsterinsights_skip_tracking":false,"_monsterinsights_sitenote_active":false,"_monsterinsights_sitenote_note":"","_monsterinsights_sitenote_category":0,"footnotes":""},"class_list":["post-143","page","type-page","status-publish","hentry"],"acf":[],"yoast_head":"<!-- This site is optimized with the Yoast SEO plugin v27.3 - https:\/\/yoast.com\/product\/yoast-seo-wordpress\/ -->\n<title>Tiltiniai kranai | Industriniai kranai | Cranbalt<\/title>\n<meta name=\"description\" content=\"Tiltiniai kranai, industriniai kranai ir kita produkcija. Sertifikatai u\u017etikrina auk\u0161\u010diausi\u0105 konstrukcij\u0173 kokyb\u0119 | Cranbalt\" \/>\n<meta name=\"robots\" content=\"index, follow, max-snippet:-1, max-image-preview:large, max-video-preview:-1\" \/>\n<link rel=\"canonical\" href=\"https:\/\/cranbalt.com\/lt\/gamyba\/industriniu-kranu-gamyba\/\" \/>\n<script type=\"application\/ld+json\" class=\"yoast-schema-graph\">{\"@context\":\"https:\\\/\\\/schema.org\",\"@graph\":[{\"@type\":\"WebPage\",\"@id\":\"https:\\\/\\\/cranbalt.com\\\/lt\\\/gamyba\\\/industriniu-kranu-gamyba\\\/\",\"url\":\"https:\\\/\\\/cranbalt.com\\\/lt\\\/gamyba\\\/industriniu-kranu-gamyba\\\/\",\"name\":\"Tiltiniai kranai | Industriniai kranai | Cranbalt\",\"isPartOf\":{\"@id\":\"https:\\\/\\\/cranbalt.com\\\/lt\\\/#website\"},\"datePublished\":\"2017-12-12T14:46:31+00:00\",\"dateModified\":\"2025-07-28T07:51:07+00:00\",\"description\":\"Tiltiniai kranai, industriniai kranai ir kita produkcija. Sertifikatai u\u017etikrina auk\u0161\u010diausi\u0105 konstrukcij\u0173 kokyb\u0119 | Cranbalt\",\"breadcrumb\":{\"@id\":\"https:\\\/\\\/cranbalt.com\\\/lt\\\/gamyba\\\/industriniu-kranu-gamyba\\\/#breadcrumb\"},\"inLanguage\":\"lt-LT\",\"potentialAction\":[{\"@type\":\"ReadAction\",\"target\":[\"https:\\\/\\\/cranbalt.com\\\/lt\\\/gamyba\\\/industriniu-kranu-gamyba\\\/\"]}]},{\"@type\":\"BreadcrumbList\",\"@id\":\"https:\\\/\\\/cranbalt.com\\\/lt\\\/gamyba\\\/industriniu-kranu-gamyba\\\/#breadcrumb\",\"itemListElement\":[{\"@type\":\"ListItem\",\"position\":1,\"name\":\"Home\",\"item\":\"https:\\\/\\\/cranbalt.com\\\/lt\\\/\"},{\"@type\":\"ListItem\",\"position\":2,\"name\":\"Gamyba\",\"item\":\"https:\\\/\\\/cranbalt.com\\\/lt\\\/gamyba\\\/\"},{\"@type\":\"ListItem\",\"position\":3,\"name\":\"Industrini\u0173 kran\u0173 gamyba\"}]},{\"@type\":\"WebSite\",\"@id\":\"https:\\\/\\\/cranbalt.com\\\/lt\\\/#website\",\"url\":\"https:\\\/\\\/cranbalt.com\\\/lt\\\/\",\"name\":\"Cranbalt\",\"description\":\"Cranbalt\",\"inLanguage\":\"lt-LT\"}]}<\/script>\n<!-- \/ Yoast SEO plugin. -->","yoast_head_json":{"title":"Tiltiniai kranai | Industriniai kranai | Cranbalt","description":"Tiltiniai kranai, industriniai kranai ir kita produkcija. Sertifikatai u\u017etikrina auk\u0161\u010diausi\u0105 konstrukcij\u0173 kokyb\u0119 | Cranbalt","robots":{"index":"index","follow":"follow","max-snippet":"max-snippet:-1","max-image-preview":"max-image-preview:large","max-video-preview":"max-video-preview:-1"},"canonical":"https:\/\/cranbalt.com\/lt\/gamyba\/industriniu-kranu-gamyba\/","schema":{"@context":"https:\/\/schema.org","@graph":[{"@type":"WebPage","@id":"https:\/\/cranbalt.com\/lt\/gamyba\/industriniu-kranu-gamyba\/","url":"https:\/\/cranbalt.com\/lt\/gamyba\/industriniu-kranu-gamyba\/","name":"Tiltiniai kranai | Industriniai kranai | Cranbalt","isPartOf":{"@id":"https:\/\/cranbalt.com\/lt\/#website"},"datePublished":"2017-12-12T14:46:31+00:00","dateModified":"2025-07-28T07:51:07+00:00","description":"Tiltiniai kranai, industriniai kranai ir kita produkcija. Sertifikatai u\u017etikrina auk\u0161\u010diausi\u0105 konstrukcij\u0173 kokyb\u0119 | Cranbalt","breadcrumb":{"@id":"https:\/\/cranbalt.com\/lt\/gamyba\/industriniu-kranu-gamyba\/#breadcrumb"},"inLanguage":"lt-LT","potentialAction":[{"@type":"ReadAction","target":["https:\/\/cranbalt.com\/lt\/gamyba\/industriniu-kranu-gamyba\/"]}]},{"@type":"BreadcrumbList","@id":"https:\/\/cranbalt.com\/lt\/gamyba\/industriniu-kranu-gamyba\/#breadcrumb","itemListElement":[{"@type":"ListItem","position":1,"name":"Home","item":"https:\/\/cranbalt.com\/lt\/"},{"@type":"ListItem","position":2,"name":"Gamyba","item":"https:\/\/cranbalt.com\/lt\/gamyba\/"},{"@type":"ListItem","position":3,"name":"Industrini\u0173 kran\u0173 gamyba"}]},{"@type":"WebSite","@id":"https:\/\/cranbalt.com\/lt\/#website","url":"https:\/\/cranbalt.com\/lt\/","name":"Cranbalt","description":"Cranbalt","inLanguage":"lt-LT"}]}},"_links":{"self":[{"href":"https:\/\/cranbalt.com\/lt\/wp-json\/wp\/v2\/pages\/143","targetHints":{"allow":["GET"]}}],"collection":[{"href":"https:\/\/cranbalt.com\/lt\/wp-json\/wp\/v2\/pages"}],"about":[{"href":"https:\/\/cranbalt.com\/lt\/wp-json\/wp\/v2\/types\/page"}],"author":[{"embeddable":true,"href":"https:\/\/cranbalt.com\/lt\/wp-json\/wp\/v2\/users\/1"}],"replies":[{"embeddable":true,"href":"https:\/\/cranbalt.com\/lt\/wp-json\/wp\/v2\/comments?post=143"}],"version-history":[{"count":3,"href":"https:\/\/cranbalt.com\/lt\/wp-json\/wp\/v2\/pages\/143\/revisions"}],"predecessor-version":[{"id":1381,"href":"https:\/\/cranbalt.com\/lt\/wp-json\/wp\/v2\/pages\/143\/revisions\/1381"}],"up":[{"embeddable":true,"href":"https:\/\/cranbalt.com\/lt\/wp-json\/wp\/v2\/pages\/125"}],"wp:attachment":[{"href":"https:\/\/cranbalt.com\/lt\/wp-json\/wp\/v2\/media?parent=143"}],"curies":[{"name":"wp","href":"https:\/\/api.w.org\/{rel}","templated":true}]}}