{"id":125,"date":"2017-12-12T14:17:34","date_gmt":"2017-12-12T14:17:34","guid":{"rendered":"http:\/\/cranbalt.com\/?page_id=125"},"modified":"2025-07-28T10:50:10","modified_gmt":"2025-07-28T07:50:10","slug":"gamyba","status":"publish","type":"page","link":"https:\/\/cranbalt.com\/lt\/gamyba\/","title":{"rendered":"Gamyba"},"content":{"rendered":"","protected":false},"excerpt":{"rendered":"","protected":false},"author":1,"featured_media":0,"parent":0,"menu_order":49,"comment_status":"closed","ping_status":"closed","template":"templates\/manufacturing.php","meta":{"_acf_changed":false,"om_disable_all_campaigns":false,"inline_featured_image":false,"_monsterinsights_skip_tracking":false,"_monsterinsights_sitenote_active":false,"_monsterinsights_sitenote_note":"","_monsterinsights_sitenote_category":0,"footnotes":""},"class_list":["post-125","page","type-page","status-publish","hentry"],"acf":[],"yoast_head":"<!-- This site is optimized with the Yoast SEO plugin v27.3 - https:\/\/yoast.com\/product\/yoast-seo-wordpress\/ -->\n<title>Kran\u0173 gamyba ir k\u0117limo mechanizm\u0173 gamybos, remonto paslaugos<\/title>\n<meta name=\"description\" content=\"Cranbalt teikia profesionalias kran\u0173 gamybos ir pagalbin\u0117s \u012frangos gamybos ir remonto paslaugas. Teikite u\u017eklausas online.\" \/>\n<meta name=\"robots\" content=\"index, follow, max-snippet:-1, max-image-preview:large, max-video-preview:-1\" \/>\n<link rel=\"canonical\" href=\"https:\/\/cranbalt.com\/lt\/gamyba\/\" \/>\n<script type=\"application\/ld+json\" class=\"yoast-schema-graph\">{\"@context\":\"https:\\\/\\\/schema.org\",\"@graph\":[{\"@type\":\"WebPage\",\"@id\":\"https:\\\/\\\/cranbalt.com\\\/lt\\\/gamyba\\\/\",\"url\":\"https:\\\/\\\/cranbalt.com\\\/lt\\\/gamyba\\\/\",\"name\":\"Kran\u0173 gamyba ir k\u0117limo mechanizm\u0173 gamybos, remonto paslaugos\",\"isPartOf\":{\"@id\":\"https:\\\/\\\/cranbalt.com\\\/lt\\\/#website\"},\"datePublished\":\"2017-12-12T14:17:34+00:00\",\"dateModified\":\"2025-07-28T07:50:10+00:00\",\"description\":\"Cranbalt teikia profesionalias kran\u0173 gamybos ir pagalbin\u0117s \u012frangos gamybos ir remonto paslaugas. Teikite u\u017eklausas online.\",\"breadcrumb\":{\"@id\":\"https:\\\/\\\/cranbalt.com\\\/lt\\\/gamyba\\\/#breadcrumb\"},\"inLanguage\":\"lt-LT\",\"potentialAction\":[{\"@type\":\"ReadAction\",\"target\":[\"https:\\\/\\\/cranbalt.com\\\/lt\\\/gamyba\\\/\"]}]},{\"@type\":\"BreadcrumbList\",\"@id\":\"https:\\\/\\\/cranbalt.com\\\/lt\\\/gamyba\\\/#breadcrumb\",\"itemListElement\":[{\"@type\":\"ListItem\",\"position\":1,\"name\":\"Home\",\"item\":\"https:\\\/\\\/cranbalt.com\\\/lt\\\/\"},{\"@type\":\"ListItem\",\"position\":2,\"name\":\"Gamyba\"}]},{\"@type\":\"WebSite\",\"@id\":\"https:\\\/\\\/cranbalt.com\\\/lt\\\/#website\",\"url\":\"https:\\\/\\\/cranbalt.com\\\/lt\\\/\",\"name\":\"Cranbalt\",\"description\":\"Cranbalt\",\"inLanguage\":\"lt-LT\"}]}<\/script>\n<!-- \/ Yoast SEO plugin. -->","yoast_head_json":{"title":"Kran\u0173 gamyba ir k\u0117limo mechanizm\u0173 gamybos, remonto paslaugos","description":"Cranbalt teikia profesionalias kran\u0173 gamybos ir pagalbin\u0117s \u012frangos gamybos ir remonto paslaugas. Teikite u\u017eklausas online.","robots":{"index":"index","follow":"follow","max-snippet":"max-snippet:-1","max-image-preview":"max-image-preview:large","max-video-preview":"max-video-preview:-1"},"canonical":"https:\/\/cranbalt.com\/lt\/gamyba\/","schema":{"@context":"https:\/\/schema.org","@graph":[{"@type":"WebPage","@id":"https:\/\/cranbalt.com\/lt\/gamyba\/","url":"https:\/\/cranbalt.com\/lt\/gamyba\/","name":"Kran\u0173 gamyba ir k\u0117limo mechanizm\u0173 gamybos, remonto paslaugos","isPartOf":{"@id":"https:\/\/cranbalt.com\/lt\/#website"},"datePublished":"2017-12-12T14:17:34+00:00","dateModified":"2025-07-28T07:50:10+00:00","description":"Cranbalt teikia profesionalias kran\u0173 gamybos ir pagalbin\u0117s \u012frangos gamybos ir remonto paslaugas. Teikite u\u017eklausas online.","breadcrumb":{"@id":"https:\/\/cranbalt.com\/lt\/gamyba\/#breadcrumb"},"inLanguage":"lt-LT","potentialAction":[{"@type":"ReadAction","target":["https:\/\/cranbalt.com\/lt\/gamyba\/"]}]},{"@type":"BreadcrumbList","@id":"https:\/\/cranbalt.com\/lt\/gamyba\/#breadcrumb","itemListElement":[{"@type":"ListItem","position":1,"name":"Home","item":"https:\/\/cranbalt.com\/lt\/"},{"@type":"ListItem","position":2,"name":"Gamyba"}]},{"@type":"WebSite","@id":"https:\/\/cranbalt.com\/lt\/#website","url":"https:\/\/cranbalt.com\/lt\/","name":"Cranbalt","description":"Cranbalt","inLanguage":"lt-LT"}]}},"_links":{"self":[{"href":"https:\/\/cranbalt.com\/lt\/wp-json\/wp\/v2\/pages\/125","targetHints":{"allow":["GET"]}}],"collection":[{"href":"https:\/\/cranbalt.com\/lt\/wp-json\/wp\/v2\/pages"}],"about":[{"href":"https:\/\/cranbalt.com\/lt\/wp-json\/wp\/v2\/types\/page"}],"author":[{"embeddable":true,"href":"https:\/\/cranbalt.com\/lt\/wp-json\/wp\/v2\/users\/1"}],"replies":[{"embeddable":true,"href":"https:\/\/cranbalt.com\/lt\/wp-json\/wp\/v2\/comments?post=125"}],"version-history":[{"count":5,"href":"https:\/\/cranbalt.com\/lt\/wp-json\/wp\/v2\/pages\/125\/revisions"}],"predecessor-version":[{"id":2820,"href":"https:\/\/cranbalt.com\/lt\/wp-json\/wp\/v2\/pages\/125\/revisions\/2820"}],"wp:attachment":[{"href":"https:\/\/cranbalt.com\/lt\/wp-json\/wp\/v2\/media?parent=125"}],"curies":[{"name":"wp","href":"https:\/\/api.w.org\/{rel}","templated":true}]}}