{"id":3444,"date":"2017-12-13T07:05:06","date_gmt":"2017-12-13T07:05:06","guid":{"rendered":"http:\/\/cranbalt.com\/tootmine\/plazma-gas-cutting-services\/"},"modified":"2018-12-21T16:17:27","modified_gmt":"2018-12-21T14:17:27","slug":"plasmaloikamine-ja-gaasiloikamine","status":"publish","type":"page","link":"https:\/\/cranbalt.com\/et\/tootmine\/plasmaloikamine-ja-gaasiloikamine\/","title":{"rendered":"Plasmal\u00f5ikamine ja gaasil\u00f5ikamine"},"content":{"rendered":"","protected":false},"excerpt":{"rendered":"","protected":false},"author":1,"featured_media":0,"parent":3347,"menu_order":39,"comment_status":"closed","ping_status":"closed","template":"templates\/single-service.php","meta":{"_acf_changed":false,"om_disable_all_campaigns":false,"inline_featured_image":false,"_monsterinsights_skip_tracking":false,"_monsterinsights_sitenote_active":false,"_monsterinsights_sitenote_note":"","_monsterinsights_sitenote_category":0,"footnotes":""},"class_list":["post-3444","page","type-page","status-publish","hentry"],"acf":[],"yoast_head":"<!-- This site is optimized with the Yoast SEO plugin v27.3 - https:\/\/yoast.com\/product\/yoast-seo-wordpress\/ -->\n<title>Plasmal\u00f5ikamine | Gaasil\u00f5ikamine | CranBalt<\/title>\n<meta name=\"description\" content=\"Nii plasmal\u00f5ikamine kui ka gaasil\u00f5ikamine on metallil\u00f5ikamise tehnoloogiad, mis n\u00f5uavad detailit\u00e4psust \u2013 just seda leiad siit, CranBaltist!\" \/>\n<meta name=\"robots\" content=\"index, follow, max-snippet:-1, max-image-preview:large, max-video-preview:-1\" \/>\n<link rel=\"canonical\" href=\"https:\/\/cranbalt.com\/et\/tootmine\/plasmaloikamine-ja-gaasiloikamine\/\" \/>\n<script type=\"application\/ld+json\" class=\"yoast-schema-graph\">{\"@context\":\"https:\\\/\\\/schema.org\",\"@graph\":[{\"@type\":\"WebPage\",\"@id\":\"https:\\\/\\\/cranbalt.com\\\/et\\\/tootmine\\\/plasmaloikamine-ja-gaasiloikamine\\\/\",\"url\":\"https:\\\/\\\/cranbalt.com\\\/et\\\/tootmine\\\/plasmaloikamine-ja-gaasiloikamine\\\/\",\"name\":\"Plasmal\u00f5ikamine | Gaasil\u00f5ikamine | CranBalt\",\"isPartOf\":{\"@id\":\"https:\\\/\\\/cranbalt.com\\\/lt\\\/#website\"},\"datePublished\":\"2017-12-13T07:05:06+00:00\",\"dateModified\":\"2018-12-21T14:17:27+00:00\",\"description\":\"Nii plasmal\u00f5ikamine kui ka gaasil\u00f5ikamine on metallil\u00f5ikamise tehnoloogiad, mis n\u00f5uavad detailit\u00e4psust \u2013 just seda leiad siit, CranBaltist!\",\"breadcrumb\":{\"@id\":\"https:\\\/\\\/cranbalt.com\\\/et\\\/tootmine\\\/plasmaloikamine-ja-gaasiloikamine\\\/#breadcrumb\"},\"inLanguage\":\"et-ET\",\"potentialAction\":[{\"@type\":\"ReadAction\",\"target\":[\"https:\\\/\\\/cranbalt.com\\\/et\\\/tootmine\\\/plasmaloikamine-ja-gaasiloikamine\\\/\"]}]},{\"@type\":\"BreadcrumbList\",\"@id\":\"https:\\\/\\\/cranbalt.com\\\/et\\\/tootmine\\\/plasmaloikamine-ja-gaasiloikamine\\\/#breadcrumb\",\"itemListElement\":[{\"@type\":\"ListItem\",\"position\":1,\"name\":\"Home\",\"item\":\"https:\\\/\\\/cranbalt.com\\\/et\\\/\"},{\"@type\":\"ListItem\",\"position\":2,\"name\":\"Tootmine\",\"item\":\"https:\\\/\\\/cranbalt.com\\\/et\\\/tootmine\\\/\"},{\"@type\":\"ListItem\",\"position\":3,\"name\":\"Plasmal\u00f5ikamine ja gaasil\u00f5ikamine\"}]},{\"@type\":\"WebSite\",\"@id\":\"https:\\\/\\\/cranbalt.com\\\/lt\\\/#website\",\"url\":\"https:\\\/\\\/cranbalt.com\\\/lt\\\/\",\"name\":\"Cranbalt\",\"description\":\"\",\"inLanguage\":\"et-ET\"}]}<\/script>\n<!-- \/ Yoast SEO plugin. -->","yoast_head_json":{"title":"Plasmal\u00f5ikamine | Gaasil\u00f5ikamine | CranBalt","description":"Nii plasmal\u00f5ikamine kui ka gaasil\u00f5ikamine on metallil\u00f5ikamise tehnoloogiad, mis n\u00f5uavad detailit\u00e4psust \u2013 just seda leiad siit, CranBaltist!","robots":{"index":"index","follow":"follow","max-snippet":"max-snippet:-1","max-image-preview":"max-image-preview:large","max-video-preview":"max-video-preview:-1"},"canonical":"https:\/\/cranbalt.com\/et\/tootmine\/plasmaloikamine-ja-gaasiloikamine\/","schema":{"@context":"https:\/\/schema.org","@graph":[{"@type":"WebPage","@id":"https:\/\/cranbalt.com\/et\/tootmine\/plasmaloikamine-ja-gaasiloikamine\/","url":"https:\/\/cranbalt.com\/et\/tootmine\/plasmaloikamine-ja-gaasiloikamine\/","name":"Plasmal\u00f5ikamine | Gaasil\u00f5ikamine | CranBalt","isPartOf":{"@id":"https:\/\/cranbalt.com\/lt\/#website"},"datePublished":"2017-12-13T07:05:06+00:00","dateModified":"2018-12-21T14:17:27+00:00","description":"Nii plasmal\u00f5ikamine kui ka gaasil\u00f5ikamine on metallil\u00f5ikamise tehnoloogiad, mis n\u00f5uavad detailit\u00e4psust \u2013 just seda leiad siit, CranBaltist!","breadcrumb":{"@id":"https:\/\/cranbalt.com\/et\/tootmine\/plasmaloikamine-ja-gaasiloikamine\/#breadcrumb"},"inLanguage":"et-ET","potentialAction":[{"@type":"ReadAction","target":["https:\/\/cranbalt.com\/et\/tootmine\/plasmaloikamine-ja-gaasiloikamine\/"]}]},{"@type":"BreadcrumbList","@id":"https:\/\/cranbalt.com\/et\/tootmine\/plasmaloikamine-ja-gaasiloikamine\/#breadcrumb","itemListElement":[{"@type":"ListItem","position":1,"name":"Home","item":"https:\/\/cranbalt.com\/et\/"},{"@type":"ListItem","position":2,"name":"Tootmine","item":"https:\/\/cranbalt.com\/et\/tootmine\/"},{"@type":"ListItem","position":3,"name":"Plasmal\u00f5ikamine ja gaasil\u00f5ikamine"}]},{"@type":"WebSite","@id":"https:\/\/cranbalt.com\/lt\/#website","url":"https:\/\/cranbalt.com\/lt\/","name":"Cranbalt","description":"","inLanguage":"et-ET"}]}},"_links":{"self":[{"href":"https:\/\/cranbalt.com\/et\/wp-json\/wp\/v2\/pages\/3444","targetHints":{"allow":["GET"]}}],"collection":[{"href":"https:\/\/cranbalt.com\/et\/wp-json\/wp\/v2\/pages"}],"about":[{"href":"https:\/\/cranbalt.com\/et\/wp-json\/wp\/v2\/types\/page"}],"author":[{"embeddable":true,"href":"https:\/\/cranbalt.com\/et\/wp-json\/wp\/v2\/users\/1"}],"replies":[{"embeddable":true,"href":"https:\/\/cranbalt.com\/et\/wp-json\/wp\/v2\/comments?post=3444"}],"version-history":[{"count":4,"href":"https:\/\/cranbalt.com\/et\/wp-json\/wp\/v2\/pages\/3444\/revisions"}],"predecessor-version":[{"id":3642,"href":"https:\/\/cranbalt.com\/et\/wp-json\/wp\/v2\/pages\/3444\/revisions\/3642"}],"up":[{"embeddable":true,"href":"https:\/\/cranbalt.com\/et\/wp-json\/wp\/v2\/pages\/3347"}],"wp:attachment":[{"href":"https:\/\/cranbalt.com\/et\/wp-json\/wp\/v2\/media?parent=3444"}],"curies":[{"name":"wp","href":"https:\/\/api.w.org\/{rel}","templated":true}]}}