{"id":3415,"date":"2017-12-12T14:46:31","date_gmt":"2017-12-12T14:46:31","guid":{"rendered":"http:\/\/cranbalt.com\/tootmine\/crane-manufacturing\/"},"modified":"2018-12-28T12:17:50","modified_gmt":"2018-12-28T10:17:50","slug":"kraanade-tootmine","status":"publish","type":"page","link":"https:\/\/cranbalt.com\/et\/tootmine\/kraanade-tootmine\/","title":{"rendered":"Kraanade tootmine"},"content":{"rendered":"","protected":false},"excerpt":{"rendered":"","protected":false},"author":1,"featured_media":0,"parent":3347,"menu_order":15,"comment_status":"closed","ping_status":"closed","template":"templates\/industriniu-kranu-gamyba.php","meta":{"_acf_changed":false,"om_disable_all_campaigns":false,"inline_featured_image":false,"_monsterinsights_skip_tracking":false,"_monsterinsights_sitenote_active":false,"_monsterinsights_sitenote_note":"","_monsterinsights_sitenote_category":0,"footnotes":""},"class_list":["post-3415","page","type-page","status-publish","hentry"],"acf":[],"yoast_head":"<!-- This site is optimized with the Yoast SEO plugin v27.4 - https:\/\/yoast.com\/product\/yoast-seo-wordpress\/ -->\n<title>Sildkraanad &amp; t\u00f6\u00f6stuskraanad | CranBalt<\/title>\n<meta name=\"description\" content=\"Parimad kvaliteetsed sildkraanad ja t\u00f6\u00f6stuskraanad leiad siit. Rendi sobiv t\u00f6\u00f6stuskraana CranBaltist.\" \/>\n<meta name=\"robots\" content=\"index, follow, max-snippet:-1, max-image-preview:large, max-video-preview:-1\" \/>\n<link rel=\"canonical\" href=\"https:\/\/cranbalt.com\/et\/tootmine\/kraanade-tootmine\/\" \/>\n<script type=\"application\/ld+json\" class=\"yoast-schema-graph\">{\"@context\":\"https:\\\/\\\/schema.org\",\"@graph\":[{\"@type\":\"WebPage\",\"@id\":\"https:\\\/\\\/cranbalt.com\\\/et\\\/tootmine\\\/kraanade-tootmine\\\/\",\"url\":\"https:\\\/\\\/cranbalt.com\\\/et\\\/tootmine\\\/kraanade-tootmine\\\/\",\"name\":\"Sildkraanad & t\u00f6\u00f6stuskraanad | CranBalt\",\"isPartOf\":{\"@id\":\"https:\\\/\\\/cranbalt.com\\\/lt\\\/#website\"},\"datePublished\":\"2017-12-12T14:46:31+00:00\",\"dateModified\":\"2018-12-28T10:17:50+00:00\",\"description\":\"Parimad kvaliteetsed sildkraanad ja t\u00f6\u00f6stuskraanad leiad siit. Rendi sobiv t\u00f6\u00f6stuskraana CranBaltist.\",\"breadcrumb\":{\"@id\":\"https:\\\/\\\/cranbalt.com\\\/et\\\/tootmine\\\/kraanade-tootmine\\\/#breadcrumb\"},\"inLanguage\":\"et-ET\",\"potentialAction\":[{\"@type\":\"ReadAction\",\"target\":[\"https:\\\/\\\/cranbalt.com\\\/et\\\/tootmine\\\/kraanade-tootmine\\\/\"]}]},{\"@type\":\"BreadcrumbList\",\"@id\":\"https:\\\/\\\/cranbalt.com\\\/et\\\/tootmine\\\/kraanade-tootmine\\\/#breadcrumb\",\"itemListElement\":[{\"@type\":\"ListItem\",\"position\":1,\"name\":\"Home\",\"item\":\"https:\\\/\\\/cranbalt.com\\\/et\\\/\"},{\"@type\":\"ListItem\",\"position\":2,\"name\":\"Tootmine\",\"item\":\"https:\\\/\\\/cranbalt.com\\\/et\\\/tootmine\\\/\"},{\"@type\":\"ListItem\",\"position\":3,\"name\":\"Kraanade tootmine\"}]},{\"@type\":\"WebSite\",\"@id\":\"https:\\\/\\\/cranbalt.com\\\/lt\\\/#website\",\"url\":\"https:\\\/\\\/cranbalt.com\\\/lt\\\/\",\"name\":\"Cranbalt\",\"description\":\"\",\"inLanguage\":\"et-ET\"}]}<\/script>\n<!-- \/ Yoast SEO plugin. -->","yoast_head_json":{"title":"Sildkraanad & t\u00f6\u00f6stuskraanad | CranBalt","description":"Parimad kvaliteetsed sildkraanad ja t\u00f6\u00f6stuskraanad leiad siit. Rendi sobiv t\u00f6\u00f6stuskraana CranBaltist.","robots":{"index":"index","follow":"follow","max-snippet":"max-snippet:-1","max-image-preview":"max-image-preview:large","max-video-preview":"max-video-preview:-1"},"canonical":"https:\/\/cranbalt.com\/et\/tootmine\/kraanade-tootmine\/","schema":{"@context":"https:\/\/schema.org","@graph":[{"@type":"WebPage","@id":"https:\/\/cranbalt.com\/et\/tootmine\/kraanade-tootmine\/","url":"https:\/\/cranbalt.com\/et\/tootmine\/kraanade-tootmine\/","name":"Sildkraanad & t\u00f6\u00f6stuskraanad | CranBalt","isPartOf":{"@id":"https:\/\/cranbalt.com\/lt\/#website"},"datePublished":"2017-12-12T14:46:31+00:00","dateModified":"2018-12-28T10:17:50+00:00","description":"Parimad kvaliteetsed sildkraanad ja t\u00f6\u00f6stuskraanad leiad siit. Rendi sobiv t\u00f6\u00f6stuskraana CranBaltist.","breadcrumb":{"@id":"https:\/\/cranbalt.com\/et\/tootmine\/kraanade-tootmine\/#breadcrumb"},"inLanguage":"et-ET","potentialAction":[{"@type":"ReadAction","target":["https:\/\/cranbalt.com\/et\/tootmine\/kraanade-tootmine\/"]}]},{"@type":"BreadcrumbList","@id":"https:\/\/cranbalt.com\/et\/tootmine\/kraanade-tootmine\/#breadcrumb","itemListElement":[{"@type":"ListItem","position":1,"name":"Home","item":"https:\/\/cranbalt.com\/et\/"},{"@type":"ListItem","position":2,"name":"Tootmine","item":"https:\/\/cranbalt.com\/et\/tootmine\/"},{"@type":"ListItem","position":3,"name":"Kraanade tootmine"}]},{"@type":"WebSite","@id":"https:\/\/cranbalt.com\/lt\/#website","url":"https:\/\/cranbalt.com\/lt\/","name":"Cranbalt","description":"","inLanguage":"et-ET"}]}},"_links":{"self":[{"href":"https:\/\/cranbalt.com\/et\/wp-json\/wp\/v2\/pages\/3415","targetHints":{"allow":["GET"]}}],"collection":[{"href":"https:\/\/cranbalt.com\/et\/wp-json\/wp\/v2\/pages"}],"about":[{"href":"https:\/\/cranbalt.com\/et\/wp-json\/wp\/v2\/types\/page"}],"author":[{"embeddable":true,"href":"https:\/\/cranbalt.com\/et\/wp-json\/wp\/v2\/users\/1"}],"replies":[{"embeddable":true,"href":"https:\/\/cranbalt.com\/et\/wp-json\/wp\/v2\/comments?post=3415"}],"version-history":[{"count":4,"href":"https:\/\/cranbalt.com\/et\/wp-json\/wp\/v2\/pages\/3415\/revisions"}],"predecessor-version":[{"id":3678,"href":"https:\/\/cranbalt.com\/et\/wp-json\/wp\/v2\/pages\/3415\/revisions\/3678"}],"up":[{"embeddable":true,"href":"https:\/\/cranbalt.com\/et\/wp-json\/wp\/v2\/pages\/3347"}],"wp:attachment":[{"href":"https:\/\/cranbalt.com\/et\/wp-json\/wp\/v2\/media?parent=3415"}],"curies":[{"name":"wp","href":"https:\/\/api.w.org\/{rel}","templated":true}]}}