{"id":3365,"date":"2017-12-18T12:10:56","date_gmt":"2017-12-18T12:10:56","guid":{"rendered":"http:\/\/cranbalt.com\/completed-projects\/"},"modified":"2018-12-28T17:26:06","modified_gmt":"2018-12-28T15:26:06","slug":"ulevaatlik-pilt-kaimasolevast-projektist","status":"publish","type":"page","link":"https:\/\/cranbalt.com\/et\/ulevaatlik-pilt-kaimasolevast-projektist\/","title":{"rendered":"\u00dclevaatlik pilt k\u00e4imasolevast projektist"},"content":{"rendered":"","protected":false},"excerpt":{"rendered":"","protected":false},"author":2,"featured_media":0,"parent":0,"menu_order":65,"comment_status":"closed","ping_status":"closed","template":"templates\/portfolio.php","meta":{"_acf_changed":false,"om_disable_all_campaigns":false,"inline_featured_image":false,"_monsterinsights_skip_tracking":false,"_monsterinsights_sitenote_active":false,"_monsterinsights_sitenote_note":"","_monsterinsights_sitenote_category":0,"footnotes":""},"class_list":["post-3365","page","type-page","status-publish","hentry"],"acf":[],"yoast_head":"<!-- This site is optimized with the Yoast SEO plugin v27.3 - https:\/\/yoast.com\/product\/yoast-seo-wordpress\/ -->\n<title>\u00dclevaatlik pilt k\u00e4imasolevast projektist - Cranbalt<\/title>\n<meta name=\"description\" content=\"2017-12-18 - \u00dclevaatlik pilt k\u00e4imasolevast projektist -\" \/>\n<meta name=\"robots\" content=\"index, follow, max-snippet:-1, max-image-preview:large, max-video-preview:-1\" \/>\n<link rel=\"canonical\" href=\"https:\/\/cranbalt.com\/et\/ulevaatlik-pilt-kaimasolevast-projektist\/\" \/>\n<script type=\"application\/ld+json\" class=\"yoast-schema-graph\">{\"@context\":\"https:\\\/\\\/schema.org\",\"@graph\":[{\"@type\":\"WebPage\",\"@id\":\"https:\\\/\\\/cranbalt.com\\\/et\\\/ulevaatlik-pilt-kaimasolevast-projektist\\\/\",\"url\":\"https:\\\/\\\/cranbalt.com\\\/et\\\/ulevaatlik-pilt-kaimasolevast-projektist\\\/\",\"name\":\"\u00dclevaatlik pilt k\u00e4imasolevast projektist - Cranbalt\",\"isPartOf\":{\"@id\":\"https:\\\/\\\/cranbalt.com\\\/lt\\\/#website\"},\"datePublished\":\"2017-12-18T12:10:56+00:00\",\"dateModified\":\"2018-12-28T15:26:06+00:00\",\"description\":\"2017-12-18 - \u00dclevaatlik pilt k\u00e4imasolevast projektist -\",\"breadcrumb\":{\"@id\":\"https:\\\/\\\/cranbalt.com\\\/et\\\/ulevaatlik-pilt-kaimasolevast-projektist\\\/#breadcrumb\"},\"inLanguage\":\"et-ET\",\"potentialAction\":[{\"@type\":\"ReadAction\",\"target\":[\"https:\\\/\\\/cranbalt.com\\\/et\\\/ulevaatlik-pilt-kaimasolevast-projektist\\\/\"]}]},{\"@type\":\"BreadcrumbList\",\"@id\":\"https:\\\/\\\/cranbalt.com\\\/et\\\/ulevaatlik-pilt-kaimasolevast-projektist\\\/#breadcrumb\",\"itemListElement\":[{\"@type\":\"ListItem\",\"position\":1,\"name\":\"Home\",\"item\":\"https:\\\/\\\/cranbalt.com\\\/et\\\/\"},{\"@type\":\"ListItem\",\"position\":2,\"name\":\"\u00dclevaatlik pilt k\u00e4imasolevast projektist\"}]},{\"@type\":\"WebSite\",\"@id\":\"https:\\\/\\\/cranbalt.com\\\/lt\\\/#website\",\"url\":\"https:\\\/\\\/cranbalt.com\\\/lt\\\/\",\"name\":\"Cranbalt\",\"description\":\"\",\"inLanguage\":\"et-ET\"}]}<\/script>\n<!-- \/ Yoast SEO plugin. -->","yoast_head_json":{"title":"\u00dclevaatlik pilt k\u00e4imasolevast projektist - Cranbalt","description":"2017-12-18 - \u00dclevaatlik pilt k\u00e4imasolevast projektist -","robots":{"index":"index","follow":"follow","max-snippet":"max-snippet:-1","max-image-preview":"max-image-preview:large","max-video-preview":"max-video-preview:-1"},"canonical":"https:\/\/cranbalt.com\/et\/ulevaatlik-pilt-kaimasolevast-projektist\/","schema":{"@context":"https:\/\/schema.org","@graph":[{"@type":"WebPage","@id":"https:\/\/cranbalt.com\/et\/ulevaatlik-pilt-kaimasolevast-projektist\/","url":"https:\/\/cranbalt.com\/et\/ulevaatlik-pilt-kaimasolevast-projektist\/","name":"\u00dclevaatlik pilt k\u00e4imasolevast projektist - Cranbalt","isPartOf":{"@id":"https:\/\/cranbalt.com\/lt\/#website"},"datePublished":"2017-12-18T12:10:56+00:00","dateModified":"2018-12-28T15:26:06+00:00","description":"2017-12-18 - \u00dclevaatlik pilt k\u00e4imasolevast projektist -","breadcrumb":{"@id":"https:\/\/cranbalt.com\/et\/ulevaatlik-pilt-kaimasolevast-projektist\/#breadcrumb"},"inLanguage":"et-ET","potentialAction":[{"@type":"ReadAction","target":["https:\/\/cranbalt.com\/et\/ulevaatlik-pilt-kaimasolevast-projektist\/"]}]},{"@type":"BreadcrumbList","@id":"https:\/\/cranbalt.com\/et\/ulevaatlik-pilt-kaimasolevast-projektist\/#breadcrumb","itemListElement":[{"@type":"ListItem","position":1,"name":"Home","item":"https:\/\/cranbalt.com\/et\/"},{"@type":"ListItem","position":2,"name":"\u00dclevaatlik pilt k\u00e4imasolevast projektist"}]},{"@type":"WebSite","@id":"https:\/\/cranbalt.com\/lt\/#website","url":"https:\/\/cranbalt.com\/lt\/","name":"Cranbalt","description":"","inLanguage":"et-ET"}]}},"_links":{"self":[{"href":"https:\/\/cranbalt.com\/et\/wp-json\/wp\/v2\/pages\/3365","targetHints":{"allow":["GET"]}}],"collection":[{"href":"https:\/\/cranbalt.com\/et\/wp-json\/wp\/v2\/pages"}],"about":[{"href":"https:\/\/cranbalt.com\/et\/wp-json\/wp\/v2\/types\/page"}],"author":[{"embeddable":true,"href":"https:\/\/cranbalt.com\/et\/wp-json\/wp\/v2\/users\/2"}],"replies":[{"embeddable":true,"href":"https:\/\/cranbalt.com\/et\/wp-json\/wp\/v2\/comments?post=3365"}],"version-history":[{"count":3,"href":"https:\/\/cranbalt.com\/et\/wp-json\/wp\/v2\/pages\/3365\/revisions"}],"predecessor-version":[{"id":3699,"href":"https:\/\/cranbalt.com\/et\/wp-json\/wp\/v2\/pages\/3365\/revisions\/3699"}],"wp:attachment":[{"href":"https:\/\/cranbalt.com\/et\/wp-json\/wp\/v2\/media?parent=3365"}],"curies":[{"name":"wp","href":"https:\/\/api.w.org\/{rel}","templated":true}]}}